{"id":29518,"date":"2023-10-04T16:32:41","date_gmt":"2023-10-04T16:32:41","guid":{"rendered":"https:\/\/japan-collector.com\/?page_id=29518"},"modified":"2023-10-28T17:01:05","modified_gmt":"2023-10-28T17:01:05","slug":"my-account","status":"publish","type":"page","link":"https:\/\/japan-collector.com\/de\/mein-konto\/","title":{"rendered":"Mein Konto"},"content":{"rendered":"\t\t<div data-elementor-type=\"wp-page\" data-elementor-id=\"29518\" class=\"elementor elementor-29518\">\n\t\t\t\t\t\t<section class=\"elementor-section elementor-top-section elementor-element elementor-element-63c0cfb elementor-section-boxed elementor-section-height-default elementor-section-height-default\" data-id=\"63c0cfb\" data-element_type=\"section\" data-e-type=\"section\">\n\t\t\t\t\t\t<div class=\"elementor-container elementor-column-gap-default\">\n\t\t\t\t\t<div class=\"elementor-column elementor-col-100 elementor-top-column elementor-element elementor-element-4f193c5\" data-id=\"4f193c5\" data-element_type=\"column\" data-e-type=\"column\">\n\t\t\t<div class=\"elementor-widget-wrap elementor-element-populated\">\n\t\t\t\t\t\t<div class=\"elementor-element elementor-element-6d53952 elementor-widget elementor-widget-spacer\" data-id=\"6d53952\" data-element_type=\"widget\" data-e-type=\"widget\" data-widget_type=\"spacer.default\">\n\t\t\t\t<div class=\"elementor-widget-container\">\n\t\t\t\t\t\t\t<div class=\"elementor-spacer\">\n\t\t\t<div class=\"elementor-spacer-inner\"><\/div>\n\t\t<\/div>\n\t\t\t\t\t\t<\/div>\n\t\t\t\t<\/div>\n\t\t\t\t<div class=\"elementor-element elementor-element-655b389 premium-post-ticker__layout-1 pa-infinite-ticker-yes elementor-widget elementor-widget-premium-post-ticker\" data-id=\"655b389\" data-element_type=\"widget\" data-e-type=\"widget\" data-widget_type=\"premium-post-ticker.default\">\n\t\t\t\t<div class=\"elementor-widget-container\">\n\t\t\t\t\t\t\t\t<div class=\"premium-post-ticker__outer-wrapper premium-post-ticker__hidden \" data-ticker-settings=\"{&quot;layout&quot;:&quot;layout-1&quot;,&quot;typing&quot;:false,&quot;fade&quot;:false,&quot;arrows&quot;:false,&quot;infinite&quot;:true,&quot;autoPlay&quot;:true,&quot;vertical&quot;:false,&quot;speed&quot;:8000,&quot;slidesToShow&quot;:null,&quot;pauseOnHover&quot;:true,&quot;animation&quot;:&quot;&quot;,&quot;shouldBeRtl&quot;:false,&quot;autoplaySpeed&quot;:null}\">\n\t\t\t\t\t\t\t\t\t\n\t\t\t\t\t<div class=\"premium-post-ticker__content\">\n\t\t\t\t\t\t\t\t<div class=\"premium-post-ticker__title-wrapper elementor-hidden-tablet elementor-hidden-mobile premium-addons-element\">\n\t\t\t\n\t\t\t<h4 class=\"premium-post-ticker__title\"> NEWS <\/h4>\n\t\t<\/div>\n\t\t\n\t\t\t\t\t\t<div dir=\"ltr\" class=\"premium-post-ticker__posts-wrapper\">\n\t\t\t\t\t\t\t\n\t\t<div class=\"premium-post-ticker__post-wrapper animated \">\n\n\t\t\t\n\t\t\t\n\t\t\t<div>\n\t\t\t\t<h4 class=\"premium-post-ticker__post-title\">\n\t\t\t\t\t<a href=\"https:\/\/japan-collector.com\/de\/2023\/10\/28\/elementor-31072\/\" target=\"_blank\">\n\t\t\t\t\t\tD\u00e9couvrez la nouvelle s\u00e9rie Pok\u00e9mon 151:\t\t\t\t\t<\/a>\n\t\t\t\t<\/h4>\n\t\t\t<\/div>\n\n\t\t\t\t\t\t\t<div>\n\t\t\t\t\t<span class=\"premium-post-ticker__post-date\">\n\t\t\t\t\t\t<span>28 Oktober 2023<\/span>\n\t\t\t\t\t<\/span>\n\t\t\t\t<\/div>\n\t\t\t\n\t\t\t\t\t\t\t<div class=\"premium-post-ticker__separator\"><\/div>\n\t\t\t\n\t\t<\/div>\n\n\t\t\n\t\t<div class=\"premium-post-ticker__post-wrapper animated \">\n\n\t\t\t\n\t\t\t\n\t\t\t<div>\n\t\t\t\t<h4 class=\"premium-post-ticker__post-title\">\n\t\t\t\t\t<a href=\"https:\/\/japan-collector.com\/de\/2023\/10\/05\/wie-man-seine-pokemon-karten-2023-verkauft\/\" target=\"_blank\">\n\t\t\t\t\t\tComment Vendre ses cartes pok\u00e9mon &#8211; 2023\t\t\t\t\t<\/a>\n\t\t\t\t<\/h4>\n\t\t\t<\/div>\n\n\t\t\t\t\t\t\t<div>\n\t\t\t\t\t<span class=\"premium-post-ticker__post-date\">\n\t\t\t\t\t\t<span>5 Oktober 2023<\/span>\n\t\t\t\t\t<\/span>\n\t\t\t\t<\/div>\n\t\t\t\n\t\t\t\t\t\t\t<div class=\"premium-post-ticker__separator\"><\/div>\n\t\t\t\n\t\t<\/div>\n\n\t\t\n\t\t<div class=\"premium-post-ticker__post-wrapper animated \">\n\n\t\t\t\n\t\t\t\n\t\t\t<div>\n\t\t\t\t<h4 class=\"premium-post-ticker__post-title\">\n\t\t\t\t\t<a href=\"https:\/\/japan-collector.com\/de\/2023\/10\/04\/wie-man-mit-der-kartensammlung-beginnt\/\" target=\"_blank\">\n\t\t\t\t\t\tComment commencer une collection de Cartes?\t\t\t\t\t<\/a>\n\t\t\t\t<\/h4>\n\t\t\t<\/div>\n\n\t\t\t\t\t\t\t<div>\n\t\t\t\t\t<span class=\"premium-post-ticker__post-date\">\n\t\t\t\t\t\t<span>4 Oktober 2023<\/span>\n\t\t\t\t\t<\/span>\n\t\t\t\t<\/div>\n\t\t\t\n\t\t\t\t\t\t\t<div class=\"premium-post-ticker__separator\"><\/div>\n\t\t\t\n\t\t<\/div>\n\n\t\t\n\t\t<div class=\"premium-post-ticker__post-wrapper animated \">\n\n\t\t\t\n\t\t\t\n\t\t\t<div>\n\t\t\t\t<h4 class=\"premium-post-ticker__post-title\">\n\t\t\t\t\t<a href=\"https:\/\/japan-collector.com\/de\/2023\/10\/04\/seine-tcg-sammlung-schutzen\/\" target=\"_blank\">\n\t\t\t\t\t\tComment prot\u00e9ger et ranger sa collection ?\t\t\t\t\t<\/a>\n\t\t\t\t<\/h4>\n\t\t\t<\/div>\n\n\t\t\t\t\t\t\t<div>\n\t\t\t\t\t<span class=\"premium-post-ticker__post-date\">\n\t\t\t\t\t\t<span>4 Oktober 2023<\/span>\n\t\t\t\t\t<\/span>\n\t\t\t\t<\/div>\n\t\t\t\n\t\t\t\t\t\t\t<div class=\"premium-post-ticker__separator\"><\/div>\n\t\t\t\n\t\t<\/div>\n\n\t\t\t\t\t\t\t\t<\/div>\n\n\t\t\t\t\t\t\t\t\t\t\t<\/div>\n\t\t\t\t\t\t\t<\/div>\n\t\t\t\t\t\t<\/div>\n\t\t\t\t<\/div>\n\t\t\t\t\t<\/div>\n\t\t<\/div>\n\t\t\t\t\t<\/div>\n\t\t<\/section>\n\t\t\t\t<section class=\"elementor-section elementor-top-section elementor-element elementor-element-bba84d0 elementor-section-boxed elementor-section-height-default elementor-section-height-default\" data-id=\"bba84d0\" data-element_type=\"section\" data-e-type=\"section\">\n\t\t\t\t\t\t<div class=\"elementor-container elementor-column-gap-default\">\n\t\t\t\t\t<div class=\"elementor-column elementor-col-100 elementor-top-column elementor-element elementor-element-e36b115\" data-id=\"e36b115\" data-element_type=\"column\" data-e-type=\"column\">\n\t\t\t<div class=\"elementor-widget-wrap elementor-element-populated\">\n\t\t\t\t\t\t<div class=\"elementor-element elementor-element-40b0383 e-my-account-tabs-vertical elementor-widget elementor-widget-woocommerce-my-account\" data-id=\"40b0383\" data-element_type=\"widget\" data-e-type=\"widget\" data-widget_type=\"woocommerce-my-account.default\">\n\t\t\t\t<div class=\"elementor-widget-container\">\n\t\t\t\t\t\t\t<div class=\"e-my-account-tab e-my-account-tab__\">\n\t\t\t<span class=\"elementor-hidden\">[woocommerce_my_account]<\/span>\n\t\t\t<div class=\"woocommerce\"><\/div>\t\t<\/div>\n\t\t\t\t\t\t<\/div>\n\t\t\t\t<\/div>\n\t\t\t\t\t<\/div>\n\t\t<\/div>\n\t\t\t\t\t<\/div>\n\t\t<\/section>\n\t\t\t\t<section class=\"elementor-section elementor-top-section elementor-element elementor-element-4438aae elementor-section-boxed elementor-section-height-default elementor-section-height-default\" data-id=\"4438aae\" data-element_type=\"section\" data-e-type=\"section\">\n\t\t\t\t\t\t<div class=\"elementor-container elementor-column-gap-default\">\n\t\t\t\t\t<div class=\"elementor-column elementor-col-100 elementor-top-column elementor-element elementor-element-b822c2e\" data-id=\"b822c2e\" data-element_type=\"column\" data-e-type=\"column\">\n\t\t\t<div class=\"elementor-widget-wrap elementor-element-populated\">\n\t\t\t\t\t\t<div class=\"elementor-element elementor-element-348362b elementor-widget elementor-widget-spacer\" data-id=\"348362b\" data-element_type=\"widget\" data-e-type=\"widget\" data-widget_type=\"spacer.default\">\n\t\t\t\t<div class=\"elementor-widget-container\">\n\t\t\t\t\t\t\t<div class=\"elementor-spacer\">\n\t\t\t<div class=\"elementor-spacer-inner\"><\/div>\n\t\t<\/div>\n\t\t\t\t\t\t<\/div>\n\t\t\t\t<\/div>\n\t\t\t\t\t<\/div>\n\t\t<\/div>\n\t\t\t\t\t<\/div>\n\t\t<\/section>\n\t\t\t\t<\/div>\n\t\t","protected":false},"excerpt":{"rendered":"<p>NEWS Comment Vendre ses cartes pok\u00e9mon &#8211; 2023 5 octobre 2023 Comment commencer une collection de Cartes? 4 octobre 2023 Comment prot\u00e9ger et ranger sa collection ? 4 octobre 2023 Mon compte Commandes T\u00e9l\u00e9chargement Adresses D\u00e9tails du Compte Nouveau Ticket au Support Mes Tickets de Support My Wallet D\u00e9connexion Bonjour Matjapan (vous n\u2019\u00eates pas Matjapan\u00a0? [&hellip;]<\/p>\n","protected":false},"author":38,"featured_media":0,"parent":0,"menu_order":0,"comment_status":"closed","ping_status":"closed","template":"","meta":{"footnotes":""},"class_list":["post-29518","page","type-page","status-publish","hentry"],"acf":[],"yoast_head":"<!-- This site is optimized with the Yoast SEO plugin v27.4 - https:\/\/yoast.com\/product\/yoast-seo-wordpress\/ -->\n<title>Mon compte - Japan Collector | Boutique Pok\u00e9mon &amp; TCG<\/title>\n<meta name=\"robots\" content=\"index, follow, max-snippet:-1, max-image-preview:large, max-video-preview:-1\" \/>\n<link rel=\"canonical\" href=\"https:\/\/japan-collector.com\/de\/mein-konto\/\" \/>\n<meta property=\"og:locale\" content=\"de_DE\" \/>\n<meta property=\"og:type\" content=\"article\" \/>\n<meta property=\"og:title\" content=\"Mon compte - Japan Collector | Boutique Pok\u00e9mon &amp; TCG\" \/>\n<meta property=\"og:description\" content=\"NEWS Comment Vendre ses cartes pok\u00e9mon &#8211; 2023 5 octobre 2023 Comment commencer une collection de Cartes? 4 octobre 2023 Comment prot\u00e9ger et ranger sa collection ? 4 octobre 2023 Mon compte Commandes T\u00e9l\u00e9chargement Adresses D\u00e9tails du Compte Nouveau Ticket au Support Mes Tickets de Support My Wallet D\u00e9connexion Bonjour Matjapan (vous n\u2019\u00eates pas Matjapan\u00a0? [&hellip;]\" \/>\n<meta property=\"og:url\" content=\"https:\/\/japan-collector.com\/de\/mein-konto\/\" \/>\n<meta property=\"og:site_name\" content=\"Japan Collector | Boutique Pok\u00e9mon &amp; TCG\" \/>\n<meta property=\"article:publisher\" content=\"https:\/\/www.facebook.com\/japan.collector\" \/>\n<meta property=\"article:modified_time\" content=\"2023-10-28T17:01:05+00:00\" \/>\n<meta name=\"twitter:card\" content=\"summary_large_image\" \/>\n<meta name=\"twitter:label1\" content=\"Gesch\u00e4tzte Lesezeit\" \/>\n\t<meta name=\"twitter:data1\" content=\"2 Minuten\" \/>\n<script type=\"application\/ld+json\" class=\"yoast-schema-graph\">{\"@context\":\"https:\\\/\\\/schema.org\",\"@graph\":[{\"@type\":\"WebPage\",\"@id\":\"https:\\\/\\\/japan-collector.com\\\/my-account\\\/\",\"url\":\"https:\\\/\\\/japan-collector.com\\\/my-account\\\/\",\"name\":\"Mon compte - Japan Collector | Boutique Pok\u00e9mon &amp; TCG\",\"isPartOf\":{\"@id\":\"https:\\\/\\\/japan-collector.com\\\/#website\"},\"datePublished\":\"2023-10-04T16:32:41+00:00\",\"dateModified\":\"2023-10-28T17:01:05+00:00\",\"breadcrumb\":{\"@id\":\"https:\\\/\\\/japan-collector.com\\\/my-account\\\/#breadcrumb\"},\"inLanguage\":\"de-DE\",\"potentialAction\":[{\"@type\":\"ReadAction\",\"target\":[\"https:\\\/\\\/japan-collector.com\\\/my-account\\\/\"]}]},{\"@type\":\"BreadcrumbList\",\"@id\":\"https:\\\/\\\/japan-collector.com\\\/my-account\\\/#breadcrumb\",\"itemListElement\":[{\"@type\":\"ListItem\",\"position\":1,\"name\":\"Accueil\",\"item\":\"https:\\\/\\\/japan-collector.com\\\/\"},{\"@type\":\"ListItem\",\"position\":2,\"name\":\"Mon compte\"}]},{\"@type\":\"WebSite\",\"@id\":\"https:\\\/\\\/japan-collector.com\\\/#website\",\"url\":\"https:\\\/\\\/japan-collector.com\\\/\",\"name\":\"Japan Collector | Boutique Pok\u00e9mon &amp; TCG\",\"description\":\"L&#039;essence du Japon, livr\u00e9e \u00e0 votre porte.\",\"publisher\":{\"@id\":\"https:\\\/\\\/japan-collector.com\\\/#organization\"},\"potentialAction\":[{\"@type\":\"SearchAction\",\"target\":{\"@type\":\"EntryPoint\",\"urlTemplate\":\"https:\\\/\\\/japan-collector.com\\\/?s={search_term_string}\"},\"query-input\":{\"@type\":\"PropertyValueSpecification\",\"valueRequired\":true,\"valueName\":\"search_term_string\"}}],\"inLanguage\":\"de-DE\"},{\"@type\":\"Organization\",\"@id\":\"https:\\\/\\\/japan-collector.com\\\/#organization\",\"name\":\"Japan Collector\",\"url\":\"https:\\\/\\\/japan-collector.com\\\/\",\"logo\":{\"@type\":\"ImageObject\",\"inLanguage\":\"de-DE\",\"@id\":\"https:\\\/\\\/japan-collector.com\\\/#\\\/schema\\\/logo\\\/image\\\/\",\"url\":\"https:\\\/\\\/japan-collector.com\\\/wp-content\\\/uploads\\\/2023\\\/10\\\/Capture_d_ecran_2022-12-19_a_18.32.10-removebg-preview.png\",\"contentUrl\":\"https:\\\/\\\/japan-collector.com\\\/wp-content\\\/uploads\\\/2023\\\/10\\\/Capture_d_ecran_2022-12-19_a_18.32.10-removebg-preview.png\",\"width\":389,\"height\":139,\"caption\":\"Japan Collector\"},\"image\":{\"@id\":\"https:\\\/\\\/japan-collector.com\\\/#\\\/schema\\\/logo\\\/image\\\/\"},\"sameAs\":[\"https:\\\/\\\/www.facebook.com\\\/japan.collector\",\"https:\\\/\\\/www.instagram.com\\\/japan.collector\\\/\"]}]}<\/script>\n<!-- \/ Yoast SEO plugin. -->","yoast_head_json":{"title":"Mein Konto - Japan Collector | Pok\u00e9mon &amp; TCG Shop","robots":{"index":"index","follow":"follow","max-snippet":"max-snippet:-1","max-image-preview":"max-image-preview:large","max-video-preview":"max-video-preview:-1"},"canonical":"https:\/\/japan-collector.com\/de\/mein-konto\/","og_locale":"de_DE","og_type":"article","og_title":"Mon compte - Japan Collector | Boutique Pok\u00e9mon &amp; TCG","og_description":"NEWS Comment Vendre ses cartes pok\u00e9mon &#8211; 2023 5 octobre 2023 Comment commencer une collection de Cartes? 4 octobre 2023 Comment prot\u00e9ger et ranger sa collection ? 4 octobre 2023 Mon compte Commandes T\u00e9l\u00e9chargement Adresses D\u00e9tails du Compte Nouveau Ticket au Support Mes Tickets de Support My Wallet D\u00e9connexion Bonjour Matjapan (vous n\u2019\u00eates pas Matjapan\u00a0? [&hellip;]","og_url":"https:\/\/japan-collector.com\/de\/mein-konto\/","og_site_name":"Japan Collector | Boutique Pok\u00e9mon &amp; TCG","article_publisher":"https:\/\/www.facebook.com\/japan.collector","article_modified_time":"2023-10-28T17:01:05+00:00","twitter_card":"summary_large_image","twitter_misc":{"Gesch\u00e4tzte Lesezeit":"2 Minuten"},"schema":{"@context":"https:\/\/schema.org","@graph":[{"@type":"WebPage","@id":"https:\/\/japan-collector.com\/my-account\/","url":"https:\/\/japan-collector.com\/my-account\/","name":"Mein Konto - Japan Collector | Pok\u00e9mon &amp; TCG Shop","isPartOf":{"@id":"https:\/\/japan-collector.com\/#website"},"datePublished":"2023-10-04T16:32:41+00:00","dateModified":"2023-10-28T17:01:05+00:00","breadcrumb":{"@id":"https:\/\/japan-collector.com\/my-account\/#breadcrumb"},"inLanguage":"de-DE","potentialAction":[{"@type":"ReadAction","target":["https:\/\/japan-collector.com\/my-account\/"]}]},{"@type":"BreadcrumbList","@id":"https:\/\/japan-collector.com\/my-account\/#breadcrumb","itemListElement":[{"@type":"ListItem","position":1,"name":"Accueil","item":"https:\/\/japan-collector.com\/"},{"@type":"ListItem","position":2,"name":"Mon compte"}]},{"@type":"WebSite","@id":"https:\/\/japan-collector.com\/#website","url":"https:\/\/japan-collector.com\/","name":"Japan Collector | Pok\u00e9mon &amp; TCG Shop","description":"L&#039;Benzin aus Japan, das an Ihre Haust\u00fcr geliefert wird.","publisher":{"@id":"https:\/\/japan-collector.com\/#organization"},"potentialAction":[{"@type":"SearchAction","target":{"@type":"EntryPoint","urlTemplate":"https:\/\/japan-collector.com\/?s={search_term_string}"},"query-input":{"@type":"PropertyValueSpecification","valueRequired":true,"valueName":"search_term_string"}}],"inLanguage":"de-DE"},{"@type":"Organization","@id":"https:\/\/japan-collector.com\/#organization","name":"Japan Collector","url":"https:\/\/japan-collector.com\/","logo":{"@type":"ImageObject","inLanguage":"de-DE","@id":"https:\/\/japan-collector.com\/#\/schema\/logo\/image\/","url":"https:\/\/japan-collector.com\/wp-content\/uploads\/2023\/10\/Capture_d_ecran_2022-12-19_a_18.32.10-removebg-preview.png","contentUrl":"https:\/\/japan-collector.com\/wp-content\/uploads\/2023\/10\/Capture_d_ecran_2022-12-19_a_18.32.10-removebg-preview.png","width":389,"height":139,"caption":"Japan Collector"},"image":{"@id":"https:\/\/japan-collector.com\/#\/schema\/logo\/image\/"},"sameAs":["https:\/\/www.facebook.com\/japan.collector","https:\/\/www.instagram.com\/japan.collector\/"]}]}},"jetpack_sharing_enabled":true,"rttpg_featured_image_url":null,"rttpg_author":{"display_name":"Jaws","author_link":"https:\/\/japan-collector.com\/de\/author\/jawsjapancollector\/"},"rttpg_comment":0,"rttpg_category":"","rttpg_excerpt":"NEWS Comment Vendre ses cartes pok\u00e9mon &#8211; 2023 5 octobre 2023 Comment commencer une collection de Cartes? 4 octobre 2023 Comment prot\u00e9ger et ranger sa collection ? 4 octobre 2023 Mon compte Commandes T\u00e9l\u00e9chargement Adresses D\u00e9tails du Compte Nouveau Ticket au Support Mes Tickets de Support My Wallet D\u00e9connexion Bonjour Matjapan (vous n\u2019\u00eates pas Matjapan\u00a0?&hellip;","_links":{"self":[{"href":"https:\/\/japan-collector.com\/de\/wp-json\/wp\/v2\/pages\/29518","targetHints":{"allow":["GET"]}}],"collection":[{"href":"https:\/\/japan-collector.com\/de\/wp-json\/wp\/v2\/pages"}],"about":[{"href":"https:\/\/japan-collector.com\/de\/wp-json\/wp\/v2\/types\/page"}],"author":[{"embeddable":true,"href":"https:\/\/japan-collector.com\/de\/wp-json\/wp\/v2\/users\/38"}],"replies":[{"embeddable":true,"href":"https:\/\/japan-collector.com\/de\/wp-json\/wp\/v2\/comments?post=29518"}],"version-history":[{"count":0,"href":"https:\/\/japan-collector.com\/de\/wp-json\/wp\/v2\/pages\/29518\/revisions"}],"wp:attachment":[{"href":"https:\/\/japan-collector.com\/de\/wp-json\/wp\/v2\/media?parent=29518"}],"curies":[{"name":"wp","href":"https:\/\/api.w.org\/{rel}","templated":true}]}}