{"id":10477,"date":"2022-12-11T12:45:09","date_gmt":"2022-12-11T12:45:09","guid":{"rendered":"https:\/\/japan-collector.com\/?post_type=product&#038;p=10477"},"modified":"2024-10-18T17:57:51","modified_gmt":"2024-10-18T17:57:51","slug":"display-violet-ex-sv1v","status":"publish","type":"product","link":"https:\/\/japan-collector.com\/de\/product\/violettes-display-ex-sv1v\/","title":{"rendered":"Display Violet EX [SV1V]"},"content":{"rendered":"<h3>Bestelle die erste Serie des Violett- &amp; Scharlachroten Blocks! Die R\u00fcckkehr der Pok\u00e9mon EX-Karten!<br \/>\nVIOLETT EX SV1V Booster Box bei Japan Collector mit schneller Lieferung erh\u00e4ltlich!<\/h3>\n<ul>\n<li>Offizielles Ver\u00f6ffentlichungsdatum in Japan: 20.01.2023<\/li>\n<li>Schachtel mit 30 Boostern<\/li>\n<li>Booster mit 5 Karten<\/li>\n<li>Erm\u00e4\u00dfigung auf die Menge<\/li>\n<li>Lieferung innerhalb von 2 Werktagen mit Collissimo oder 3 bis 4 Tagen mit Mondial Relay<\/li>\n<li>Aus Frankreich versandt<\/li>\n<li>Bestellen Sie auch die Boosterbox :\u00a0<a href=\"https:\/\/japan-collector.com\/de\/product\/display-scarlet-ex-sv1s\/\">SCARLET EX SV1S, die neue Zwillingsserie von SCARLET EX\u00a0<\/a><\/li>\n<li>Nutzen Sie Ihre Bestellung f\u00fcr <a href=\"https:\/\/japan-collector.com\/de\/product-category\/accesoires\/\">zubeh\u00f6r<\/a>, <a href=\"https:\/\/japan-collector.com\/de\/product\/100-sleeves-ultra-pro\/\">weiche Sleeves zum Schutz<\/a>, <a href=\"https:\/\/japan-collector.com\/de\/product\/25-regular-toploaders-ultra-pro\/\">toploader regular ultra pro<\/a> usw.<\/li>\n<li>Finden Sie auch die\u00a0<a href=\"https:\/\/japan-collector.com\/de\/product\/booster-violet-ex-sv1v\/\">Booster a l'unit\u00e9 unsortiert\/ungewogen in unserem Shop in VIOLETT EX\u00a0<\/a>\n<div id=\"nasa-single-product-tabs\" class=\"product-details\">\n<div class=\"nasa-tabs-content woocommerce-tabs\">\n<div class=\"nasa-panels nasa-desc-wrap\">\n<div id=\"nasa-tab-description\" class=\"nasa-panel nasa-content-description active\">\n<div class=\"row\">\n<div class=\"large-12 columns nasa-content-panel\"><\/div>\n<\/div>\n<\/div>\n<\/div>\n<\/div>\n<\/div>\n<\/li>\n<\/ul>","protected":false},"excerpt":{"rendered":"<ul>\n<li>Schachtel mit 30 Boostern<\/li>\n<li>Booster mit 5 Karten<\/li>\n<li>Aus Frankreich versandt<\/li>\n<\/ul>","protected":false},"featured_media":29307,"template":"","meta":[],"product_brand":[],"product_cat":[234],"product_tag":[],"class_list":{"0":"post-10477","1":"product","2":"type-product","3":"status-publish","4":"has-post-thumbnail","6":"product_cat-display-pokemon-japonais","8":"first","9":"outofstock","10":"taxable","11":"shipping-taxable","12":"purchasable","13":"product-type-simple"},"acf":[],"yoast_head":"<!-- This site is optimized with the Yoast SEO plugin v27.3 - https:\/\/yoast.com\/product\/yoast-seo-wordpress\/ -->\n<title>Display Violet EX [SV1V] - Japan Collector | Boutique Pok\u00e9mon &amp; TCG<\/title>\n<meta name=\"description\" content=\"VIOLET EX SV1V, Display Pokemon Violet en Japonais, exp\u00e9di\u00e9 rapidement depuis la France sans frais cach\u00e9s chez Japan Collector\" \/>\n<meta name=\"robots\" content=\"index, follow, max-snippet:-1, max-image-preview:large, max-video-preview:-1\" \/>\n<link rel=\"canonical\" href=\"https:\/\/japan-collector.com\/de\/product\/violettes-display-ex-sv1v\/\" \/>\n<meta property=\"og:locale\" content=\"de_DE\" \/>\n<meta property=\"og:type\" content=\"article\" \/>\n<meta property=\"og:title\" content=\"Display Violet EX [SV1V] - Japan Collector | Boutique Pok\u00e9mon &amp; TCG\" \/>\n<meta property=\"og:description\" content=\"VIOLET EX SV1V, Display Pokemon Violet en Japonais, exp\u00e9di\u00e9 rapidement depuis la France sans frais cach\u00e9s chez Japan Collector\" \/>\n<meta property=\"og:url\" content=\"https:\/\/japan-collector.com\/de\/product\/violettes-display-ex-sv1v\/\" \/>\n<meta property=\"og:site_name\" content=\"Japan Collector | Boutique Pok\u00e9mon &amp; TCG\" \/>\n<meta property=\"article:publisher\" content=\"https:\/\/www.facebook.com\/japan.collector\" \/>\n<meta property=\"article:modified_time\" content=\"2024-10-18T17:57:51+00:00\" \/>\n<meta property=\"og:image\" content=\"https:\/\/japan-collector.com\/wp-content\/uploads\/2023\/10\/SV1V_resultat.webp\" \/>\n\t<meta property=\"og:image:width\" content=\"1080\" \/>\n\t<meta property=\"og:image:height\" content=\"1080\" \/>\n\t<meta property=\"og:image:type\" content=\"image\/webp\" \/>\n<meta name=\"twitter:card\" content=\"summary_large_image\" \/>\n<meta name=\"twitter:label1\" content=\"Gesch\u00e4tzte Lesezeit\" \/>\n\t<meta name=\"twitter:data1\" content=\"1 Minute\" \/>\n<script type=\"application\/ld+json\" class=\"yoast-schema-graph\">{\"@context\":\"https:\\\/\\\/schema.org\",\"@graph\":[{\"@type\":\"WebPage\",\"@id\":\"https:\\\/\\\/japan-collector.com\\\/product\\\/display-violet-ex-sv1v\\\/\",\"url\":\"https:\\\/\\\/japan-collector.com\\\/product\\\/display-violet-ex-sv1v\\\/\",\"name\":\"Display Violet EX [SV1V] - Japan Collector | Boutique Pok\u00e9mon &amp; TCG\",\"isPartOf\":{\"@id\":\"https:\\\/\\\/japan-collector.com\\\/#website\"},\"primaryImageOfPage\":{\"@id\":\"https:\\\/\\\/japan-collector.com\\\/product\\\/display-violet-ex-sv1v\\\/#primaryimage\"},\"image\":{\"@id\":\"https:\\\/\\\/japan-collector.com\\\/product\\\/display-violet-ex-sv1v\\\/#primaryimage\"},\"thumbnailUrl\":\"https:\\\/\\\/japan-collector.com\\\/wp-content\\\/uploads\\\/2023\\\/10\\\/SV1V_resultat.webp\",\"datePublished\":\"2022-12-11T12:45:09+00:00\",\"dateModified\":\"2024-10-18T17:57:51+00:00\",\"description\":\"VIOLET EX SV1V, Display Pokemon Violet en Japonais, exp\u00e9di\u00e9 rapidement depuis la France sans frais cach\u00e9s chez Japan Collector\",\"breadcrumb\":{\"@id\":\"https:\\\/\\\/japan-collector.com\\\/product\\\/display-violet-ex-sv1v\\\/#breadcrumb\"},\"inLanguage\":\"de-DE\",\"potentialAction\":[{\"@type\":\"ReadAction\",\"target\":[\"https:\\\/\\\/japan-collector.com\\\/product\\\/display-violet-ex-sv1v\\\/\"]}]},{\"@type\":\"ImageObject\",\"inLanguage\":\"de-DE\",\"@id\":\"https:\\\/\\\/japan-collector.com\\\/product\\\/display-violet-ex-sv1v\\\/#primaryimage\",\"url\":\"https:\\\/\\\/japan-collector.com\\\/wp-content\\\/uploads\\\/2023\\\/10\\\/SV1V_resultat.webp\",\"contentUrl\":\"https:\\\/\\\/japan-collector.com\\\/wp-content\\\/uploads\\\/2023\\\/10\\\/SV1V_resultat.webp\",\"width\":1080,\"height\":1080,\"caption\":\"BOOSTER DISPLAY POKEMON SCARLET EX VIOLET EX SV1V\"},{\"@type\":\"BreadcrumbList\",\"@id\":\"https:\\\/\\\/japan-collector.com\\\/product\\\/display-violet-ex-sv1v\\\/#breadcrumb\",\"itemListElement\":[{\"@type\":\"ListItem\",\"position\":1,\"name\":\"Accueil\",\"item\":\"https:\\\/\\\/japan-collector.com\\\/\"},{\"@type\":\"ListItem\",\"position\":2,\"name\":\"Produits\",\"item\":\"https:\\\/\\\/japan-collector.com\\\/shop\\\/\"},{\"@type\":\"ListItem\",\"position\":3,\"name\":\"Display Violet EX [SV1V]\"}]},{\"@type\":\"WebSite\",\"@id\":\"https:\\\/\\\/japan-collector.com\\\/#website\",\"url\":\"https:\\\/\\\/japan-collector.com\\\/\",\"name\":\"Japan Collector | Boutique Pok\u00e9mon &amp; TCG\",\"description\":\"L&#039;essence du Japon, livr\u00e9e \u00e0 votre porte.\",\"publisher\":{\"@id\":\"https:\\\/\\\/japan-collector.com\\\/#organization\"},\"potentialAction\":[{\"@type\":\"SearchAction\",\"target\":{\"@type\":\"EntryPoint\",\"urlTemplate\":\"https:\\\/\\\/japan-collector.com\\\/?s={search_term_string}\"},\"query-input\":{\"@type\":\"PropertyValueSpecification\",\"valueRequired\":true,\"valueName\":\"search_term_string\"}}],\"inLanguage\":\"de-DE\"},{\"@type\":\"Organization\",\"@id\":\"https:\\\/\\\/japan-collector.com\\\/#organization\",\"name\":\"Japan Collector\",\"url\":\"https:\\\/\\\/japan-collector.com\\\/\",\"logo\":{\"@type\":\"ImageObject\",\"inLanguage\":\"de-DE\",\"@id\":\"https:\\\/\\\/japan-collector.com\\\/#\\\/schema\\\/logo\\\/image\\\/\",\"url\":\"https:\\\/\\\/japan-collector.com\\\/wp-content\\\/uploads\\\/2023\\\/10\\\/Capture_d_ecran_2022-12-19_a_18.32.10-removebg-preview.png\",\"contentUrl\":\"https:\\\/\\\/japan-collector.com\\\/wp-content\\\/uploads\\\/2023\\\/10\\\/Capture_d_ecran_2022-12-19_a_18.32.10-removebg-preview.png\",\"width\":389,\"height\":139,\"caption\":\"Japan Collector\"},\"image\":{\"@id\":\"https:\\\/\\\/japan-collector.com\\\/#\\\/schema\\\/logo\\\/image\\\/\"},\"sameAs\":[\"https:\\\/\\\/www.facebook.com\\\/japan.collector\",\"https:\\\/\\\/www.instagram.com\\\/japan.collector\\\/\"]}]}<\/script>\n<!-- \/ Yoast SEO plugin. -->","yoast_head_json":{"title":"Display Violet EX [SV1V] - Japan Collector | Boutique Pok\u00e9mon &amp; TCG","description":"VIOLETT EX SV1V, Pokemon Violett Display auf Japanisch, schneller Versand aus Deutschland ohne versteckte Kosten bei Japan Collector","robots":{"index":"index","follow":"follow","max-snippet":"max-snippet:-1","max-image-preview":"max-image-preview:large","max-video-preview":"max-video-preview:-1"},"canonical":"https:\/\/japan-collector.com\/de\/product\/violettes-display-ex-sv1v\/","og_locale":"de_DE","og_type":"article","og_title":"Display Violet EX [SV1V] - Japan Collector | Boutique Pok\u00e9mon &amp; TCG","og_description":"VIOLET EX SV1V, Display Pokemon Violet en Japonais, exp\u00e9di\u00e9 rapidement depuis la France sans frais cach\u00e9s chez Japan Collector","og_url":"https:\/\/japan-collector.com\/de\/product\/violettes-display-ex-sv1v\/","og_site_name":"Japan Collector | Boutique Pok\u00e9mon &amp; TCG","article_publisher":"https:\/\/www.facebook.com\/japan.collector","article_modified_time":"2024-10-18T17:57:51+00:00","og_image":[{"width":1080,"height":1080,"url":"https:\/\/japan-collector.com\/wp-content\/uploads\/2023\/10\/SV1V_resultat.webp","type":"image\/webp"}],"twitter_card":"summary_large_image","twitter_misc":{"Gesch\u00e4tzte Lesezeit":"1 Minute"},"schema":{"@context":"https:\/\/schema.org","@graph":[{"@type":"WebPage","@id":"https:\/\/japan-collector.com\/product\/display-violet-ex-sv1v\/","url":"https:\/\/japan-collector.com\/product\/display-violet-ex-sv1v\/","name":"Display Violet EX [SV1V] - Japan Collector | Boutique Pok\u00e9mon &amp; TCG","isPartOf":{"@id":"https:\/\/japan-collector.com\/#website"},"primaryImageOfPage":{"@id":"https:\/\/japan-collector.com\/product\/display-violet-ex-sv1v\/#primaryimage"},"image":{"@id":"https:\/\/japan-collector.com\/product\/display-violet-ex-sv1v\/#primaryimage"},"thumbnailUrl":"https:\/\/japan-collector.com\/wp-content\/uploads\/2023\/10\/SV1V_resultat.webp","datePublished":"2022-12-11T12:45:09+00:00","dateModified":"2024-10-18T17:57:51+00:00","description":"VIOLETT EX SV1V, Pokemon Violett Display auf Japanisch, schneller Versand aus Deutschland ohne versteckte Kosten bei Japan Collector","breadcrumb":{"@id":"https:\/\/japan-collector.com\/product\/display-violet-ex-sv1v\/#breadcrumb"},"inLanguage":"de-DE","potentialAction":[{"@type":"ReadAction","target":["https:\/\/japan-collector.com\/product\/display-violet-ex-sv1v\/"]}]},{"@type":"ImageObject","inLanguage":"de-DE","@id":"https:\/\/japan-collector.com\/product\/display-violet-ex-sv1v\/#primaryimage","url":"https:\/\/japan-collector.com\/wp-content\/uploads\/2023\/10\/SV1V_resultat.webp","contentUrl":"https:\/\/japan-collector.com\/wp-content\/uploads\/2023\/10\/SV1V_resultat.webp","width":1080,"height":1080,"caption":"BOOSTER DISPLAY POKEMON SCARLET EX VIOLET EX SV1V"},{"@type":"BreadcrumbList","@id":"https:\/\/japan-collector.com\/product\/display-violet-ex-sv1v\/#breadcrumb","itemListElement":[{"@type":"ListItem","position":1,"name":"Accueil","item":"https:\/\/japan-collector.com\/"},{"@type":"ListItem","position":2,"name":"Produits","item":"https:\/\/japan-collector.com\/shop\/"},{"@type":"ListItem","position":3,"name":"Display Violet EX [SV1V]"}]},{"@type":"WebSite","@id":"https:\/\/japan-collector.com\/#website","url":"https:\/\/japan-collector.com\/","name":"Japan Collector | Pok\u00e9mon &amp; TCG Shop","description":"L&#039;Benzin aus Japan, das an Ihre Haust\u00fcr geliefert wird.","publisher":{"@id":"https:\/\/japan-collector.com\/#organization"},"potentialAction":[{"@type":"SearchAction","target":{"@type":"EntryPoint","urlTemplate":"https:\/\/japan-collector.com\/?s={search_term_string}"},"query-input":{"@type":"PropertyValueSpecification","valueRequired":true,"valueName":"search_term_string"}}],"inLanguage":"de-DE"},{"@type":"Organization","@id":"https:\/\/japan-collector.com\/#organization","name":"Japan Collector","url":"https:\/\/japan-collector.com\/","logo":{"@type":"ImageObject","inLanguage":"de-DE","@id":"https:\/\/japan-collector.com\/#\/schema\/logo\/image\/","url":"https:\/\/japan-collector.com\/wp-content\/uploads\/2023\/10\/Capture_d_ecran_2022-12-19_a_18.32.10-removebg-preview.png","contentUrl":"https:\/\/japan-collector.com\/wp-content\/uploads\/2023\/10\/Capture_d_ecran_2022-12-19_a_18.32.10-removebg-preview.png","width":389,"height":139,"caption":"Japan Collector"},"image":{"@id":"https:\/\/japan-collector.com\/#\/schema\/logo\/image\/"},"sameAs":["https:\/\/www.facebook.com\/japan.collector","https:\/\/www.instagram.com\/japan.collector\/"]}]}},"jetpack_sharing_enabled":true,"_links":{"self":[{"href":"https:\/\/japan-collector.com\/de\/wp-json\/wp\/v2\/product\/10477","targetHints":{"allow":["GET"]}}],"collection":[{"href":"https:\/\/japan-collector.com\/de\/wp-json\/wp\/v2\/product"}],"about":[{"href":"https:\/\/japan-collector.com\/de\/wp-json\/wp\/v2\/types\/product"}],"wp:featuredmedia":[{"embeddable":true,"href":"https:\/\/japan-collector.com\/de\/wp-json\/wp\/v2\/media\/29307"}],"wp:attachment":[{"href":"https:\/\/japan-collector.com\/de\/wp-json\/wp\/v2\/media?parent=10477"}],"wp:term":[{"taxonomy":"product_brand","embeddable":true,"href":"https:\/\/japan-collector.com\/de\/wp-json\/wp\/v2\/product_brand?post=10477"},{"taxonomy":"product_cat","embeddable":true,"href":"https:\/\/japan-collector.com\/de\/wp-json\/wp\/v2\/product_cat?post=10477"},{"taxonomy":"product_tag","embeddable":true,"href":"https:\/\/japan-collector.com\/de\/wp-json\/wp\/v2\/product_tag?post=10477"}],"curies":[{"name":"wp","href":"https:\/\/api.w.org\/{rel}","templated":true}]}}