{"id":10904,"date":"2022-12-15T22:40:48","date_gmt":"2022-12-15T22:40:48","guid":{"rendered":"https:\/\/japan-collector.com\/?post_type=product&#038;p=10904"},"modified":"2024-10-18T17:57:25","modified_gmt":"2024-10-18T17:57:25","slug":"gradation-psa","status":"publish","type":"product","link":"https:\/\/japan-collector.com\/de\/product\/psa-gradation\/","title":{"rendered":"PSA-Gradierungsdienst"},"content":{"rendered":"<h2>Wie lange dauert es voraussichtlich, bis ich meine PSA-Karten zur\u00fcckerhalte?<\/h2>\n<ul>\n<li>Die von PSA angegebene durchschnittliche Wartezeit betr\u00e4gt 65 Arbeitstage f\u00fcr Regular und Value, f\u00fcr Express 10 Arbeitstage, kann aber zu zus\u00e4tzlichen Wartezeiten f\u00fchren, wenn mehrere Express-Karten zusammengestellt werden m\u00fcssen, oder zus\u00e4tzliche Kosten verursachen.<\/li>\n<li>Wir sch\u00e4tzen unsererseits eine Bandbreite, die immer gr\u00f6\u00dfer ist als die von PSA angek\u00fcndigten Fristen<\/li>\n<\/ul>\n<h2>Warum sollte ich PSA w\u00e4hlen, um meine Karten zu authentifizieren und zu begutachten?<\/h2>\n<ul>\n<li>PSA ist seit 1991 Marktf\u00fchrer, mit Millionen von Karten pro Jahr ist das Unternehmen weltweit anerkannt und bei Sammlern beliebt.<\/li>\n<\/ul>\n<h2>Wie kann ich mich \u00fcber den Fortschritt meiner Bestellung informieren?<\/h2>\n<ul>\n<li>Wir werden auf unserer Website ein Tracking-System einrichten und Sie w\u00e4hrend des Bestellvorgangs per E-Mail \u00fcber den Fortschritt der Bestellung informieren.<\/li>\n<\/ul>\n<h2>Kann ich vor dem Empfang unsere Adresse erfahren?<\/h2>\n<ul>\n<li>Die Bewertung der Karten wird von PSA zum Zeitpunkt des Gradierens per E-Mail verschickt, wir k\u00f6nnen Ihnen die Bewertung auf Wunsch vorab kostenlos mitteilen.<\/li>\n<\/ul>\n<h2>Wie kann ich den Versicherungswert und den Sch\u00e4tzwert der Karte berechnen?<\/h2>\n<ul>\n<li>Der angegebene Preis definiert die Versicherung und den Wert der Karte nach der Abstufung. Wenn Ihre Karte eine 10 wert ist, m\u00fcssen Sie einen entsprechenden Versicherungswert angeben. Andernfalls beh\u00e4lt sich PSA das Recht vor, den Preis f\u00fcr die Abstufung zu erh\u00f6hen, damit die Versicherung dem aktuellen Marktpreis entspricht, und somit den Preis f\u00fcr die Abstufung f\u00fcr den Kunden zu erh\u00f6hen, wenn die Karte falsch oder zu niedrig bewertet wurde. Wir pr\u00fcfen und kontaktieren Sie vor dem Versand Ihrer Karten, um sicherzugehen, dass es keine b\u00f6sen \u00dcberraschungen gibt.<\/li>\n<li>Wir werden uns bei Ihnen melden, sobald das Grading von PSA durchgef\u00fchrt wurde und PSA den Grading-Service in Rechnung gestellt hat, falls zus\u00e4tzliche Kosten f\u00fcr Ihre Karten anfallen.<\/li>\n<\/ul>\n<h2>Wie und wo kann ich meine Karten versenden?<\/h2>\n<ul>\n<li>Wir laden Sie ein, Ihre Karten an einen Mondial Relay-Punkt zu schicken, sobald die Bestellung best\u00e4tigt wurde.<\/li>\n<\/ul>\n<ul>\n<li>Wir verwenden und bitten Sie, Mondial Relay zu verwenden, da es im Vergleich zu anderen Transportunternehmen neben Fedex das einzige Transportunternehmen ist, mit dem wir bisher keine Probleme hatten. Wenn Sie uns die Karten Ihrer Bestellung \u00fcber einen anderen Kurierdienst schicken oder pers\u00f6nlich \u00fcbergeben m\u00f6chten, setzen Sie sich bitte mit uns in Verbindung.<\/li>\n<\/ul>\n<h2>Versicherung :<\/h2>\n<ul>\n<li>Wir empfehlen Ihnen, Ihr Paket vor dem Versand zu versichern, da das Unternehmen nur f\u00fcr den Empfang und die \u00d6ffnung Ihres Pakets verantwortlich ist, nachdem es den Inhalt \u00fcberpr\u00fcft hat, der automatisch gefilmt wird, um Streitigkeiten im Falle von Sorgen w\u00e4hrend des Transports bis zu unserem Empfang zu vermeiden, f\u00fcr die wir malehuresement nicht verantwortlich gemacht werden k\u00f6nnen.<\/li>\n<li>Ab dem Zeitpunkt des ordnungsgem\u00e4\u00dfen Eingangs Ihrer Karten sind wir in H\u00f6he der entsprechenden Versicherung bei der Bestellung bis zum ordnungsgem\u00e4\u00dfen Eingang Ihres Mondial-Relay-R\u00fccksendepakets verantwortlich.<\/li>\n<li>Alle Hin- und R\u00fccksendungen zu PSA sind versichert. Der Preis f\u00fcr die Abstufung umfasst alle eventuellen Kosten, die beinhalten: Versicherungen, Zoll, Spediteur etc.<\/li>\n<\/ul>","protected":false},"excerpt":{"rendered":"<p>Versand an PSA, bitte w\u00e4hlen Sie den gesch\u00e4tzten Wert Ihrer Karten nach dem Grading, um die Versicherung und den Preis f\u00fcr das Grading festzulegen.<\/p>","protected":false},"featured_media":29464,"template":"","meta":[],"product_brand":[],"product_cat":[15],"product_tag":[293],"class_list":{"0":"post-10904","1":"product","2":"type-product","3":"status-publish","4":"has-post-thumbnail","6":"product_cat-non-classe","7":"product_tag-service","9":"first","10":"outofstock","11":"taxable","12":"shipping-taxable","13":"product-type-variable","14":"has-default-attributes"},"acf":[],"yoast_head":"<!-- This site is optimized with the Yoast SEO plugin v27.4 - https:\/\/yoast.com\/product\/yoast-seo-wordpress\/ -->\n<title>Service de gradation PSA - Japan Collector | Boutique Pok\u00e9mon &amp; TCG<\/title>\n<meta name=\"robots\" content=\"index, follow, max-snippet:-1, max-image-preview:large, max-video-preview:-1\" \/>\n<link rel=\"canonical\" href=\"https:\/\/japan-collector.com\/de\/product\/psa-gradation\/\" \/>\n<meta property=\"og:locale\" content=\"de_DE\" \/>\n<meta property=\"og:type\" content=\"article\" \/>\n<meta property=\"og:title\" content=\"Service de gradation PSA - Japan Collector | Boutique Pok\u00e9mon &amp; TCG\" \/>\n<meta property=\"og:description\" content=\"Envoie chez PSA, veuillez s\u00e9lectionner la valeur estim\u00e9 de vos cartes apr\u00e8s gradation pour d\u00e9finir l&#039;assurance et le prix de la gradation\" \/>\n<meta property=\"og:url\" content=\"https:\/\/japan-collector.com\/de\/product\/psa-gradation\/\" \/>\n<meta property=\"og:site_name\" content=\"Japan Collector | Boutique Pok\u00e9mon &amp; TCG\" \/>\n<meta property=\"article:publisher\" content=\"https:\/\/www.facebook.com\/japan.collector\" \/>\n<meta property=\"article:modified_time\" content=\"2024-10-18T17:57:25+00:00\" \/>\n<meta property=\"og:image\" content=\"https:\/\/japan-collector.com\/wp-content\/uploads\/2022\/12\/sleeves-1.png\" \/>\n\t<meta property=\"og:image:width\" content=\"1080\" \/>\n\t<meta property=\"og:image:height\" content=\"1080\" \/>\n\t<meta property=\"og:image:type\" content=\"image\/png\" \/>\n<meta name=\"twitter:card\" content=\"summary_large_image\" \/>\n<meta name=\"twitter:label1\" content=\"Gesch\u00e4tzte Lesezeit\" \/>\n\t<meta name=\"twitter:data1\" content=\"3 Minuten\" \/>\n<script type=\"application\/ld+json\" class=\"yoast-schema-graph\">{\"@context\":\"https:\\\/\\\/schema.org\",\"@graph\":[{\"@type\":\"WebPage\",\"@id\":\"https:\\\/\\\/japan-collector.com\\\/product\\\/gradation-psa\\\/\",\"url\":\"https:\\\/\\\/japan-collector.com\\\/product\\\/gradation-psa\\\/\",\"name\":\"Service de gradation PSA - Japan Collector | Boutique Pok\u00e9mon &amp; TCG\",\"isPartOf\":{\"@id\":\"https:\\\/\\\/japan-collector.com\\\/#website\"},\"primaryImageOfPage\":{\"@id\":\"https:\\\/\\\/japan-collector.com\\\/product\\\/gradation-psa\\\/#primaryimage\"},\"image\":{\"@id\":\"https:\\\/\\\/japan-collector.com\\\/product\\\/gradation-psa\\\/#primaryimage\"},\"thumbnailUrl\":\"https:\\\/\\\/japan-collector.com\\\/wp-content\\\/uploads\\\/2022\\\/12\\\/sleeves-1.png\",\"datePublished\":\"2022-12-15T22:40:48+00:00\",\"dateModified\":\"2024-10-18T17:57:25+00:00\",\"breadcrumb\":{\"@id\":\"https:\\\/\\\/japan-collector.com\\\/product\\\/gradation-psa\\\/#breadcrumb\"},\"inLanguage\":\"de-DE\",\"potentialAction\":[{\"@type\":\"ReadAction\",\"target\":[\"https:\\\/\\\/japan-collector.com\\\/product\\\/gradation-psa\\\/\"]}]},{\"@type\":\"ImageObject\",\"inLanguage\":\"de-DE\",\"@id\":\"https:\\\/\\\/japan-collector.com\\\/product\\\/gradation-psa\\\/#primaryimage\",\"url\":\"https:\\\/\\\/japan-collector.com\\\/wp-content\\\/uploads\\\/2022\\\/12\\\/sleeves-1.png\",\"contentUrl\":\"https:\\\/\\\/japan-collector.com\\\/wp-content\\\/uploads\\\/2022\\\/12\\\/sleeves-1.png\",\"width\":1080,\"height\":1080},{\"@type\":\"BreadcrumbList\",\"@id\":\"https:\\\/\\\/japan-collector.com\\\/product\\\/gradation-psa\\\/#breadcrumb\",\"itemListElement\":[{\"@type\":\"ListItem\",\"position\":1,\"name\":\"Accueil\",\"item\":\"https:\\\/\\\/japan-collector.com\\\/\"},{\"@type\":\"ListItem\",\"position\":2,\"name\":\"Produits\",\"item\":\"https:\\\/\\\/japan-collector.com\\\/shop\\\/\"},{\"@type\":\"ListItem\",\"position\":3,\"name\":\"Service de gradation PSA\"}]},{\"@type\":\"WebSite\",\"@id\":\"https:\\\/\\\/japan-collector.com\\\/#website\",\"url\":\"https:\\\/\\\/japan-collector.com\\\/\",\"name\":\"Japan Collector | Boutique Pok\u00e9mon &amp; TCG\",\"description\":\"L&#039;essence du Japon, livr\u00e9e \u00e0 votre porte.\",\"publisher\":{\"@id\":\"https:\\\/\\\/japan-collector.com\\\/#organization\"},\"potentialAction\":[{\"@type\":\"SearchAction\",\"target\":{\"@type\":\"EntryPoint\",\"urlTemplate\":\"https:\\\/\\\/japan-collector.com\\\/?s={search_term_string}\"},\"query-input\":{\"@type\":\"PropertyValueSpecification\",\"valueRequired\":true,\"valueName\":\"search_term_string\"}}],\"inLanguage\":\"de-DE\"},{\"@type\":\"Organization\",\"@id\":\"https:\\\/\\\/japan-collector.com\\\/#organization\",\"name\":\"Japan Collector\",\"url\":\"https:\\\/\\\/japan-collector.com\\\/\",\"logo\":{\"@type\":\"ImageObject\",\"inLanguage\":\"de-DE\",\"@id\":\"https:\\\/\\\/japan-collector.com\\\/#\\\/schema\\\/logo\\\/image\\\/\",\"url\":\"https:\\\/\\\/japan-collector.com\\\/wp-content\\\/uploads\\\/2023\\\/10\\\/Capture_d_ecran_2022-12-19_a_18.32.10-removebg-preview.png\",\"contentUrl\":\"https:\\\/\\\/japan-collector.com\\\/wp-content\\\/uploads\\\/2023\\\/10\\\/Capture_d_ecran_2022-12-19_a_18.32.10-removebg-preview.png\",\"width\":389,\"height\":139,\"caption\":\"Japan Collector\"},\"image\":{\"@id\":\"https:\\\/\\\/japan-collector.com\\\/#\\\/schema\\\/logo\\\/image\\\/\"},\"sameAs\":[\"https:\\\/\\\/www.facebook.com\\\/japan.collector\",\"https:\\\/\\\/www.instagram.com\\\/japan.collector\\\/\"]}]}<\/script>\n<!-- \/ Yoast SEO plugin. -->","yoast_head_json":{"title":"PSA-Gradierservice - Japan Collector | Pok\u00e9mon &amp; TCG Shop","robots":{"index":"index","follow":"follow","max-snippet":"max-snippet:-1","max-image-preview":"max-image-preview:large","max-video-preview":"max-video-preview:-1"},"canonical":"https:\/\/japan-collector.com\/de\/product\/psa-gradation\/","og_locale":"de_DE","og_type":"article","og_title":"Service de gradation PSA - Japan Collector | Boutique Pok\u00e9mon &amp; TCG","og_description":"Envoie chez PSA, veuillez s\u00e9lectionner la valeur estim\u00e9 de vos cartes apr\u00e8s gradation pour d\u00e9finir l'assurance et le prix de la gradation","og_url":"https:\/\/japan-collector.com\/de\/product\/psa-gradation\/","og_site_name":"Japan Collector | Boutique Pok\u00e9mon &amp; TCG","article_publisher":"https:\/\/www.facebook.com\/japan.collector","article_modified_time":"2024-10-18T17:57:25+00:00","og_image":[{"width":1080,"height":1080,"url":"https:\/\/japan-collector.com\/wp-content\/uploads\/2022\/12\/sleeves-1.png","type":"image\/png"}],"twitter_card":"summary_large_image","twitter_misc":{"Gesch\u00e4tzte Lesezeit":"3 Minuten"},"schema":{"@context":"https:\/\/schema.org","@graph":[{"@type":"WebPage","@id":"https:\/\/japan-collector.com\/product\/gradation-psa\/","url":"https:\/\/japan-collector.com\/product\/gradation-psa\/","name":"PSA-Gradierservice - Japan Collector | Pok\u00e9mon &amp; TCG Shop","isPartOf":{"@id":"https:\/\/japan-collector.com\/#website"},"primaryImageOfPage":{"@id":"https:\/\/japan-collector.com\/product\/gradation-psa\/#primaryimage"},"image":{"@id":"https:\/\/japan-collector.com\/product\/gradation-psa\/#primaryimage"},"thumbnailUrl":"https:\/\/japan-collector.com\/wp-content\/uploads\/2022\/12\/sleeves-1.png","datePublished":"2022-12-15T22:40:48+00:00","dateModified":"2024-10-18T17:57:25+00:00","breadcrumb":{"@id":"https:\/\/japan-collector.com\/product\/gradation-psa\/#breadcrumb"},"inLanguage":"de-DE","potentialAction":[{"@type":"ReadAction","target":["https:\/\/japan-collector.com\/product\/gradation-psa\/"]}]},{"@type":"ImageObject","inLanguage":"de-DE","@id":"https:\/\/japan-collector.com\/product\/gradation-psa\/#primaryimage","url":"https:\/\/japan-collector.com\/wp-content\/uploads\/2022\/12\/sleeves-1.png","contentUrl":"https:\/\/japan-collector.com\/wp-content\/uploads\/2022\/12\/sleeves-1.png","width":1080,"height":1080},{"@type":"BreadcrumbList","@id":"https:\/\/japan-collector.com\/product\/gradation-psa\/#breadcrumb","itemListElement":[{"@type":"ListItem","position":1,"name":"Accueil","item":"https:\/\/japan-collector.com\/"},{"@type":"ListItem","position":2,"name":"Produits","item":"https:\/\/japan-collector.com\/shop\/"},{"@type":"ListItem","position":3,"name":"Service de gradation PSA"}]},{"@type":"WebSite","@id":"https:\/\/japan-collector.com\/#website","url":"https:\/\/japan-collector.com\/","name":"Japan Collector | Pok\u00e9mon &amp; TCG Shop","description":"L&#039;Benzin aus Japan, das an Ihre Haust\u00fcr geliefert wird.","publisher":{"@id":"https:\/\/japan-collector.com\/#organization"},"potentialAction":[{"@type":"SearchAction","target":{"@type":"EntryPoint","urlTemplate":"https:\/\/japan-collector.com\/?s={search_term_string}"},"query-input":{"@type":"PropertyValueSpecification","valueRequired":true,"valueName":"search_term_string"}}],"inLanguage":"de-DE"},{"@type":"Organization","@id":"https:\/\/japan-collector.com\/#organization","name":"Japan Collector","url":"https:\/\/japan-collector.com\/","logo":{"@type":"ImageObject","inLanguage":"de-DE","@id":"https:\/\/japan-collector.com\/#\/schema\/logo\/image\/","url":"https:\/\/japan-collector.com\/wp-content\/uploads\/2023\/10\/Capture_d_ecran_2022-12-19_a_18.32.10-removebg-preview.png","contentUrl":"https:\/\/japan-collector.com\/wp-content\/uploads\/2023\/10\/Capture_d_ecran_2022-12-19_a_18.32.10-removebg-preview.png","width":389,"height":139,"caption":"Japan Collector"},"image":{"@id":"https:\/\/japan-collector.com\/#\/schema\/logo\/image\/"},"sameAs":["https:\/\/www.facebook.com\/japan.collector","https:\/\/www.instagram.com\/japan.collector\/"]}]}},"jetpack_sharing_enabled":true,"_links":{"self":[{"href":"https:\/\/japan-collector.com\/de\/wp-json\/wp\/v2\/product\/10904","targetHints":{"allow":["GET"]}}],"collection":[{"href":"https:\/\/japan-collector.com\/de\/wp-json\/wp\/v2\/product"}],"about":[{"href":"https:\/\/japan-collector.com\/de\/wp-json\/wp\/v2\/types\/product"}],"wp:featuredmedia":[{"embeddable":true,"href":"https:\/\/japan-collector.com\/de\/wp-json\/wp\/v2\/media\/29464"}],"wp:attachment":[{"href":"https:\/\/japan-collector.com\/de\/wp-json\/wp\/v2\/media?parent=10904"}],"wp:term":[{"taxonomy":"product_brand","embeddable":true,"href":"https:\/\/japan-collector.com\/de\/wp-json\/wp\/v2\/product_brand?post=10904"},{"taxonomy":"product_cat","embeddable":true,"href":"https:\/\/japan-collector.com\/de\/wp-json\/wp\/v2\/product_cat?post=10904"},{"taxonomy":"product_tag","embeddable":true,"href":"https:\/\/japan-collector.com\/de\/wp-json\/wp\/v2\/product_tag?post=10904"}],"curies":[{"name":"wp","href":"https:\/\/api.w.org\/{rel}","templated":true}]}}