{"id":11108,"date":"2022-12-16T22:28:02","date_gmt":"2022-12-16T22:28:02","guid":{"rendered":"https:\/\/japan-collector.com\/?post_type=product&#038;p=11108"},"modified":"2024-01-04T17:33:38","modified_gmt":"2024-01-04T17:33:38","slug":"one-piece-paramount-war-op-02","status":"publish","type":"product","link":"https:\/\/japan-collector.com\/de\/product\/one-piece-paramount-war-op-02\/","title":{"rendered":"One Piece Paramount War [OP-02]"},"content":{"rendered":"<h2>Die neue One Piece Kartenserie in Japanisch, erh\u00e4ltlich mit Versand aus Deutschland ohne versteckte Kosten bei Japan Collector:<\/h2>\n<p>Die Box mit 24 japanischen Boostern aus der Paramount War Edition von One Piece ist ein Muss f\u00fcr alle Fans des ber\u00fchmten japanischen Mangas. Diese Sonderedition ist vom Handlungsbogen des Marineford-Kriegs inspiriert, einem der wichtigsten Momente in der Geschichte von One Piece.<\/p>\n<p>Jeder Booster enth\u00e4lt 6 Karten, darunter eine seltene oder ultrarare Karte. Japanische Booster sind bei Sammlern wegen ihrer hohen Produktionsqualit\u00e4t und ihres einzigartigen Designs besonders beliebt. Die seltensten Karten sind die Karten mit paralleler Seltenheit, die noch schwerer zu finden sind und von Sammlern sehr gesch\u00e4tzt werden.<\/p>\n<h2>Ein unglaubliches Universum, das in wundersch\u00f6nen Sammelkarten erh\u00e4ltlich ist:<\/h2>\n<p>One Piece-Fans k\u00f6nnen ihre Lieblingscharaktere wie Monkey D. Luffy, Roronoa Zoro, Nico Robin und viele andere in dieser Sammelkartenedition wiederfinden. Die Packung mit 24 japanischen Boostern aus der Paramount War Edition eignet sich auch hervorragend, um Ihre One Piece-Kartensammlung zu vervollst\u00e4ndigen oder um Kartenspiele zu spielen, die auf dem Manga basieren.<\/p>\n<p>Also z\u00f6gere nicht und f\u00fcge diese Box mit 24 japanischen Boostern aus der Paramount War Edition deiner One Piece-Sammlung hinzu!<\/p>\n<h2>Versiegelter Karton ab 12 Displays erh\u00e4ltlich<\/h2>\n<h2>Finden Sie die erste Ausgabe : <a href=\"https:\/\/japan-collector.com\/de\/product\/one-piece-romance-dawn-op-01\/\">OP-01 Romance Dawn auch in unserem Shop erh\u00e4ltlich<\/a><\/h2>","protected":false},"excerpt":{"rendered":"<ul>\n<li>Box mit 24 Boostern neu und versiegelt OP-02<\/li>\n<li>Booster mit 6 Karten auf Japanisch<\/li>\n<\/ul>","protected":false},"featured_media":29421,"template":"","meta":[],"product_brand":[],"product_cat":[292],"product_tag":[],"class_list":{"0":"post-11108","1":"product","2":"type-product","3":"status-publish","4":"has-post-thumbnail","6":"product_cat-booster-box-one-piece-cards-japanese","8":"first","9":"outofstock","10":"sale","11":"taxable","12":"shipping-taxable","13":"purchasable","14":"product-type-simple"},"acf":[],"yoast_head":"<!-- This site is optimized with the Yoast SEO plugin v27.4 - https:\/\/yoast.com\/product\/yoast-seo-wordpress\/ -->\n<title>One Piece Paramount War [OP-02] - Japan Collector | Boutique Pok\u00e9mon &amp; TCG<\/title>\n<meta name=\"description\" content=\"Bo\u00eete de 24 boosters japonais de l&#039;\u00e9dition Paramount War OP-02 de One Piece en japonais disponible, exp\u00e9di\u00e9 depuis la France\" \/>\n<meta name=\"robots\" content=\"index, follow, max-snippet:-1, max-image-preview:large, max-video-preview:-1\" \/>\n<link rel=\"canonical\" href=\"https:\/\/japan-collector.com\/de\/product\/one-piece-paramount-war-op-02\/\" \/>\n<meta property=\"og:locale\" content=\"de_DE\" \/>\n<meta property=\"og:type\" content=\"article\" \/>\n<meta property=\"og:title\" content=\"One Piece Paramount War [OP-02] - Japan Collector | Boutique Pok\u00e9mon &amp; TCG\" \/>\n<meta property=\"og:description\" content=\"Bo\u00eete de 24 boosters japonais de l&#039;\u00e9dition Paramount War OP-02 de One Piece en japonais disponible, exp\u00e9di\u00e9 depuis la France\" \/>\n<meta property=\"og:url\" content=\"https:\/\/japan-collector.com\/de\/product\/one-piece-paramount-war-op-02\/\" \/>\n<meta property=\"og:site_name\" content=\"Japan Collector | Boutique Pok\u00e9mon &amp; TCG\" \/>\n<meta property=\"article:publisher\" content=\"https:\/\/www.facebook.com\/japan.collector\" \/>\n<meta property=\"article:modified_time\" content=\"2024-01-04T17:33:38+00:00\" \/>\n<meta property=\"og:image\" content=\"https:\/\/japan-collector.com\/wp-content\/uploads\/2023\/10\/OP-02_resultat.webp\" \/>\n\t<meta property=\"og:image:width\" content=\"1080\" \/>\n\t<meta property=\"og:image:height\" content=\"1080\" \/>\n\t<meta property=\"og:image:type\" content=\"image\/webp\" \/>\n<meta name=\"twitter:card\" content=\"summary_large_image\" \/>\n<meta name=\"twitter:label1\" content=\"Gesch\u00e4tzte Lesezeit\" \/>\n\t<meta name=\"twitter:data1\" content=\"2 Minuten\" \/>\n<script type=\"application\/ld+json\" class=\"yoast-schema-graph\">{\"@context\":\"https:\\\/\\\/schema.org\",\"@graph\":[{\"@type\":\"WebPage\",\"@id\":\"https:\\\/\\\/japan-collector.com\\\/product\\\/one-piece-paramount-war-op-02\\\/\",\"url\":\"https:\\\/\\\/japan-collector.com\\\/product\\\/one-piece-paramount-war-op-02\\\/\",\"name\":\"One Piece Paramount War [OP-02] - Japan Collector | Boutique Pok\u00e9mon &amp; TCG\",\"isPartOf\":{\"@id\":\"https:\\\/\\\/japan-collector.com\\\/#website\"},\"primaryImageOfPage\":{\"@id\":\"https:\\\/\\\/japan-collector.com\\\/product\\\/one-piece-paramount-war-op-02\\\/#primaryimage\"},\"image\":{\"@id\":\"https:\\\/\\\/japan-collector.com\\\/product\\\/one-piece-paramount-war-op-02\\\/#primaryimage\"},\"thumbnailUrl\":\"https:\\\/\\\/japan-collector.com\\\/wp-content\\\/uploads\\\/2023\\\/10\\\/OP-02_resultat.webp\",\"datePublished\":\"2022-12-16T22:28:02+00:00\",\"dateModified\":\"2024-01-04T17:33:38+00:00\",\"description\":\"Bo\u00eete de 24 boosters japonais de l'\u00e9dition Paramount War OP-02 de One Piece en japonais disponible, exp\u00e9di\u00e9 depuis la France\",\"breadcrumb\":{\"@id\":\"https:\\\/\\\/japan-collector.com\\\/product\\\/one-piece-paramount-war-op-02\\\/#breadcrumb\"},\"inLanguage\":\"de-DE\",\"potentialAction\":[{\"@type\":\"ReadAction\",\"target\":[\"https:\\\/\\\/japan-collector.com\\\/product\\\/one-piece-paramount-war-op-02\\\/\"]}]},{\"@type\":\"ImageObject\",\"inLanguage\":\"de-DE\",\"@id\":\"https:\\\/\\\/japan-collector.com\\\/product\\\/one-piece-paramount-war-op-02\\\/#primaryimage\",\"url\":\"https:\\\/\\\/japan-collector.com\\\/wp-content\\\/uploads\\\/2023\\\/10\\\/OP-02_resultat.webp\",\"contentUrl\":\"https:\\\/\\\/japan-collector.com\\\/wp-content\\\/uploads\\\/2023\\\/10\\\/OP-02_resultat.webp\",\"width\":1080,\"height\":1080,\"caption\":\"One piece booster box display one piece OP02\"},{\"@type\":\"BreadcrumbList\",\"@id\":\"https:\\\/\\\/japan-collector.com\\\/product\\\/one-piece-paramount-war-op-02\\\/#breadcrumb\",\"itemListElement\":[{\"@type\":\"ListItem\",\"position\":1,\"name\":\"Accueil\",\"item\":\"https:\\\/\\\/japan-collector.com\\\/\"},{\"@type\":\"ListItem\",\"position\":2,\"name\":\"Produits\",\"item\":\"https:\\\/\\\/japan-collector.com\\\/shop\\\/\"},{\"@type\":\"ListItem\",\"position\":3,\"name\":\"One Piece Paramount War [OP-02]\"}]},{\"@type\":\"WebSite\",\"@id\":\"https:\\\/\\\/japan-collector.com\\\/#website\",\"url\":\"https:\\\/\\\/japan-collector.com\\\/\",\"name\":\"Japan Collector | Boutique Pok\u00e9mon &amp; TCG\",\"description\":\"L&#039;essence du Japon, livr\u00e9e \u00e0 votre porte.\",\"publisher\":{\"@id\":\"https:\\\/\\\/japan-collector.com\\\/#organization\"},\"potentialAction\":[{\"@type\":\"SearchAction\",\"target\":{\"@type\":\"EntryPoint\",\"urlTemplate\":\"https:\\\/\\\/japan-collector.com\\\/?s={search_term_string}\"},\"query-input\":{\"@type\":\"PropertyValueSpecification\",\"valueRequired\":true,\"valueName\":\"search_term_string\"}}],\"inLanguage\":\"de-DE\"},{\"@type\":\"Organization\",\"@id\":\"https:\\\/\\\/japan-collector.com\\\/#organization\",\"name\":\"Japan Collector\",\"url\":\"https:\\\/\\\/japan-collector.com\\\/\",\"logo\":{\"@type\":\"ImageObject\",\"inLanguage\":\"de-DE\",\"@id\":\"https:\\\/\\\/japan-collector.com\\\/#\\\/schema\\\/logo\\\/image\\\/\",\"url\":\"https:\\\/\\\/japan-collector.com\\\/wp-content\\\/uploads\\\/2023\\\/10\\\/Capture_d_ecran_2022-12-19_a_18.32.10-removebg-preview.png\",\"contentUrl\":\"https:\\\/\\\/japan-collector.com\\\/wp-content\\\/uploads\\\/2023\\\/10\\\/Capture_d_ecran_2022-12-19_a_18.32.10-removebg-preview.png\",\"width\":389,\"height\":139,\"caption\":\"Japan Collector\"},\"image\":{\"@id\":\"https:\\\/\\\/japan-collector.com\\\/#\\\/schema\\\/logo\\\/image\\\/\"},\"sameAs\":[\"https:\\\/\\\/www.facebook.com\\\/japan.collector\",\"https:\\\/\\\/www.instagram.com\\\/japan.collector\\\/\"]}]}<\/script>\n<!-- \/ Yoast SEO plugin. -->","yoast_head_json":{"title":"One Piece Paramount War [OP-02] - Japan Collector | Boutique Pok\u00e9mon &amp; TCG","description":"Box mit 24 japanischen Boostern aus der Paramount War OP-02 Edition von One Piece auf Japanisch erh\u00e4ltlich, Versand aus Frankreich","robots":{"index":"index","follow":"follow","max-snippet":"max-snippet:-1","max-image-preview":"max-image-preview:large","max-video-preview":"max-video-preview:-1"},"canonical":"https:\/\/japan-collector.com\/de\/product\/one-piece-paramount-war-op-02\/","og_locale":"de_DE","og_type":"article","og_title":"One Piece Paramount War [OP-02] - Japan Collector | Boutique Pok\u00e9mon &amp; TCG","og_description":"Bo\u00eete de 24 boosters japonais de l'\u00e9dition Paramount War OP-02 de One Piece en japonais disponible, exp\u00e9di\u00e9 depuis la France","og_url":"https:\/\/japan-collector.com\/de\/product\/one-piece-paramount-war-op-02\/","og_site_name":"Japan Collector | Boutique Pok\u00e9mon &amp; TCG","article_publisher":"https:\/\/www.facebook.com\/japan.collector","article_modified_time":"2024-01-04T17:33:38+00:00","og_image":[{"width":1080,"height":1080,"url":"https:\/\/japan-collector.com\/wp-content\/uploads\/2023\/10\/OP-02_resultat.webp","type":"image\/webp"}],"twitter_card":"summary_large_image","twitter_misc":{"Gesch\u00e4tzte Lesezeit":"2 Minuten"},"schema":{"@context":"https:\/\/schema.org","@graph":[{"@type":"WebPage","@id":"https:\/\/japan-collector.com\/product\/one-piece-paramount-war-op-02\/","url":"https:\/\/japan-collector.com\/product\/one-piece-paramount-war-op-02\/","name":"One Piece Paramount War [OP-02] - Japan Collector | Boutique Pok\u00e9mon &amp; TCG","isPartOf":{"@id":"https:\/\/japan-collector.com\/#website"},"primaryImageOfPage":{"@id":"https:\/\/japan-collector.com\/product\/one-piece-paramount-war-op-02\/#primaryimage"},"image":{"@id":"https:\/\/japan-collector.com\/product\/one-piece-paramount-war-op-02\/#primaryimage"},"thumbnailUrl":"https:\/\/japan-collector.com\/wp-content\/uploads\/2023\/10\/OP-02_resultat.webp","datePublished":"2022-12-16T22:28:02+00:00","dateModified":"2024-01-04T17:33:38+00:00","description":"Box mit 24 japanischen Boostern aus der Paramount War OP-02 Edition von One Piece auf Japanisch erh\u00e4ltlich, Versand aus Frankreich","breadcrumb":{"@id":"https:\/\/japan-collector.com\/product\/one-piece-paramount-war-op-02\/#breadcrumb"},"inLanguage":"de-DE","potentialAction":[{"@type":"ReadAction","target":["https:\/\/japan-collector.com\/product\/one-piece-paramount-war-op-02\/"]}]},{"@type":"ImageObject","inLanguage":"de-DE","@id":"https:\/\/japan-collector.com\/product\/one-piece-paramount-war-op-02\/#primaryimage","url":"https:\/\/japan-collector.com\/wp-content\/uploads\/2023\/10\/OP-02_resultat.webp","contentUrl":"https:\/\/japan-collector.com\/wp-content\/uploads\/2023\/10\/OP-02_resultat.webp","width":1080,"height":1080,"caption":"One piece booster box display one piece OP02"},{"@type":"BreadcrumbList","@id":"https:\/\/japan-collector.com\/product\/one-piece-paramount-war-op-02\/#breadcrumb","itemListElement":[{"@type":"ListItem","position":1,"name":"Accueil","item":"https:\/\/japan-collector.com\/"},{"@type":"ListItem","position":2,"name":"Produits","item":"https:\/\/japan-collector.com\/shop\/"},{"@type":"ListItem","position":3,"name":"One Piece Paramount War [OP-02]"}]},{"@type":"WebSite","@id":"https:\/\/japan-collector.com\/#website","url":"https:\/\/japan-collector.com\/","name":"Japan Collector | Pok\u00e9mon &amp; TCG Shop","description":"L&#039;Benzin aus Japan, das an Ihre Haust\u00fcr geliefert wird.","publisher":{"@id":"https:\/\/japan-collector.com\/#organization"},"potentialAction":[{"@type":"SearchAction","target":{"@type":"EntryPoint","urlTemplate":"https:\/\/japan-collector.com\/?s={search_term_string}"},"query-input":{"@type":"PropertyValueSpecification","valueRequired":true,"valueName":"search_term_string"}}],"inLanguage":"de-DE"},{"@type":"Organization","@id":"https:\/\/japan-collector.com\/#organization","name":"Japan Collector","url":"https:\/\/japan-collector.com\/","logo":{"@type":"ImageObject","inLanguage":"de-DE","@id":"https:\/\/japan-collector.com\/#\/schema\/logo\/image\/","url":"https:\/\/japan-collector.com\/wp-content\/uploads\/2023\/10\/Capture_d_ecran_2022-12-19_a_18.32.10-removebg-preview.png","contentUrl":"https:\/\/japan-collector.com\/wp-content\/uploads\/2023\/10\/Capture_d_ecran_2022-12-19_a_18.32.10-removebg-preview.png","width":389,"height":139,"caption":"Japan Collector"},"image":{"@id":"https:\/\/japan-collector.com\/#\/schema\/logo\/image\/"},"sameAs":["https:\/\/www.facebook.com\/japan.collector","https:\/\/www.instagram.com\/japan.collector\/"]}]}},"jetpack_sharing_enabled":true,"_links":{"self":[{"href":"https:\/\/japan-collector.com\/de\/wp-json\/wp\/v2\/product\/11108","targetHints":{"allow":["GET"]}}],"collection":[{"href":"https:\/\/japan-collector.com\/de\/wp-json\/wp\/v2\/product"}],"about":[{"href":"https:\/\/japan-collector.com\/de\/wp-json\/wp\/v2\/types\/product"}],"wp:featuredmedia":[{"embeddable":true,"href":"https:\/\/japan-collector.com\/de\/wp-json\/wp\/v2\/media\/29421"}],"wp:attachment":[{"href":"https:\/\/japan-collector.com\/de\/wp-json\/wp\/v2\/media?parent=11108"}],"wp:term":[{"taxonomy":"product_brand","embeddable":true,"href":"https:\/\/japan-collector.com\/de\/wp-json\/wp\/v2\/product_brand?post=11108"},{"taxonomy":"product_cat","embeddable":true,"href":"https:\/\/japan-collector.com\/de\/wp-json\/wp\/v2\/product_cat?post=11108"},{"taxonomy":"product_tag","embeddable":true,"href":"https:\/\/japan-collector.com\/de\/wp-json\/wp\/v2\/product_tag?post=11108"}],"curies":[{"name":"wp","href":"https:\/\/api.w.org\/{rel}","templated":true}]}}