{"id":5932,"date":"2022-05-12T21:44:44","date_gmt":"2022-05-12T21:44:44","guid":{"rendered":"https:\/\/japan-collector.com\/?post_type=product&#038;p=5932"},"modified":"2024-01-06T22:36:15","modified_gmt":"2024-01-06T22:36:15","slug":"display-pokemon-go-s10b","status":"publish","type":"product","link":"https:\/\/japan-collector.com\/de\/product\/pokemon-go-display-s10b\/","title":{"rendered":"Display Pok\u00e9mon GO [S10B]"},"content":{"rendered":"<h3>Die neue Pok\u00e9mon GO-Serie S10B kommt am 17. Juni in Japan an!<br \/>\nEntdecke das neue Pok\u00e9mon-Kartenset in Zusammenarbeit mit Niantic!<br \/>\nSchachtel mit 20 Boostern zu je 6 Karten <span class=\"ver\" title=\"Adjektive und Sprachen werden immer in Kleinbuchstaben geschrieben, z. B.: &lt;i&gt;ein Programm &lt;b&gt;c&lt;\/b&gt;anadisch&lt;\/i&gt; (aber &lt;i&gt;eine &lt;b&gt;C&lt;\/b&gt;anadisch&lt;\/i&gt;), Japanisch (aber &lt;i&gt;eine &lt;b&gt;J&lt;\/b&gt;aponais&lt;\/i&gt;).\">in Japanisch :<\/span><\/h3>\n<ul>\n<li>Offizielles Ver\u00f6ffentlichungsdatum in Japan: 17.06.2022<\/li>\n<li>Schachtel mit 20 Boostern.<\/li>\n<li>Booster mit 6 Karten<\/li>\n<li>1 SR(Super Rare) oder HR(Hyper Rare) Minimum + 1 CK(Radiant)<\/li>\n<li>Erm\u00e4\u00dfigung auf die Menge<\/li>\n<li>Lieferung innerhalb von 2 Werktagen mit Collissimo oder 3 bis 4 Tagen mit Mondial Relay<\/li>\n<li>Aus Frankreich versandt<\/li>\n<li>Finden Sie die <a href=\"https:\/\/japan-collector.com\/de\/product\/booster-pokemon-go-s10b\/\">pokemon boosters Pok\u00e9mon GO <\/a>unsortiert\/ungewogen bei Japan Collector<\/li>\n<li>Nutzen Sie Ihre Bestellung f\u00fcr <a href=\"https:\/\/japan-collector.com\/de\/product-category\/accesoires\/\">zubeh\u00f6r<\/a>, <a href=\"https:\/\/japan-collector.com\/de\/product\/100-sleeves-ultra-pro\/\">weiche Sleeves zum Schutz<\/a>, <a href=\"https:\/\/japan-collector.com\/de\/product\/25-regular-toploaders-ultra-pro\/\">toploader regular ultra pro<\/a> usw.<\/li>\n<\/ul>","protected":false},"excerpt":{"rendered":"<ul>\n<li>Box mit 20 Pok\u00e9mon Japanese Boosters<\/li>\n<li>Aus Frankreich versandt, Booster mit 6 Karten<\/li>\n<li>Versiegelt gesendet, 1CK + 1 SR oder 1HR garantiert<\/li>\n<\/ul>","protected":false},"featured_media":29299,"template":"","meta":[],"product_brand":[],"product_cat":[234],"product_tag":[285],"class_list":{"0":"post-5932","1":"product","2":"type-product","3":"status-publish","4":"has-post-thumbnail","6":"product_cat-display-pokemon-japonais","7":"product_tag-pre-order","9":"first","10":"outofstock","11":"taxable","12":"shipping-taxable","13":"purchasable","14":"product-type-simple"},"acf":[],"yoast_head":"<!-- This site is optimized with the Yoast SEO plugin v27.3 - https:\/\/yoast.com\/product\/yoast-seo-wordpress\/ -->\n<title>Display Pok\u00e9mon GO [S10B] - Japan Collector | Boutique Pok\u00e9mon &amp; TCG<\/title>\n<meta name=\"description\" content=\"La nouvelle s\u00e9rie Pok\u00e9mon GO S10B arrive le 17 juin au Japon ! Bo\u00eete de 20 boosters, exp\u00e9di\u00e9 rapidement depuis la France\" \/>\n<meta name=\"robots\" content=\"index, follow, max-snippet:-1, max-image-preview:large, max-video-preview:-1\" \/>\n<link rel=\"canonical\" href=\"https:\/\/japan-collector.com\/de\/product\/pokemon-go-display-s10b\/\" \/>\n<meta property=\"og:locale\" content=\"de_DE\" \/>\n<meta property=\"og:type\" content=\"article\" \/>\n<meta property=\"og:title\" content=\"Display Pok\u00e9mon GO [S10B] - Japan Collector | Boutique Pok\u00e9mon &amp; TCG\" \/>\n<meta property=\"og:description\" content=\"La nouvelle s\u00e9rie Pok\u00e9mon GO S10B arrive le 17 juin au Japon ! Bo\u00eete de 20 boosters, exp\u00e9di\u00e9 rapidement depuis la France\" \/>\n<meta property=\"og:url\" content=\"https:\/\/japan-collector.com\/de\/product\/pokemon-go-display-s10b\/\" \/>\n<meta property=\"og:site_name\" content=\"Japan Collector | Boutique Pok\u00e9mon &amp; TCG\" \/>\n<meta property=\"article:publisher\" content=\"https:\/\/www.facebook.com\/japan.collector\" \/>\n<meta property=\"article:modified_time\" content=\"2024-01-06T22:36:15+00:00\" \/>\n<meta property=\"og:image\" content=\"https:\/\/japan-collector.com\/wp-content\/uploads\/2023\/10\/S10B_resultat.webp\" \/>\n\t<meta property=\"og:image:width\" content=\"1080\" \/>\n\t<meta property=\"og:image:height\" content=\"1080\" \/>\n\t<meta property=\"og:image:type\" content=\"image\/webp\" \/>\n<meta name=\"twitter:card\" content=\"summary_large_image\" \/>\n<meta name=\"twitter:label1\" content=\"Gesch\u00e4tzte Lesezeit\" \/>\n\t<meta name=\"twitter:data1\" content=\"1 Minute\" \/>\n<script type=\"application\/ld+json\" class=\"yoast-schema-graph\">{\"@context\":\"https:\\\/\\\/schema.org\",\"@graph\":[{\"@type\":\"WebPage\",\"@id\":\"https:\\\/\\\/japan-collector.com\\\/product\\\/display-pokemon-go-s10b\\\/\",\"url\":\"https:\\\/\\\/japan-collector.com\\\/product\\\/display-pokemon-go-s10b\\\/\",\"name\":\"Display Pok\u00e9mon GO [S10B] - Japan Collector | Boutique Pok\u00e9mon &amp; TCG\",\"isPartOf\":{\"@id\":\"https:\\\/\\\/japan-collector.com\\\/#website\"},\"primaryImageOfPage\":{\"@id\":\"https:\\\/\\\/japan-collector.com\\\/product\\\/display-pokemon-go-s10b\\\/#primaryimage\"},\"image\":{\"@id\":\"https:\\\/\\\/japan-collector.com\\\/product\\\/display-pokemon-go-s10b\\\/#primaryimage\"},\"thumbnailUrl\":\"https:\\\/\\\/japan-collector.com\\\/wp-content\\\/uploads\\\/2023\\\/10\\\/S10B_resultat.webp\",\"datePublished\":\"2022-05-12T21:44:44+00:00\",\"dateModified\":\"2024-01-06T22:36:15+00:00\",\"description\":\"La nouvelle s\u00e9rie Pok\u00e9mon GO S10B arrive le 17 juin au Japon ! Bo\u00eete de 20 boosters, exp\u00e9di\u00e9 rapidement depuis la France\",\"breadcrumb\":{\"@id\":\"https:\\\/\\\/japan-collector.com\\\/product\\\/display-pokemon-go-s10b\\\/#breadcrumb\"},\"inLanguage\":\"de-DE\",\"potentialAction\":[{\"@type\":\"ReadAction\",\"target\":[\"https:\\\/\\\/japan-collector.com\\\/product\\\/display-pokemon-go-s10b\\\/\"]}]},{\"@type\":\"ImageObject\",\"inLanguage\":\"de-DE\",\"@id\":\"https:\\\/\\\/japan-collector.com\\\/product\\\/display-pokemon-go-s10b\\\/#primaryimage\",\"url\":\"https:\\\/\\\/japan-collector.com\\\/wp-content\\\/uploads\\\/2023\\\/10\\\/S10B_resultat.webp\",\"contentUrl\":\"https:\\\/\\\/japan-collector.com\\\/wp-content\\\/uploads\\\/2023\\\/10\\\/S10B_resultat.webp\",\"width\":1080,\"height\":1080,\"caption\":\"DISPLAY JAPANESE POKEMON SWORD AND SHIELD POKEMON GO S10B\"},{\"@type\":\"BreadcrumbList\",\"@id\":\"https:\\\/\\\/japan-collector.com\\\/product\\\/display-pokemon-go-s10b\\\/#breadcrumb\",\"itemListElement\":[{\"@type\":\"ListItem\",\"position\":1,\"name\":\"Accueil\",\"item\":\"https:\\\/\\\/japan-collector.com\\\/\"},{\"@type\":\"ListItem\",\"position\":2,\"name\":\"Produits\",\"item\":\"https:\\\/\\\/japan-collector.com\\\/shop\\\/\"},{\"@type\":\"ListItem\",\"position\":3,\"name\":\"Display Pok\u00e9mon GO [S10B]\"}]},{\"@type\":\"WebSite\",\"@id\":\"https:\\\/\\\/japan-collector.com\\\/#website\",\"url\":\"https:\\\/\\\/japan-collector.com\\\/\",\"name\":\"Japan Collector | Boutique Pok\u00e9mon &amp; TCG\",\"description\":\"L&#039;essence du Japon, livr\u00e9e \u00e0 votre porte.\",\"publisher\":{\"@id\":\"https:\\\/\\\/japan-collector.com\\\/#organization\"},\"potentialAction\":[{\"@type\":\"SearchAction\",\"target\":{\"@type\":\"EntryPoint\",\"urlTemplate\":\"https:\\\/\\\/japan-collector.com\\\/?s={search_term_string}\"},\"query-input\":{\"@type\":\"PropertyValueSpecification\",\"valueRequired\":true,\"valueName\":\"search_term_string\"}}],\"inLanguage\":\"de-DE\"},{\"@type\":\"Organization\",\"@id\":\"https:\\\/\\\/japan-collector.com\\\/#organization\",\"name\":\"Japan Collector\",\"url\":\"https:\\\/\\\/japan-collector.com\\\/\",\"logo\":{\"@type\":\"ImageObject\",\"inLanguage\":\"de-DE\",\"@id\":\"https:\\\/\\\/japan-collector.com\\\/#\\\/schema\\\/logo\\\/image\\\/\",\"url\":\"https:\\\/\\\/japan-collector.com\\\/wp-content\\\/uploads\\\/2023\\\/10\\\/Capture_d_ecran_2022-12-19_a_18.32.10-removebg-preview.png\",\"contentUrl\":\"https:\\\/\\\/japan-collector.com\\\/wp-content\\\/uploads\\\/2023\\\/10\\\/Capture_d_ecran_2022-12-19_a_18.32.10-removebg-preview.png\",\"width\":389,\"height\":139,\"caption\":\"Japan Collector\"},\"image\":{\"@id\":\"https:\\\/\\\/japan-collector.com\\\/#\\\/schema\\\/logo\\\/image\\\/\"},\"sameAs\":[\"https:\\\/\\\/www.facebook.com\\\/japan.collector\",\"https:\\\/\\\/www.instagram.com\\\/japan.collector\\\/\"]}]}<\/script>\n<!-- \/ Yoast SEO plugin. -->","yoast_head_json":{"title":"Display Pok\u00e9mon GO [S10B] - Japan Collector | Boutique Pok\u00e9mon &amp; TCG","description":"Die neue Pok\u00e9mon GO-Serie S10B kommt am 17. Juni in Japan an! Box mit 20 Boostern, schneller Versand aus Frankreich","robots":{"index":"index","follow":"follow","max-snippet":"max-snippet:-1","max-image-preview":"max-image-preview:large","max-video-preview":"max-video-preview:-1"},"canonical":"https:\/\/japan-collector.com\/de\/product\/pokemon-go-display-s10b\/","og_locale":"de_DE","og_type":"article","og_title":"Display Pok\u00e9mon GO [S10B] - Japan Collector | Boutique Pok\u00e9mon &amp; TCG","og_description":"La nouvelle s\u00e9rie Pok\u00e9mon GO S10B arrive le 17 juin au Japon ! Bo\u00eete de 20 boosters, exp\u00e9di\u00e9 rapidement depuis la France","og_url":"https:\/\/japan-collector.com\/de\/product\/pokemon-go-display-s10b\/","og_site_name":"Japan Collector | Boutique Pok\u00e9mon &amp; TCG","article_publisher":"https:\/\/www.facebook.com\/japan.collector","article_modified_time":"2024-01-06T22:36:15+00:00","og_image":[{"width":1080,"height":1080,"url":"https:\/\/japan-collector.com\/wp-content\/uploads\/2023\/10\/S10B_resultat.webp","type":"image\/webp"}],"twitter_card":"summary_large_image","twitter_misc":{"Gesch\u00e4tzte Lesezeit":"1 Minute"},"schema":{"@context":"https:\/\/schema.org","@graph":[{"@type":"WebPage","@id":"https:\/\/japan-collector.com\/product\/display-pokemon-go-s10b\/","url":"https:\/\/japan-collector.com\/product\/display-pokemon-go-s10b\/","name":"Display Pok\u00e9mon GO [S10B] - Japan Collector | Boutique Pok\u00e9mon &amp; TCG","isPartOf":{"@id":"https:\/\/japan-collector.com\/#website"},"primaryImageOfPage":{"@id":"https:\/\/japan-collector.com\/product\/display-pokemon-go-s10b\/#primaryimage"},"image":{"@id":"https:\/\/japan-collector.com\/product\/display-pokemon-go-s10b\/#primaryimage"},"thumbnailUrl":"https:\/\/japan-collector.com\/wp-content\/uploads\/2023\/10\/S10B_resultat.webp","datePublished":"2022-05-12T21:44:44+00:00","dateModified":"2024-01-06T22:36:15+00:00","description":"Die neue Pok\u00e9mon GO-Serie S10B kommt am 17. Juni in Japan an! Box mit 20 Boostern, schneller Versand aus Frankreich","breadcrumb":{"@id":"https:\/\/japan-collector.com\/product\/display-pokemon-go-s10b\/#breadcrumb"},"inLanguage":"de-DE","potentialAction":[{"@type":"ReadAction","target":["https:\/\/japan-collector.com\/product\/display-pokemon-go-s10b\/"]}]},{"@type":"ImageObject","inLanguage":"de-DE","@id":"https:\/\/japan-collector.com\/product\/display-pokemon-go-s10b\/#primaryimage","url":"https:\/\/japan-collector.com\/wp-content\/uploads\/2023\/10\/S10B_resultat.webp","contentUrl":"https:\/\/japan-collector.com\/wp-content\/uploads\/2023\/10\/S10B_resultat.webp","width":1080,"height":1080,"caption":"DISPLAY JAPANESE POKEMON SWORD AND SHIELD POKEMON GO S10B"},{"@type":"BreadcrumbList","@id":"https:\/\/japan-collector.com\/product\/display-pokemon-go-s10b\/#breadcrumb","itemListElement":[{"@type":"ListItem","position":1,"name":"Accueil","item":"https:\/\/japan-collector.com\/"},{"@type":"ListItem","position":2,"name":"Produits","item":"https:\/\/japan-collector.com\/shop\/"},{"@type":"ListItem","position":3,"name":"Display Pok\u00e9mon GO [S10B]"}]},{"@type":"WebSite","@id":"https:\/\/japan-collector.com\/#website","url":"https:\/\/japan-collector.com\/","name":"Japan Collector | Pok\u00e9mon &amp; TCG Shop","description":"L&#039;Benzin aus Japan, das an Ihre Haust\u00fcr geliefert wird.","publisher":{"@id":"https:\/\/japan-collector.com\/#organization"},"potentialAction":[{"@type":"SearchAction","target":{"@type":"EntryPoint","urlTemplate":"https:\/\/japan-collector.com\/?s={search_term_string}"},"query-input":{"@type":"PropertyValueSpecification","valueRequired":true,"valueName":"search_term_string"}}],"inLanguage":"de-DE"},{"@type":"Organization","@id":"https:\/\/japan-collector.com\/#organization","name":"Japan Collector","url":"https:\/\/japan-collector.com\/","logo":{"@type":"ImageObject","inLanguage":"de-DE","@id":"https:\/\/japan-collector.com\/#\/schema\/logo\/image\/","url":"https:\/\/japan-collector.com\/wp-content\/uploads\/2023\/10\/Capture_d_ecran_2022-12-19_a_18.32.10-removebg-preview.png","contentUrl":"https:\/\/japan-collector.com\/wp-content\/uploads\/2023\/10\/Capture_d_ecran_2022-12-19_a_18.32.10-removebg-preview.png","width":389,"height":139,"caption":"Japan Collector"},"image":{"@id":"https:\/\/japan-collector.com\/#\/schema\/logo\/image\/"},"sameAs":["https:\/\/www.facebook.com\/japan.collector","https:\/\/www.instagram.com\/japan.collector\/"]}]}},"jetpack_sharing_enabled":true,"_links":{"self":[{"href":"https:\/\/japan-collector.com\/de\/wp-json\/wp\/v2\/product\/5932","targetHints":{"allow":["GET"]}}],"collection":[{"href":"https:\/\/japan-collector.com\/de\/wp-json\/wp\/v2\/product"}],"about":[{"href":"https:\/\/japan-collector.com\/de\/wp-json\/wp\/v2\/types\/product"}],"wp:featuredmedia":[{"embeddable":true,"href":"https:\/\/japan-collector.com\/de\/wp-json\/wp\/v2\/media\/29299"}],"wp:attachment":[{"href":"https:\/\/japan-collector.com\/de\/wp-json\/wp\/v2\/media?parent=5932"}],"wp:term":[{"taxonomy":"product_brand","embeddable":true,"href":"https:\/\/japan-collector.com\/de\/wp-json\/wp\/v2\/product_brand?post=5932"},{"taxonomy":"product_cat","embeddable":true,"href":"https:\/\/japan-collector.com\/de\/wp-json\/wp\/v2\/product_cat?post=5932"},{"taxonomy":"product_tag","embeddable":true,"href":"https:\/\/japan-collector.com\/de\/wp-json\/wp\/v2\/product_tag?post=5932"}],"curies":[{"name":"wp","href":"https:\/\/api.w.org\/{rel}","templated":true}]}}