{"id":5961,"date":"2022-05-14T08:38:12","date_gmt":"2022-05-14T08:38:12","guid":{"rendered":"https:\/\/japan-collector.com\/?post_type=product&#038;p=5961"},"modified":"2022-08-16T15:37:35","modified_gmt":"2022-08-16T15:37:35","slug":"box-pikachu-opening-kanazawa-pokecenter","status":"publish","type":"product","link":"https:\/\/japan-collector.com\/de\/product\/box-pikachu-opening-kanazawa-pokecenter\/","title":{"rendered":"Box Pikachu Opening Kanazawa Pokecenter"},"content":{"rendered":"<p>Pikachu-Sammelbox zur Er\u00f6ffnung des Pok\u00e9centers in Kanazawa am 20. November 2020. Sie enth\u00e4lt eine exklusive Pikachu-Karte sowie zwei exklusive Promokarten, Kartenh\u00fcllen und 19 Booster, also 4 Shiny Star V.<\/p>","protected":false},"excerpt":{"rendered":"<p>Pikachu Collector's Box zur Er\u00f6ffnung des Pok\u00e9center in Kanazawa<br \/>\nLeichte M\u00e4ngel; kleine besch\u00e4digte Stelle, um Fotos anzufordern; auf den ersten Blick nicht sichtbar.<br \/>\noder einem Plexiglasschutz<\/p>","protected":false},"featured_media":0,"template":"","meta":[],"product_brand":[],"product_cat":[235],"product_tag":[],"class_list":{"0":"post-5961","1":"product","2":"type-product","3":"status-publish","5":"product_cat-coffret-carte-pokemon","7":"first","8":"outofstock","9":"sale","10":"taxable","11":"shipping-taxable","12":"purchasable","13":"product-type-simple"},"acf":[],"yoast_head":"<!-- This site is optimized with the Yoast SEO plugin v27.3 - https:\/\/yoast.com\/product\/yoast-seo-wordpress\/ -->\n<title>Box Pikachu Opening Kanazawa Pokecenter - Japan Collector | Boutique Pok\u00e9mon &amp; TCG<\/title>\n<meta name=\"robots\" content=\"index, follow, max-snippet:-1, max-image-preview:large, max-video-preview:-1\" \/>\n<link rel=\"canonical\" href=\"https:\/\/japan-collector.com\/de\/product\/box-pikachu-opening-kanazawa-pokecenter\/\" \/>\n<meta property=\"og:locale\" content=\"de_DE\" \/>\n<meta property=\"og:type\" content=\"article\" \/>\n<meta property=\"og:title\" content=\"Box Pikachu Opening Kanazawa Pokecenter - Japan Collector | Boutique Pok\u00e9mon &amp; TCG\" \/>\n<meta property=\"og:description\" content=\"Bo\u00eete Pikachu Collector pour l&#039;ouverture du Pok\u00e9center de Kanazawa L\u00e9ger d\u00e9faut; petit partie abim\u00e9 demander des photos; invisible au premier coup d&#039;oeil ou d&#039;une une protection en plexi\" \/>\n<meta property=\"og:url\" content=\"https:\/\/japan-collector.com\/de\/product\/box-pikachu-opening-kanazawa-pokecenter\/\" \/>\n<meta property=\"og:site_name\" content=\"Japan Collector | Boutique Pok\u00e9mon &amp; TCG\" \/>\n<meta property=\"article:publisher\" content=\"https:\/\/www.facebook.com\/japan.collector\" \/>\n<meta property=\"article:modified_time\" content=\"2022-08-16T15:37:35+00:00\" \/>\n<meta name=\"twitter:card\" content=\"summary_large_image\" \/>\n<script type=\"application\/ld+json\" class=\"yoast-schema-graph\">{\"@context\":\"https:\\\/\\\/schema.org\",\"@graph\":[{\"@type\":\"WebPage\",\"@id\":\"https:\\\/\\\/japan-collector.com\\\/product\\\/box-pikachu-opening-kanazawa-pokecenter\\\/\",\"url\":\"https:\\\/\\\/japan-collector.com\\\/product\\\/box-pikachu-opening-kanazawa-pokecenter\\\/\",\"name\":\"Box Pikachu Opening Kanazawa Pokecenter - Japan Collector | Boutique Pok\u00e9mon &amp; TCG\",\"isPartOf\":{\"@id\":\"https:\\\/\\\/japan-collector.com\\\/#website\"},\"datePublished\":\"2022-05-14T08:38:12+00:00\",\"dateModified\":\"2022-08-16T15:37:35+00:00\",\"breadcrumb\":{\"@id\":\"https:\\\/\\\/japan-collector.com\\\/product\\\/box-pikachu-opening-kanazawa-pokecenter\\\/#breadcrumb\"},\"inLanguage\":\"de-DE\",\"potentialAction\":[{\"@type\":\"ReadAction\",\"target\":[\"https:\\\/\\\/japan-collector.com\\\/product\\\/box-pikachu-opening-kanazawa-pokecenter\\\/\"]}]},{\"@type\":\"BreadcrumbList\",\"@id\":\"https:\\\/\\\/japan-collector.com\\\/product\\\/box-pikachu-opening-kanazawa-pokecenter\\\/#breadcrumb\",\"itemListElement\":[{\"@type\":\"ListItem\",\"position\":1,\"name\":\"Accueil\",\"item\":\"https:\\\/\\\/japan-collector.com\\\/\"},{\"@type\":\"ListItem\",\"position\":2,\"name\":\"Produits\",\"item\":\"https:\\\/\\\/japan-collector.com\\\/shop\\\/\"},{\"@type\":\"ListItem\",\"position\":3,\"name\":\"Box Pikachu Opening Kanazawa Pokecenter\"}]},{\"@type\":\"WebSite\",\"@id\":\"https:\\\/\\\/japan-collector.com\\\/#website\",\"url\":\"https:\\\/\\\/japan-collector.com\\\/\",\"name\":\"Japan Collector | Boutique Pok\u00e9mon &amp; TCG\",\"description\":\"L&#039;essence du Japon, livr\u00e9e \u00e0 votre porte.\",\"publisher\":{\"@id\":\"https:\\\/\\\/japan-collector.com\\\/#organization\"},\"potentialAction\":[{\"@type\":\"SearchAction\",\"target\":{\"@type\":\"EntryPoint\",\"urlTemplate\":\"https:\\\/\\\/japan-collector.com\\\/?s={search_term_string}\"},\"query-input\":{\"@type\":\"PropertyValueSpecification\",\"valueRequired\":true,\"valueName\":\"search_term_string\"}}],\"inLanguage\":\"de-DE\"},{\"@type\":\"Organization\",\"@id\":\"https:\\\/\\\/japan-collector.com\\\/#organization\",\"name\":\"Japan Collector\",\"url\":\"https:\\\/\\\/japan-collector.com\\\/\",\"logo\":{\"@type\":\"ImageObject\",\"inLanguage\":\"de-DE\",\"@id\":\"https:\\\/\\\/japan-collector.com\\\/#\\\/schema\\\/logo\\\/image\\\/\",\"url\":\"https:\\\/\\\/japan-collector.com\\\/wp-content\\\/uploads\\\/2023\\\/10\\\/Capture_d_ecran_2022-12-19_a_18.32.10-removebg-preview.png\",\"contentUrl\":\"https:\\\/\\\/japan-collector.com\\\/wp-content\\\/uploads\\\/2023\\\/10\\\/Capture_d_ecran_2022-12-19_a_18.32.10-removebg-preview.png\",\"width\":389,\"height\":139,\"caption\":\"Japan Collector\"},\"image\":{\"@id\":\"https:\\\/\\\/japan-collector.com\\\/#\\\/schema\\\/logo\\\/image\\\/\"},\"sameAs\":[\"https:\\\/\\\/www.facebook.com\\\/japan.collector\",\"https:\\\/\\\/www.instagram.com\\\/japan.collector\\\/\"]}]}<\/script>\n<!-- \/ Yoast SEO plugin. -->","yoast_head_json":{"title":"Box Pikachu Opening Kanazawa Pokecenter - Japan Collector | Pok\u00e9mon &amp; TCG Shop","robots":{"index":"index","follow":"follow","max-snippet":"max-snippet:-1","max-image-preview":"max-image-preview:large","max-video-preview":"max-video-preview:-1"},"canonical":"https:\/\/japan-collector.com\/de\/product\/box-pikachu-opening-kanazawa-pokecenter\/","og_locale":"de_DE","og_type":"article","og_title":"Box Pikachu Opening Kanazawa Pokecenter - Japan Collector | Boutique Pok\u00e9mon &amp; TCG","og_description":"Bo\u00eete Pikachu Collector pour l'ouverture du Pok\u00e9center de Kanazawa L\u00e9ger d\u00e9faut; petit partie abim\u00e9 demander des photos; invisible au premier coup d'oeil ou d'une une protection en plexi","og_url":"https:\/\/japan-collector.com\/de\/product\/box-pikachu-opening-kanazawa-pokecenter\/","og_site_name":"Japan Collector | Boutique Pok\u00e9mon &amp; TCG","article_publisher":"https:\/\/www.facebook.com\/japan.collector","article_modified_time":"2022-08-16T15:37:35+00:00","twitter_card":"summary_large_image","schema":{"@context":"https:\/\/schema.org","@graph":[{"@type":"WebPage","@id":"https:\/\/japan-collector.com\/product\/box-pikachu-opening-kanazawa-pokecenter\/","url":"https:\/\/japan-collector.com\/product\/box-pikachu-opening-kanazawa-pokecenter\/","name":"Box Pikachu Opening Kanazawa Pokecenter - Japan Collector | Pok\u00e9mon &amp; TCG Shop","isPartOf":{"@id":"https:\/\/japan-collector.com\/#website"},"datePublished":"2022-05-14T08:38:12+00:00","dateModified":"2022-08-16T15:37:35+00:00","breadcrumb":{"@id":"https:\/\/japan-collector.com\/product\/box-pikachu-opening-kanazawa-pokecenter\/#breadcrumb"},"inLanguage":"de-DE","potentialAction":[{"@type":"ReadAction","target":["https:\/\/japan-collector.com\/product\/box-pikachu-opening-kanazawa-pokecenter\/"]}]},{"@type":"BreadcrumbList","@id":"https:\/\/japan-collector.com\/product\/box-pikachu-opening-kanazawa-pokecenter\/#breadcrumb","itemListElement":[{"@type":"ListItem","position":1,"name":"Accueil","item":"https:\/\/japan-collector.com\/"},{"@type":"ListItem","position":2,"name":"Produits","item":"https:\/\/japan-collector.com\/shop\/"},{"@type":"ListItem","position":3,"name":"Box Pikachu Opening Kanazawa Pokecenter"}]},{"@type":"WebSite","@id":"https:\/\/japan-collector.com\/#website","url":"https:\/\/japan-collector.com\/","name":"Japan Collector | Pok\u00e9mon &amp; TCG Shop","description":"L&#039;Benzin aus Japan, das an Ihre Haust\u00fcr geliefert wird.","publisher":{"@id":"https:\/\/japan-collector.com\/#organization"},"potentialAction":[{"@type":"SearchAction","target":{"@type":"EntryPoint","urlTemplate":"https:\/\/japan-collector.com\/?s={search_term_string}"},"query-input":{"@type":"PropertyValueSpecification","valueRequired":true,"valueName":"search_term_string"}}],"inLanguage":"de-DE"},{"@type":"Organization","@id":"https:\/\/japan-collector.com\/#organization","name":"Japan Collector","url":"https:\/\/japan-collector.com\/","logo":{"@type":"ImageObject","inLanguage":"de-DE","@id":"https:\/\/japan-collector.com\/#\/schema\/logo\/image\/","url":"https:\/\/japan-collector.com\/wp-content\/uploads\/2023\/10\/Capture_d_ecran_2022-12-19_a_18.32.10-removebg-preview.png","contentUrl":"https:\/\/japan-collector.com\/wp-content\/uploads\/2023\/10\/Capture_d_ecran_2022-12-19_a_18.32.10-removebg-preview.png","width":389,"height":139,"caption":"Japan Collector"},"image":{"@id":"https:\/\/japan-collector.com\/#\/schema\/logo\/image\/"},"sameAs":["https:\/\/www.facebook.com\/japan.collector","https:\/\/www.instagram.com\/japan.collector\/"]}]}},"jetpack_sharing_enabled":true,"_links":{"self":[{"href":"https:\/\/japan-collector.com\/de\/wp-json\/wp\/v2\/product\/5961","targetHints":{"allow":["GET"]}}],"collection":[{"href":"https:\/\/japan-collector.com\/de\/wp-json\/wp\/v2\/product"}],"about":[{"href":"https:\/\/japan-collector.com\/de\/wp-json\/wp\/v2\/types\/product"}],"wp:attachment":[{"href":"https:\/\/japan-collector.com\/de\/wp-json\/wp\/v2\/media?parent=5961"}],"wp:term":[{"taxonomy":"product_brand","embeddable":true,"href":"https:\/\/japan-collector.com\/de\/wp-json\/wp\/v2\/product_brand?post=5961"},{"taxonomy":"product_cat","embeddable":true,"href":"https:\/\/japan-collector.com\/de\/wp-json\/wp\/v2\/product_cat?post=5961"},{"taxonomy":"product_tag","embeddable":true,"href":"https:\/\/japan-collector.com\/de\/wp-json\/wp\/v2\/product_tag?post=5961"}],"curies":[{"name":"wp","href":"https:\/\/api.w.org\/{rel}","templated":true}]}}