{"id":10481,"date":"2022-12-11T12:53:21","date_gmt":"2022-12-11T12:53:21","guid":{"rendered":"https:\/\/japan-collector.com\/?post_type=product&#038;p=10481"},"modified":"2024-10-18T17:57:39","modified_gmt":"2024-10-18T17:57:39","slug":"display-scarlet-ex-sv1s","status":"publish","type":"product","link":"https:\/\/japan-collector.com\/en\/product\/display-scarlet-ex-sv1s\/","title":{"rendered":"Display Scarlet EX [SV1S]"},"content":{"rendered":"<h3>Order the first series of the Violet &amp; Scarlet block! The return of pok\u00e9mon EX cards! A complementary series of<br \/>\nViolet EX also available in the store!<\/h3>\n<h3><\/h3>\n<ul>\n<li>Official Japanese release date: 20\/01\/2023<\/li>\n<li>Box of 30 Boosters<\/li>\n<li>Boosters of 5 cards<\/li>\n<li>Quantity discount<\/li>\n<li>Delivery in 2 working days with Collissimo or 3 to 4 days for Mondial Relay<\/li>\n<li>Shipped from France<\/li>\n<li>Also order the booster box:\u00a0<a href=\"https:\/\/japan-collector.com\/en\/product\/display-violet-ex-sv1v\/\">VIOLET EX SV1V, the new twin series of SCARLET EX<\/a><\/li>\n<li>Take advantage of your order for <a href=\"https:\/\/japan-collector.com\/en\/product-category\/accesoires\/\">accessories<\/a>, <a href=\"https:\/\/japan-collector.com\/en\/product\/100-sleeves-ultra-pro\/\">flexible protective sleeves<\/a>, <a href=\"https:\/\/japan-collector.com\/en\/product\/25-regular-toploaders-ultra-pro\/\">toploader regular ultra pro<\/a> etc...<\/li>\n<li>You can also find <a href=\"https:\/\/japan-collector.com\/en\/product\/booster-scarlet-ex-sv1s\/\">Unsorted\/unweighed booster packs in our SCARLET EX store\u00a0<\/a><\/li>\n<\/ul>","protected":false},"excerpt":{"rendered":"<ul>\n<li>Box of 30 Boosters<\/li>\n<li>Boosters of 5 cards<\/li>\n<li>Shipped from France<\/li>\n<\/ul>","protected":false},"featured_media":29306,"template":"","meta":[],"product_brand":[],"product_cat":[234],"product_tag":[],"class_list":{"0":"post-10481","1":"product","2":"type-product","3":"status-publish","4":"has-post-thumbnail","6":"product_cat-display-pokemon-japonais","8":"first","9":"outofstock","10":"taxable","11":"shipping-taxable","12":"purchasable","13":"product-type-simple"},"acf":[],"yoast_head":"<!-- This site is optimized with the Yoast SEO plugin v27.3 - https:\/\/yoast.com\/product\/yoast-seo-wordpress\/ -->\n<title>Display Scarlet EX [SV1S] - Japan Collector | Boutique Pok\u00e9mon &amp; TCG<\/title>\n<meta name=\"description\" content=\"SCARLET EX SV1S, Display Pokemon Ecarlate en Japonais, exp\u00e9di\u00e9 rapidement depuis la France sans frais cach\u00e9s chez Japan Collector\" \/>\n<meta name=\"robots\" content=\"index, follow, max-snippet:-1, max-image-preview:large, max-video-preview:-1\" \/>\n<link rel=\"canonical\" href=\"https:\/\/japan-collector.com\/en\/product\/display-scarlet-ex-sv1s\/\" \/>\n<meta property=\"og:locale\" content=\"en_US\" \/>\n<meta property=\"og:type\" content=\"article\" \/>\n<meta property=\"og:title\" content=\"Display Scarlet EX [SV1S] - Japan Collector | Boutique Pok\u00e9mon &amp; TCG\" \/>\n<meta property=\"og:description\" content=\"SCARLET EX SV1S, Display Pokemon Ecarlate en Japonais, exp\u00e9di\u00e9 rapidement depuis la France sans frais cach\u00e9s chez Japan Collector\" \/>\n<meta property=\"og:url\" content=\"https:\/\/japan-collector.com\/en\/product\/display-scarlet-ex-sv1s\/\" \/>\n<meta property=\"og:site_name\" content=\"Japan Collector | Boutique Pok\u00e9mon &amp; TCG\" \/>\n<meta property=\"article:publisher\" content=\"https:\/\/www.facebook.com\/japan.collector\" \/>\n<meta property=\"article:modified_time\" content=\"2024-10-18T17:57:39+00:00\" \/>\n<meta property=\"og:image\" content=\"https:\/\/japan-collector.com\/wp-content\/uploads\/2023\/10\/SV1S_resultat.webp\" \/>\n\t<meta property=\"og:image:width\" content=\"1080\" \/>\n\t<meta property=\"og:image:height\" content=\"1080\" \/>\n\t<meta property=\"og:image:type\" content=\"image\/webp\" \/>\n<meta name=\"twitter:card\" content=\"summary_large_image\" \/>\n<meta name=\"twitter:label1\" content=\"Est. reading time\" \/>\n\t<meta name=\"twitter:data1\" content=\"1 minute\" \/>\n<script type=\"application\/ld+json\" class=\"yoast-schema-graph\">{\"@context\":\"https:\\\/\\\/schema.org\",\"@graph\":[{\"@type\":\"WebPage\",\"@id\":\"https:\\\/\\\/japan-collector.com\\\/product\\\/display-scarlet-ex-sv1s\\\/\",\"url\":\"https:\\\/\\\/japan-collector.com\\\/product\\\/display-scarlet-ex-sv1s\\\/\",\"name\":\"Display Scarlet EX [SV1S] - Japan Collector | Boutique Pok\u00e9mon &amp; TCG\",\"isPartOf\":{\"@id\":\"https:\\\/\\\/japan-collector.com\\\/#website\"},\"primaryImageOfPage\":{\"@id\":\"https:\\\/\\\/japan-collector.com\\\/product\\\/display-scarlet-ex-sv1s\\\/#primaryimage\"},\"image\":{\"@id\":\"https:\\\/\\\/japan-collector.com\\\/product\\\/display-scarlet-ex-sv1s\\\/#primaryimage\"},\"thumbnailUrl\":\"https:\\\/\\\/japan-collector.com\\\/wp-content\\\/uploads\\\/2023\\\/10\\\/SV1S_resultat.webp\",\"datePublished\":\"2022-12-11T12:53:21+00:00\",\"dateModified\":\"2024-10-18T17:57:39+00:00\",\"description\":\"SCARLET EX SV1S, Display Pokemon Ecarlate en Japonais, exp\u00e9di\u00e9 rapidement depuis la France sans frais cach\u00e9s chez Japan Collector\",\"breadcrumb\":{\"@id\":\"https:\\\/\\\/japan-collector.com\\\/product\\\/display-scarlet-ex-sv1s\\\/#breadcrumb\"},\"inLanguage\":\"en-US\",\"potentialAction\":[{\"@type\":\"ReadAction\",\"target\":[\"https:\\\/\\\/japan-collector.com\\\/product\\\/display-scarlet-ex-sv1s\\\/\"]}]},{\"@type\":\"ImageObject\",\"inLanguage\":\"en-US\",\"@id\":\"https:\\\/\\\/japan-collector.com\\\/product\\\/display-scarlet-ex-sv1s\\\/#primaryimage\",\"url\":\"https:\\\/\\\/japan-collector.com\\\/wp-content\\\/uploads\\\/2023\\\/10\\\/SV1S_resultat.webp\",\"contentUrl\":\"https:\\\/\\\/japan-collector.com\\\/wp-content\\\/uploads\\\/2023\\\/10\\\/SV1S_resultat.webp\",\"width\":1080,\"height\":1080,\"caption\":\"BOOSTER DISPLAY POKEMON SCARLET EX VIOLET EX SV1S\"},{\"@type\":\"BreadcrumbList\",\"@id\":\"https:\\\/\\\/japan-collector.com\\\/product\\\/display-scarlet-ex-sv1s\\\/#breadcrumb\",\"itemListElement\":[{\"@type\":\"ListItem\",\"position\":1,\"name\":\"Accueil\",\"item\":\"https:\\\/\\\/japan-collector.com\\\/\"},{\"@type\":\"ListItem\",\"position\":2,\"name\":\"Produits\",\"item\":\"https:\\\/\\\/japan-collector.com\\\/shop\\\/\"},{\"@type\":\"ListItem\",\"position\":3,\"name\":\"Display Scarlet EX [SV1S]\"}]},{\"@type\":\"WebSite\",\"@id\":\"https:\\\/\\\/japan-collector.com\\\/#website\",\"url\":\"https:\\\/\\\/japan-collector.com\\\/\",\"name\":\"Japan Collector | Boutique Pok\u00e9mon &amp; TCG\",\"description\":\"L&#039;essence du Japon, livr\u00e9e \u00e0 votre porte.\",\"publisher\":{\"@id\":\"https:\\\/\\\/japan-collector.com\\\/#organization\"},\"potentialAction\":[{\"@type\":\"SearchAction\",\"target\":{\"@type\":\"EntryPoint\",\"urlTemplate\":\"https:\\\/\\\/japan-collector.com\\\/?s={search_term_string}\"},\"query-input\":{\"@type\":\"PropertyValueSpecification\",\"valueRequired\":true,\"valueName\":\"search_term_string\"}}],\"inLanguage\":\"en-US\"},{\"@type\":\"Organization\",\"@id\":\"https:\\\/\\\/japan-collector.com\\\/#organization\",\"name\":\"Japan Collector\",\"url\":\"https:\\\/\\\/japan-collector.com\\\/\",\"logo\":{\"@type\":\"ImageObject\",\"inLanguage\":\"en-US\",\"@id\":\"https:\\\/\\\/japan-collector.com\\\/#\\\/schema\\\/logo\\\/image\\\/\",\"url\":\"https:\\\/\\\/japan-collector.com\\\/wp-content\\\/uploads\\\/2023\\\/10\\\/Capture_d_ecran_2022-12-19_a_18.32.10-removebg-preview.png\",\"contentUrl\":\"https:\\\/\\\/japan-collector.com\\\/wp-content\\\/uploads\\\/2023\\\/10\\\/Capture_d_ecran_2022-12-19_a_18.32.10-removebg-preview.png\",\"width\":389,\"height\":139,\"caption\":\"Japan Collector\"},\"image\":{\"@id\":\"https:\\\/\\\/japan-collector.com\\\/#\\\/schema\\\/logo\\\/image\\\/\"},\"sameAs\":[\"https:\\\/\\\/www.facebook.com\\\/japan.collector\",\"https:\\\/\\\/www.instagram.com\\\/japan.collector\\\/\"]}]}<\/script>\n<!-- \/ Yoast SEO plugin. -->","yoast_head_json":{"title":"Display Scarlet EX [SV1S] - Japan Collector | Boutique Pok\u00e9mon &amp; TCG","description":"SCARLET EX SV1S, Display Pokemon Scarlet in Japanese, shipped quickly from France with no hidden fees at Japan Collector","robots":{"index":"index","follow":"follow","max-snippet":"max-snippet:-1","max-image-preview":"max-image-preview:large","max-video-preview":"max-video-preview:-1"},"canonical":"https:\/\/japan-collector.com\/en\/product\/display-scarlet-ex-sv1s\/","og_locale":"en_US","og_type":"article","og_title":"Display Scarlet EX [SV1S] - Japan Collector | Boutique Pok\u00e9mon &amp; TCG","og_description":"SCARLET EX SV1S, Display Pokemon Ecarlate en Japonais, exp\u00e9di\u00e9 rapidement depuis la France sans frais cach\u00e9s chez Japan Collector","og_url":"https:\/\/japan-collector.com\/en\/product\/display-scarlet-ex-sv1s\/","og_site_name":"Japan Collector | Boutique Pok\u00e9mon &amp; TCG","article_publisher":"https:\/\/www.facebook.com\/japan.collector","article_modified_time":"2024-10-18T17:57:39+00:00","og_image":[{"width":1080,"height":1080,"url":"https:\/\/japan-collector.com\/wp-content\/uploads\/2023\/10\/SV1S_resultat.webp","type":"image\/webp"}],"twitter_card":"summary_large_image","twitter_misc":{"Est. reading time":"1 minute"},"schema":{"@context":"https:\/\/schema.org","@graph":[{"@type":"WebPage","@id":"https:\/\/japan-collector.com\/product\/display-scarlet-ex-sv1s\/","url":"https:\/\/japan-collector.com\/product\/display-scarlet-ex-sv1s\/","name":"Display Scarlet EX [SV1S] - Japan Collector | Boutique Pok\u00e9mon &amp; TCG","isPartOf":{"@id":"https:\/\/japan-collector.com\/#website"},"primaryImageOfPage":{"@id":"https:\/\/japan-collector.com\/product\/display-scarlet-ex-sv1s\/#primaryimage"},"image":{"@id":"https:\/\/japan-collector.com\/product\/display-scarlet-ex-sv1s\/#primaryimage"},"thumbnailUrl":"https:\/\/japan-collector.com\/wp-content\/uploads\/2023\/10\/SV1S_resultat.webp","datePublished":"2022-12-11T12:53:21+00:00","dateModified":"2024-10-18T17:57:39+00:00","description":"SCARLET EX SV1S, Display Pokemon Scarlet in Japanese, shipped quickly from France with no hidden fees at Japan Collector","breadcrumb":{"@id":"https:\/\/japan-collector.com\/product\/display-scarlet-ex-sv1s\/#breadcrumb"},"inLanguage":"en-US","potentialAction":[{"@type":"ReadAction","target":["https:\/\/japan-collector.com\/product\/display-scarlet-ex-sv1s\/"]}]},{"@type":"ImageObject","inLanguage":"en-US","@id":"https:\/\/japan-collector.com\/product\/display-scarlet-ex-sv1s\/#primaryimage","url":"https:\/\/japan-collector.com\/wp-content\/uploads\/2023\/10\/SV1S_resultat.webp","contentUrl":"https:\/\/japan-collector.com\/wp-content\/uploads\/2023\/10\/SV1S_resultat.webp","width":1080,"height":1080,"caption":"BOOSTER DISPLAY POKEMON SCARLET EX VIOLET EX SV1S"},{"@type":"BreadcrumbList","@id":"https:\/\/japan-collector.com\/product\/display-scarlet-ex-sv1s\/#breadcrumb","itemListElement":[{"@type":"ListItem","position":1,"name":"Accueil","item":"https:\/\/japan-collector.com\/"},{"@type":"ListItem","position":2,"name":"Produits","item":"https:\/\/japan-collector.com\/shop\/"},{"@type":"ListItem","position":3,"name":"Display Scarlet EX [SV1S]"}]},{"@type":"WebSite","@id":"https:\/\/japan-collector.com\/#website","url":"https:\/\/japan-collector.com\/","name":"Japan Collector | Pok\u00e9mon &amp; TCG Shop","description":"Japanese essence, delivered to your door.","publisher":{"@id":"https:\/\/japan-collector.com\/#organization"},"potentialAction":[{"@type":"SearchAction","target":{"@type":"EntryPoint","urlTemplate":"https:\/\/japan-collector.com\/?s={search_term_string}"},"query-input":{"@type":"PropertyValueSpecification","valueRequired":true,"valueName":"search_term_string"}}],"inLanguage":"en-US"},{"@type":"Organization","@id":"https:\/\/japan-collector.com\/#organization","name":"Japan Collector","url":"https:\/\/japan-collector.com\/","logo":{"@type":"ImageObject","inLanguage":"en-US","@id":"https:\/\/japan-collector.com\/#\/schema\/logo\/image\/","url":"https:\/\/japan-collector.com\/wp-content\/uploads\/2023\/10\/Capture_d_ecran_2022-12-19_a_18.32.10-removebg-preview.png","contentUrl":"https:\/\/japan-collector.com\/wp-content\/uploads\/2023\/10\/Capture_d_ecran_2022-12-19_a_18.32.10-removebg-preview.png","width":389,"height":139,"caption":"Japan Collector"},"image":{"@id":"https:\/\/japan-collector.com\/#\/schema\/logo\/image\/"},"sameAs":["https:\/\/www.facebook.com\/japan.collector","https:\/\/www.instagram.com\/japan.collector\/"]}]}},"jetpack_sharing_enabled":true,"_links":{"self":[{"href":"https:\/\/japan-collector.com\/en\/wp-json\/wp\/v2\/product\/10481","targetHints":{"allow":["GET"]}}],"collection":[{"href":"https:\/\/japan-collector.com\/en\/wp-json\/wp\/v2\/product"}],"about":[{"href":"https:\/\/japan-collector.com\/en\/wp-json\/wp\/v2\/types\/product"}],"wp:featuredmedia":[{"embeddable":true,"href":"https:\/\/japan-collector.com\/en\/wp-json\/wp\/v2\/media\/29306"}],"wp:attachment":[{"href":"https:\/\/japan-collector.com\/en\/wp-json\/wp\/v2\/media?parent=10481"}],"wp:term":[{"taxonomy":"product_brand","embeddable":true,"href":"https:\/\/japan-collector.com\/en\/wp-json\/wp\/v2\/product_brand?post=10481"},{"taxonomy":"product_cat","embeddable":true,"href":"https:\/\/japan-collector.com\/en\/wp-json\/wp\/v2\/product_cat?post=10481"},{"taxonomy":"product_tag","embeddable":true,"href":"https:\/\/japan-collector.com\/en\/wp-json\/wp\/v2\/product_tag?post=10481"}],"curies":[{"name":"wp","href":"https:\/\/api.w.org\/{rel}","templated":true}]}}