{"id":31180,"date":"2023-10-31T15:57:42","date_gmt":"2023-10-31T15:57:42","guid":{"rendered":"https:\/\/japan-collector.com\/?post_type=product&#038;p=31180"},"modified":"2023-11-14T19:29:53","modified_gmt":"2023-11-14T19:29:53","slug":"pokemon-trading-card-game-classic-japan-version-2023","status":"publish","type":"product","link":"https:\/\/japan-collector.com\/en\/product\/pokemon-trading-card-game-classic-japan-version-2023\/","title":{"rendered":"Pokemon Trading Card Game Classic Japan Version 2023"},"content":{"rendered":"<h3>The classic Pok\u00e9mon card game! A unique rulebook that will keep you playing for years to come.<\/h3>\n<ul>\n<li>Official Japanese release date :<\/li>\n<li>Quantity discount<\/li>\n<li>Shipped from France<\/li>\n<li>Take advantage of your order for <a href=\"https:\/\/japan-collector.com\/en\/product-category\/accesoires\/\">accessories<\/a>, <a href=\"https:\/\/japan-collector.com\/en\/product\/100-sleeves-ultra-pro\/\">flexible protective sleeves<\/a>, <a href=\"https:\/\/japan-collector.com\/en\/product\/25-regular-toploaders-ultra-pro\/\">toploader regular ultra pro<\/a> etc...<\/li>\n<\/ul>","protected":false},"excerpt":{"rendered":"<ul>\n<li>Game mat case: 1 piece Game case with flap 3 pieces Game shield (64 pieces)... 3 set Toolbox - 64 pieces (10 damecans... 36 pieces, 50 damekans... 18 pieces, 100 damekan... 10 pieces) 2 each Basic energy card. Otherwise cannot be used in official competitions.<\/li>\n<li>Set contents: Playing cards (60 cards)... 3 * Due to the nature of the construction game, there are several identical cards.<\/li>\n<li>Ships within 7 to 10 working days<\/li>\n<li>Complete set with Japanese game board and decks, original<\/li>\n<\/ul>","protected":false},"featured_media":31181,"template":"","meta":[],"product_brand":[],"product_cat":[235],"product_tag":[],"class_list":{"0":"post-31180","1":"product","2":"type-product","3":"status-publish","4":"has-post-thumbnail","6":"product_cat-coffret-carte-pokemon","8":"first","9":"outofstock","10":"sold-individually","11":"taxable","12":"shipping-taxable","13":"purchasable","14":"product-type-simple"},"acf":[],"yoast_head":"<!-- This site is optimized with the Yoast SEO plugin v27.4 - https:\/\/yoast.com\/product\/yoast-seo-wordpress\/ -->\n<title>Pokemon Trading Card Game Classic Japan Version 2023 - Japan Collector | Boutique Pok\u00e9mon &amp; TCG<\/title>\n<meta name=\"robots\" content=\"index, follow, max-snippet:-1, max-image-preview:large, max-video-preview:-1\" \/>\n<link rel=\"canonical\" href=\"https:\/\/japan-collector.com\/en\/product\/pokemon-trading-card-game-classic-japan-version-2023\/\" \/>\n<meta property=\"og:locale\" content=\"en_US\" \/>\n<meta property=\"og:type\" content=\"article\" \/>\n<meta property=\"og:title\" content=\"Pokemon Trading Card Game Classic Japan Version 2023 - Japan Collector | Boutique Pok\u00e9mon &amp; TCG\" \/>\n<meta property=\"og:description\" content=\"Mallette int\u00e9gr\u00e9e au tapis de jeu : 1 pi\u00e8ce \u00c9tui de jeu \u00e0 rabat 3 pi\u00e8ces Bouclier de jeu (64 pi\u00e8ces)... 3 set Bo\u00eete \u00e0 outils - 64 pi\u00e8ces (10 dam\u00e9cans... 36 pi\u00e8ces, 50 damekans... 18 pi\u00e8ces, 100 damekan... 10 pi\u00e8ces) 2 chacune Carte d&#039;\u00e9nergie de base. Sinon, il ne peut pas \u00eatre utilis\u00e9 dans les comp\u00e9titions officielles  Contenu du jeu : Jeu de cartes (60 cartes)... 3 * En raison de la nature du jeu de construction, il y a plusieurs cartes identiques.  Exp\u00e9dition sous 7 \u00e0 10 jours ouvrables  Set complet avec le plateau de jeu et les decks en japonais, original\" \/>\n<meta property=\"og:url\" content=\"https:\/\/japan-collector.com\/en\/product\/pokemon-trading-card-game-classic-japan-version-2023\/\" \/>\n<meta property=\"og:site_name\" content=\"Japan Collector | Boutique Pok\u00e9mon &amp; TCG\" \/>\n<meta property=\"article:publisher\" content=\"https:\/\/www.facebook.com\/japan.collector\" \/>\n<meta property=\"article:modified_time\" content=\"2023-11-14T19:29:53+00:00\" \/>\n<meta property=\"og:image\" content=\"https:\/\/japan-collector.com\/wp-content\/uploads\/2023\/10\/SV3A-3.png\" \/>\n\t<meta property=\"og:image:width\" content=\"1080\" \/>\n\t<meta property=\"og:image:height\" content=\"1080\" \/>\n\t<meta property=\"og:image:type\" content=\"image\/png\" \/>\n<meta name=\"twitter:card\" content=\"summary_large_image\" \/>\n<meta name=\"twitter:label1\" content=\"Est. reading time\" \/>\n\t<meta name=\"twitter:data1\" content=\"1 minute\" \/>\n<script type=\"application\/ld+json\" class=\"yoast-schema-graph\">{\"@context\":\"https:\\\/\\\/schema.org\",\"@graph\":[{\"@type\":\"WebPage\",\"@id\":\"https:\\\/\\\/japan-collector.com\\\/product\\\/pokemon-trading-card-game-classic-japan-version-2023\\\/\",\"url\":\"https:\\\/\\\/japan-collector.com\\\/product\\\/pokemon-trading-card-game-classic-japan-version-2023\\\/\",\"name\":\"Pokemon Trading Card Game Classic Japan Version 2023 - Japan Collector | Boutique Pok\u00e9mon &amp; TCG\",\"isPartOf\":{\"@id\":\"https:\\\/\\\/japan-collector.com\\\/#website\"},\"primaryImageOfPage\":{\"@id\":\"https:\\\/\\\/japan-collector.com\\\/product\\\/pokemon-trading-card-game-classic-japan-version-2023\\\/#primaryimage\"},\"image\":{\"@id\":\"https:\\\/\\\/japan-collector.com\\\/product\\\/pokemon-trading-card-game-classic-japan-version-2023\\\/#primaryimage\"},\"thumbnailUrl\":\"https:\\\/\\\/japan-collector.com\\\/wp-content\\\/uploads\\\/2023\\\/10\\\/SV3A-3.png\",\"datePublished\":\"2023-10-31T15:57:42+00:00\",\"dateModified\":\"2023-11-14T19:29:53+00:00\",\"breadcrumb\":{\"@id\":\"https:\\\/\\\/japan-collector.com\\\/product\\\/pokemon-trading-card-game-classic-japan-version-2023\\\/#breadcrumb\"},\"inLanguage\":\"en-US\",\"potentialAction\":[{\"@type\":\"ReadAction\",\"target\":[\"https:\\\/\\\/japan-collector.com\\\/product\\\/pokemon-trading-card-game-classic-japan-version-2023\\\/\"]}]},{\"@type\":\"ImageObject\",\"inLanguage\":\"en-US\",\"@id\":\"https:\\\/\\\/japan-collector.com\\\/product\\\/pokemon-trading-card-game-classic-japan-version-2023\\\/#primaryimage\",\"url\":\"https:\\\/\\\/japan-collector.com\\\/wp-content\\\/uploads\\\/2023\\\/10\\\/SV3A-3.png\",\"contentUrl\":\"https:\\\/\\\/japan-collector.com\\\/wp-content\\\/uploads\\\/2023\\\/10\\\/SV3A-3.png\",\"width\":1080,\"height\":1080},{\"@type\":\"BreadcrumbList\",\"@id\":\"https:\\\/\\\/japan-collector.com\\\/product\\\/pokemon-trading-card-game-classic-japan-version-2023\\\/#breadcrumb\",\"itemListElement\":[{\"@type\":\"ListItem\",\"position\":1,\"name\":\"Accueil\",\"item\":\"https:\\\/\\\/japan-collector.com\\\/\"},{\"@type\":\"ListItem\",\"position\":2,\"name\":\"Produits\",\"item\":\"https:\\\/\\\/japan-collector.com\\\/shop\\\/\"},{\"@type\":\"ListItem\",\"position\":3,\"name\":\"Pokemon Trading Card Game Classic Japan Version 2023\"}]},{\"@type\":\"WebSite\",\"@id\":\"https:\\\/\\\/japan-collector.com\\\/#website\",\"url\":\"https:\\\/\\\/japan-collector.com\\\/\",\"name\":\"Japan Collector | Boutique Pok\u00e9mon &amp; TCG\",\"description\":\"L&#039;essence du Japon, livr\u00e9e \u00e0 votre porte.\",\"publisher\":{\"@id\":\"https:\\\/\\\/japan-collector.com\\\/#organization\"},\"potentialAction\":[{\"@type\":\"SearchAction\",\"target\":{\"@type\":\"EntryPoint\",\"urlTemplate\":\"https:\\\/\\\/japan-collector.com\\\/?s={search_term_string}\"},\"query-input\":{\"@type\":\"PropertyValueSpecification\",\"valueRequired\":true,\"valueName\":\"search_term_string\"}}],\"inLanguage\":\"en-US\"},{\"@type\":\"Organization\",\"@id\":\"https:\\\/\\\/japan-collector.com\\\/#organization\",\"name\":\"Japan Collector\",\"url\":\"https:\\\/\\\/japan-collector.com\\\/\",\"logo\":{\"@type\":\"ImageObject\",\"inLanguage\":\"en-US\",\"@id\":\"https:\\\/\\\/japan-collector.com\\\/#\\\/schema\\\/logo\\\/image\\\/\",\"url\":\"https:\\\/\\\/japan-collector.com\\\/wp-content\\\/uploads\\\/2023\\\/10\\\/Capture_d_ecran_2022-12-19_a_18.32.10-removebg-preview.png\",\"contentUrl\":\"https:\\\/\\\/japan-collector.com\\\/wp-content\\\/uploads\\\/2023\\\/10\\\/Capture_d_ecran_2022-12-19_a_18.32.10-removebg-preview.png\",\"width\":389,\"height\":139,\"caption\":\"Japan Collector\"},\"image\":{\"@id\":\"https:\\\/\\\/japan-collector.com\\\/#\\\/schema\\\/logo\\\/image\\\/\"},\"sameAs\":[\"https:\\\/\\\/www.facebook.com\\\/japan.collector\",\"https:\\\/\\\/www.instagram.com\\\/japan.collector\\\/\"]}]}<\/script>\n<!-- \/ Yoast SEO plugin. -->","yoast_head_json":{"title":"Pokemon Trading Card Game Classic Japan Version 2023 - Japan Collector | Boutique Pok\u00e9mon &amp; TCG","robots":{"index":"index","follow":"follow","max-snippet":"max-snippet:-1","max-image-preview":"max-image-preview:large","max-video-preview":"max-video-preview:-1"},"canonical":"https:\/\/japan-collector.com\/en\/product\/pokemon-trading-card-game-classic-japan-version-2023\/","og_locale":"en_US","og_type":"article","og_title":"Pokemon Trading Card Game Classic Japan Version 2023 - Japan Collector | Boutique Pok\u00e9mon &amp; TCG","og_description":"Mallette int\u00e9gr\u00e9e au tapis de jeu : 1 pi\u00e8ce \u00c9tui de jeu \u00e0 rabat 3 pi\u00e8ces Bouclier de jeu (64 pi\u00e8ces)... 3 set Bo\u00eete \u00e0 outils - 64 pi\u00e8ces (10 dam\u00e9cans... 36 pi\u00e8ces, 50 damekans... 18 pi\u00e8ces, 100 damekan... 10 pi\u00e8ces) 2 chacune Carte d'\u00e9nergie de base. Sinon, il ne peut pas \u00eatre utilis\u00e9 dans les comp\u00e9titions officielles  Contenu du jeu : Jeu de cartes (60 cartes)... 3 * En raison de la nature du jeu de construction, il y a plusieurs cartes identiques.  Exp\u00e9dition sous 7 \u00e0 10 jours ouvrables  Set complet avec le plateau de jeu et les decks en japonais, original","og_url":"https:\/\/japan-collector.com\/en\/product\/pokemon-trading-card-game-classic-japan-version-2023\/","og_site_name":"Japan Collector | Boutique Pok\u00e9mon &amp; TCG","article_publisher":"https:\/\/www.facebook.com\/japan.collector","article_modified_time":"2023-11-14T19:29:53+00:00","og_image":[{"width":1080,"height":1080,"url":"https:\/\/japan-collector.com\/wp-content\/uploads\/2023\/10\/SV3A-3.png","type":"image\/png"}],"twitter_card":"summary_large_image","twitter_misc":{"Est. reading time":"1 minute"},"schema":{"@context":"https:\/\/schema.org","@graph":[{"@type":"WebPage","@id":"https:\/\/japan-collector.com\/product\/pokemon-trading-card-game-classic-japan-version-2023\/","url":"https:\/\/japan-collector.com\/product\/pokemon-trading-card-game-classic-japan-version-2023\/","name":"Pokemon Trading Card Game Classic Japan Version 2023 - Japan Collector | Boutique Pok\u00e9mon &amp; TCG","isPartOf":{"@id":"https:\/\/japan-collector.com\/#website"},"primaryImageOfPage":{"@id":"https:\/\/japan-collector.com\/product\/pokemon-trading-card-game-classic-japan-version-2023\/#primaryimage"},"image":{"@id":"https:\/\/japan-collector.com\/product\/pokemon-trading-card-game-classic-japan-version-2023\/#primaryimage"},"thumbnailUrl":"https:\/\/japan-collector.com\/wp-content\/uploads\/2023\/10\/SV3A-3.png","datePublished":"2023-10-31T15:57:42+00:00","dateModified":"2023-11-14T19:29:53+00:00","breadcrumb":{"@id":"https:\/\/japan-collector.com\/product\/pokemon-trading-card-game-classic-japan-version-2023\/#breadcrumb"},"inLanguage":"en-US","potentialAction":[{"@type":"ReadAction","target":["https:\/\/japan-collector.com\/product\/pokemon-trading-card-game-classic-japan-version-2023\/"]}]},{"@type":"ImageObject","inLanguage":"en-US","@id":"https:\/\/japan-collector.com\/product\/pokemon-trading-card-game-classic-japan-version-2023\/#primaryimage","url":"https:\/\/japan-collector.com\/wp-content\/uploads\/2023\/10\/SV3A-3.png","contentUrl":"https:\/\/japan-collector.com\/wp-content\/uploads\/2023\/10\/SV3A-3.png","width":1080,"height":1080},{"@type":"BreadcrumbList","@id":"https:\/\/japan-collector.com\/product\/pokemon-trading-card-game-classic-japan-version-2023\/#breadcrumb","itemListElement":[{"@type":"ListItem","position":1,"name":"Accueil","item":"https:\/\/japan-collector.com\/"},{"@type":"ListItem","position":2,"name":"Produits","item":"https:\/\/japan-collector.com\/shop\/"},{"@type":"ListItem","position":3,"name":"Pokemon Trading Card Game Classic Japan Version 2023"}]},{"@type":"WebSite","@id":"https:\/\/japan-collector.com\/#website","url":"https:\/\/japan-collector.com\/","name":"Japan Collector | Pok\u00e9mon &amp; TCG Shop","description":"Japanese essence, delivered to your door.","publisher":{"@id":"https:\/\/japan-collector.com\/#organization"},"potentialAction":[{"@type":"SearchAction","target":{"@type":"EntryPoint","urlTemplate":"https:\/\/japan-collector.com\/?s={search_term_string}"},"query-input":{"@type":"PropertyValueSpecification","valueRequired":true,"valueName":"search_term_string"}}],"inLanguage":"en-US"},{"@type":"Organization","@id":"https:\/\/japan-collector.com\/#organization","name":"Japan Collector","url":"https:\/\/japan-collector.com\/","logo":{"@type":"ImageObject","inLanguage":"en-US","@id":"https:\/\/japan-collector.com\/#\/schema\/logo\/image\/","url":"https:\/\/japan-collector.com\/wp-content\/uploads\/2023\/10\/Capture_d_ecran_2022-12-19_a_18.32.10-removebg-preview.png","contentUrl":"https:\/\/japan-collector.com\/wp-content\/uploads\/2023\/10\/Capture_d_ecran_2022-12-19_a_18.32.10-removebg-preview.png","width":389,"height":139,"caption":"Japan Collector"},"image":{"@id":"https:\/\/japan-collector.com\/#\/schema\/logo\/image\/"},"sameAs":["https:\/\/www.facebook.com\/japan.collector","https:\/\/www.instagram.com\/japan.collector\/"]}]}},"jetpack_sharing_enabled":true,"_links":{"self":[{"href":"https:\/\/japan-collector.com\/en\/wp-json\/wp\/v2\/product\/31180","targetHints":{"allow":["GET"]}}],"collection":[{"href":"https:\/\/japan-collector.com\/en\/wp-json\/wp\/v2\/product"}],"about":[{"href":"https:\/\/japan-collector.com\/en\/wp-json\/wp\/v2\/types\/product"}],"wp:featuredmedia":[{"embeddable":true,"href":"https:\/\/japan-collector.com\/en\/wp-json\/wp\/v2\/media\/31181"}],"wp:attachment":[{"href":"https:\/\/japan-collector.com\/en\/wp-json\/wp\/v2\/media?parent=31180"}],"wp:term":[{"taxonomy":"product_brand","embeddable":true,"href":"https:\/\/japan-collector.com\/en\/wp-json\/wp\/v2\/product_brand?post=31180"},{"taxonomy":"product_cat","embeddable":true,"href":"https:\/\/japan-collector.com\/en\/wp-json\/wp\/v2\/product_cat?post=31180"},{"taxonomy":"product_tag","embeddable":true,"href":"https:\/\/japan-collector.com\/en\/wp-json\/wp\/v2\/product_tag?post=31180"}],"curies":[{"name":"wp","href":"https:\/\/api.w.org\/{rel}","templated":true}]}}