{"id":7094,"date":"2022-07-05T00:20:34","date_gmt":"2022-07-05T00:20:34","guid":{"rendered":"https:\/\/japan-collector.com\/?post_type=product&#038;p=7094"},"modified":"2024-10-18T17:58:43","modified_gmt":"2024-10-18T17:58:43","slug":"coffret-premium-mewtwo-japonais-pokemon-go","status":"publish","type":"product","link":"https:\/\/japan-collector.com\/en\/product\/pokemon-go-premium-japanese-mewtwo-set\/","title":{"rendered":"Premium Japanese Mewtwo POK\u00c9MON GO set"},"content":{"rendered":"","protected":false},"excerpt":{"rendered":"<ul>\n<li>Shipped from France<\/li>\n<li>1 Pok\u00e9mon GO Card Frame<\/li>\n<li>6 Pok\u00e9mon Go Booster<\/li>\n<li>1 Mewtwo V PROMO card<\/li>\n<li>1 Protective deck box<\/li>\n<li>7 Stickers<\/li>\n<li>1 Pok\u00e9mon Token<\/li>\n<\/ul>","protected":false},"featured_media":31368,"template":"","meta":[],"product_brand":[],"product_cat":[235],"product_tag":[],"class_list":{"0":"post-7094","1":"product","2":"type-product","3":"status-publish","4":"has-post-thumbnail","6":"product_cat-coffret-carte-pokemon","8":"first","9":"outofstock","10":"taxable","11":"shipping-taxable","12":"purchasable","13":"product-type-simple"},"acf":[],"yoast_head":"<!-- This site is optimized with the Yoast SEO plugin v27.3 - https:\/\/yoast.com\/product\/yoast-seo-wordpress\/ -->\n<title>Coffret Premium Mewtwo Japonais POK\u00c9MON GO - Japan Collector | Boutique Pok\u00e9mon &amp; TCG<\/title>\n<meta name=\"robots\" content=\"index, follow, max-snippet:-1, max-image-preview:large, max-video-preview:-1\" \/>\n<link rel=\"canonical\" href=\"https:\/\/japan-collector.com\/en\/product\/pokemon-go-premium-japanese-mewtwo-set\/\" \/>\n<meta property=\"og:locale\" content=\"en_US\" \/>\n<meta property=\"og:type\" content=\"article\" \/>\n<meta property=\"og:title\" content=\"Coffret Premium Mewtwo Japonais POK\u00c9MON GO - Japan Collector | Boutique Pok\u00e9mon &amp; TCG\" \/>\n<meta property=\"og:description\" content=\"Exp\u00e9di\u00e9 depuis la France  1 Cadre pour Carte Pok\u00e9mon GO  6 Booster Pok\u00e9mon Go  1 Carte Mewtwo V PROMO  1 Bo\u00eete de protection de deck  7 Autocollants  1 Jeton Pok\u00e9mon\" \/>\n<meta property=\"og:url\" content=\"https:\/\/japan-collector.com\/en\/product\/pokemon-go-premium-japanese-mewtwo-set\/\" \/>\n<meta property=\"og:site_name\" content=\"Japan Collector | Boutique Pok\u00e9mon &amp; TCG\" \/>\n<meta property=\"article:publisher\" content=\"https:\/\/www.facebook.com\/japan.collector\" \/>\n<meta property=\"article:modified_time\" content=\"2024-10-18T17:58:43+00:00\" \/>\n<meta property=\"og:image\" content=\"https:\/\/japan-collector.com\/wp-content\/uploads\/2022\/06\/accesoires-_3_.webp\" \/>\n\t<meta property=\"og:image:width\" content=\"1080\" \/>\n\t<meta property=\"og:image:height\" content=\"1080\" \/>\n\t<meta property=\"og:image:type\" content=\"image\/webp\" \/>\n<meta name=\"twitter:card\" content=\"summary_large_image\" \/>\n<script type=\"application\/ld+json\" class=\"yoast-schema-graph\">{\"@context\":\"https:\\\/\\\/schema.org\",\"@graph\":[{\"@type\":\"WebPage\",\"@id\":\"https:\\\/\\\/japan-collector.com\\\/product\\\/coffret-premium-mewtwo-japonais-pokemon-go\\\/\",\"url\":\"https:\\\/\\\/japan-collector.com\\\/product\\\/coffret-premium-mewtwo-japonais-pokemon-go\\\/\",\"name\":\"Coffret Premium Mewtwo Japonais POK\u00c9MON GO - Japan Collector | Boutique Pok\u00e9mon &amp; TCG\",\"isPartOf\":{\"@id\":\"https:\\\/\\\/japan-collector.com\\\/#website\"},\"primaryImageOfPage\":{\"@id\":\"https:\\\/\\\/japan-collector.com\\\/product\\\/coffret-premium-mewtwo-japonais-pokemon-go\\\/#primaryimage\"},\"image\":{\"@id\":\"https:\\\/\\\/japan-collector.com\\\/product\\\/coffret-premium-mewtwo-japonais-pokemon-go\\\/#primaryimage\"},\"thumbnailUrl\":\"https:\\\/\\\/japan-collector.com\\\/wp-content\\\/uploads\\\/2022\\\/06\\\/accesoires-_3_.webp\",\"datePublished\":\"2022-07-05T00:20:34+00:00\",\"dateModified\":\"2024-10-18T17:58:43+00:00\",\"breadcrumb\":{\"@id\":\"https:\\\/\\\/japan-collector.com\\\/product\\\/coffret-premium-mewtwo-japonais-pokemon-go\\\/#breadcrumb\"},\"inLanguage\":\"en-US\",\"potentialAction\":[{\"@type\":\"ReadAction\",\"target\":[\"https:\\\/\\\/japan-collector.com\\\/product\\\/coffret-premium-mewtwo-japonais-pokemon-go\\\/\"]}]},{\"@type\":\"ImageObject\",\"inLanguage\":\"en-US\",\"@id\":\"https:\\\/\\\/japan-collector.com\\\/product\\\/coffret-premium-mewtwo-japonais-pokemon-go\\\/#primaryimage\",\"url\":\"https:\\\/\\\/japan-collector.com\\\/wp-content\\\/uploads\\\/2022\\\/06\\\/accesoires-_3_.webp\",\"contentUrl\":\"https:\\\/\\\/japan-collector.com\\\/wp-content\\\/uploads\\\/2022\\\/06\\\/accesoires-_3_.webp\",\"width\":1080,\"height\":1080},{\"@type\":\"BreadcrumbList\",\"@id\":\"https:\\\/\\\/japan-collector.com\\\/product\\\/coffret-premium-mewtwo-japonais-pokemon-go\\\/#breadcrumb\",\"itemListElement\":[{\"@type\":\"ListItem\",\"position\":1,\"name\":\"Accueil\",\"item\":\"https:\\\/\\\/japan-collector.com\\\/\"},{\"@type\":\"ListItem\",\"position\":2,\"name\":\"Produits\",\"item\":\"https:\\\/\\\/japan-collector.com\\\/shop\\\/\"},{\"@type\":\"ListItem\",\"position\":3,\"name\":\"Coffret Premium Mewtwo Japonais POK\u00c9MON GO\"}]},{\"@type\":\"WebSite\",\"@id\":\"https:\\\/\\\/japan-collector.com\\\/#website\",\"url\":\"https:\\\/\\\/japan-collector.com\\\/\",\"name\":\"Japan Collector | Boutique Pok\u00e9mon &amp; TCG\",\"description\":\"L&#039;essence du Japon, livr\u00e9e \u00e0 votre porte.\",\"publisher\":{\"@id\":\"https:\\\/\\\/japan-collector.com\\\/#organization\"},\"potentialAction\":[{\"@type\":\"SearchAction\",\"target\":{\"@type\":\"EntryPoint\",\"urlTemplate\":\"https:\\\/\\\/japan-collector.com\\\/?s={search_term_string}\"},\"query-input\":{\"@type\":\"PropertyValueSpecification\",\"valueRequired\":true,\"valueName\":\"search_term_string\"}}],\"inLanguage\":\"en-US\"},{\"@type\":\"Organization\",\"@id\":\"https:\\\/\\\/japan-collector.com\\\/#organization\",\"name\":\"Japan Collector\",\"url\":\"https:\\\/\\\/japan-collector.com\\\/\",\"logo\":{\"@type\":\"ImageObject\",\"inLanguage\":\"en-US\",\"@id\":\"https:\\\/\\\/japan-collector.com\\\/#\\\/schema\\\/logo\\\/image\\\/\",\"url\":\"https:\\\/\\\/japan-collector.com\\\/wp-content\\\/uploads\\\/2023\\\/10\\\/Capture_d_ecran_2022-12-19_a_18.32.10-removebg-preview.png\",\"contentUrl\":\"https:\\\/\\\/japan-collector.com\\\/wp-content\\\/uploads\\\/2023\\\/10\\\/Capture_d_ecran_2022-12-19_a_18.32.10-removebg-preview.png\",\"width\":389,\"height\":139,\"caption\":\"Japan Collector\"},\"image\":{\"@id\":\"https:\\\/\\\/japan-collector.com\\\/#\\\/schema\\\/logo\\\/image\\\/\"},\"sameAs\":[\"https:\\\/\\\/www.facebook.com\\\/japan.collector\",\"https:\\\/\\\/www.instagram.com\\\/japan.collector\\\/\"]}]}<\/script>\n<!-- \/ Yoast SEO plugin. -->","yoast_head_json":{"title":"Premium Japanese Mewtwo Box Set POK\u00c9MON GO - Japan Collector | Pok\u00e9mon &amp; TCG Shop","robots":{"index":"index","follow":"follow","max-snippet":"max-snippet:-1","max-image-preview":"max-image-preview:large","max-video-preview":"max-video-preview:-1"},"canonical":"https:\/\/japan-collector.com\/en\/product\/pokemon-go-premium-japanese-mewtwo-set\/","og_locale":"en_US","og_type":"article","og_title":"Coffret Premium Mewtwo Japonais POK\u00c9MON GO - Japan Collector | Boutique Pok\u00e9mon &amp; TCG","og_description":"Exp\u00e9di\u00e9 depuis la France  1 Cadre pour Carte Pok\u00e9mon GO  6 Booster Pok\u00e9mon Go  1 Carte Mewtwo V PROMO  1 Bo\u00eete de protection de deck  7 Autocollants  1 Jeton Pok\u00e9mon","og_url":"https:\/\/japan-collector.com\/en\/product\/pokemon-go-premium-japanese-mewtwo-set\/","og_site_name":"Japan Collector | Boutique Pok\u00e9mon &amp; TCG","article_publisher":"https:\/\/www.facebook.com\/japan.collector","article_modified_time":"2024-10-18T17:58:43+00:00","og_image":[{"width":1080,"height":1080,"url":"https:\/\/japan-collector.com\/wp-content\/uploads\/2022\/06\/accesoires-_3_.webp","type":"image\/webp"}],"twitter_card":"summary_large_image","schema":{"@context":"https:\/\/schema.org","@graph":[{"@type":"WebPage","@id":"https:\/\/japan-collector.com\/product\/coffret-premium-mewtwo-japonais-pokemon-go\/","url":"https:\/\/japan-collector.com\/product\/coffret-premium-mewtwo-japonais-pokemon-go\/","name":"Premium Japanese Mewtwo Box Set POK\u00c9MON GO - Japan Collector | Pok\u00e9mon &amp; TCG Shop","isPartOf":{"@id":"https:\/\/japan-collector.com\/#website"},"primaryImageOfPage":{"@id":"https:\/\/japan-collector.com\/product\/coffret-premium-mewtwo-japonais-pokemon-go\/#primaryimage"},"image":{"@id":"https:\/\/japan-collector.com\/product\/coffret-premium-mewtwo-japonais-pokemon-go\/#primaryimage"},"thumbnailUrl":"https:\/\/japan-collector.com\/wp-content\/uploads\/2022\/06\/accesoires-_3_.webp","datePublished":"2022-07-05T00:20:34+00:00","dateModified":"2024-10-18T17:58:43+00:00","breadcrumb":{"@id":"https:\/\/japan-collector.com\/product\/coffret-premium-mewtwo-japonais-pokemon-go\/#breadcrumb"},"inLanguage":"en-US","potentialAction":[{"@type":"ReadAction","target":["https:\/\/japan-collector.com\/product\/coffret-premium-mewtwo-japonais-pokemon-go\/"]}]},{"@type":"ImageObject","inLanguage":"en-US","@id":"https:\/\/japan-collector.com\/product\/coffret-premium-mewtwo-japonais-pokemon-go\/#primaryimage","url":"https:\/\/japan-collector.com\/wp-content\/uploads\/2022\/06\/accesoires-_3_.webp","contentUrl":"https:\/\/japan-collector.com\/wp-content\/uploads\/2022\/06\/accesoires-_3_.webp","width":1080,"height":1080},{"@type":"BreadcrumbList","@id":"https:\/\/japan-collector.com\/product\/coffret-premium-mewtwo-japonais-pokemon-go\/#breadcrumb","itemListElement":[{"@type":"ListItem","position":1,"name":"Accueil","item":"https:\/\/japan-collector.com\/"},{"@type":"ListItem","position":2,"name":"Produits","item":"https:\/\/japan-collector.com\/shop\/"},{"@type":"ListItem","position":3,"name":"Coffret Premium Mewtwo Japonais POK\u00c9MON GO"}]},{"@type":"WebSite","@id":"https:\/\/japan-collector.com\/#website","url":"https:\/\/japan-collector.com\/","name":"Japan Collector | Pok\u00e9mon &amp; TCG Shop","description":"Japanese essence, delivered to your door.","publisher":{"@id":"https:\/\/japan-collector.com\/#organization"},"potentialAction":[{"@type":"SearchAction","target":{"@type":"EntryPoint","urlTemplate":"https:\/\/japan-collector.com\/?s={search_term_string}"},"query-input":{"@type":"PropertyValueSpecification","valueRequired":true,"valueName":"search_term_string"}}],"inLanguage":"en-US"},{"@type":"Organization","@id":"https:\/\/japan-collector.com\/#organization","name":"Japan Collector","url":"https:\/\/japan-collector.com\/","logo":{"@type":"ImageObject","inLanguage":"en-US","@id":"https:\/\/japan-collector.com\/#\/schema\/logo\/image\/","url":"https:\/\/japan-collector.com\/wp-content\/uploads\/2023\/10\/Capture_d_ecran_2022-12-19_a_18.32.10-removebg-preview.png","contentUrl":"https:\/\/japan-collector.com\/wp-content\/uploads\/2023\/10\/Capture_d_ecran_2022-12-19_a_18.32.10-removebg-preview.png","width":389,"height":139,"caption":"Japan Collector"},"image":{"@id":"https:\/\/japan-collector.com\/#\/schema\/logo\/image\/"},"sameAs":["https:\/\/www.facebook.com\/japan.collector","https:\/\/www.instagram.com\/japan.collector\/"]}]}},"jetpack_sharing_enabled":true,"_links":{"self":[{"href":"https:\/\/japan-collector.com\/en\/wp-json\/wp\/v2\/product\/7094","targetHints":{"allow":["GET"]}}],"collection":[{"href":"https:\/\/japan-collector.com\/en\/wp-json\/wp\/v2\/product"}],"about":[{"href":"https:\/\/japan-collector.com\/en\/wp-json\/wp\/v2\/types\/product"}],"wp:featuredmedia":[{"embeddable":true,"href":"https:\/\/japan-collector.com\/en\/wp-json\/wp\/v2\/media\/31368"}],"wp:attachment":[{"href":"https:\/\/japan-collector.com\/en\/wp-json\/wp\/v2\/media?parent=7094"}],"wp:term":[{"taxonomy":"product_brand","embeddable":true,"href":"https:\/\/japan-collector.com\/en\/wp-json\/wp\/v2\/product_brand?post=7094"},{"taxonomy":"product_cat","embeddable":true,"href":"https:\/\/japan-collector.com\/en\/wp-json\/wp\/v2\/product_cat?post=7094"},{"taxonomy":"product_tag","embeddable":true,"href":"https:\/\/japan-collector.com\/en\/wp-json\/wp\/v2\/product_tag?post=7094"}],"curies":[{"name":"wp","href":"https:\/\/api.w.org\/{rel}","templated":true}]}}