{"id":10904,"date":"2022-12-15T22:40:48","date_gmt":"2022-12-15T22:40:48","guid":{"rendered":"https:\/\/japan-collector.com\/?post_type=product&#038;p=10904"},"modified":"2024-10-18T17:57:25","modified_gmt":"2024-10-18T17:57:25","slug":"gradation-psa","status":"publish","type":"product","link":"https:\/\/japan-collector.com\/es\/product\/atenuacion-psa\/","title":{"rendered":"Servicio de atenuaci\u00f3n PSA"},"content":{"rendered":"<h2>\u00bfCu\u00e1l es el tiempo de espera estimado para la devoluci\u00f3n de mis tarjetas PSA?<\/h2>\n<ul>\n<li>El tiempo medio de espera anunciado por PSA es de 65 d\u00edas laborables para los env\u00edos Regular y Value, y de 10 d\u00edas laborables para los env\u00edos Express, pero esto puede suponer un tiempo de espera adicional por el tiempo necesario para montar varias tarjetas Express, o un coste adicional.<\/li>\n<li>Por nuestra parte, estimamos que la horquilla sigue siendo m\u00e1s amplia que los plazos anunciados por PSA.<\/li>\n<\/ul>\n<h2>\u00bfPor qu\u00e9 elegir PSA para autenticar y tasar mis tarjetas?<\/h2>\n<ul>\n<li>PSA es l\u00edder del mercado desde 1991, con millones de tarjetas clasificadas producidas cada a\u00f1o, la empresa es reconocida en todo el mundo y apreciada por los coleccionistas.<\/li>\n<\/ul>\n<h2>\u00bfC\u00f3mo puedo comprobar el estado de mi pedido?<\/h2>\n<ul>\n<li>Estableceremos un sistema de seguimiento en nuestro sitio web y le mantendremos informado por correo electr\u00f3nico del progreso de su pedido durante el proceso.<\/li>\n<\/ul>\n<h2>\u00bfPuedo informarme sobre los nuestros antes de la recepci\u00f3n?<\/h2>\n<ul>\n<li>PSA env\u00eda la clasificaci\u00f3n de las tarjetas por correo electr\u00f3nico en el momento de la clasificaci\u00f3n. Si lo desea, podemos enviarle la clasificaci\u00f3n por adelantado, sin coste alguno.<\/li>\n<\/ul>\n<h2>\u00bfC\u00f3mo calculo el valor del seguro y el valor estimado de la tarjeta?<\/h2>\n<ul>\n<li>El precio que introduzca define el seguro y el valor de la tarjeta despu\u00e9s de la gradaci\u00f3n. Si su tarjeta vale un 10 debe introducir un valor de seguro que se corresponda, de lo contrario PSA se reserva el derecho de aumentar el precio de la gradaci\u00f3n para que el seguro se corresponda con el precio de mercado actual, y por lo tanto aumentar el precio de la gradaci\u00f3n para el cliente en caso de error o infravaloraci\u00f3n de la tarjeta. Lo comprobaremos y nos pondremos en contacto con usted antes de enviarle sus tarjetas para asegurarnos de que no haya sorpresas desagradables.<\/li>\n<li>Nos pondremos en contacto con usted tan pronto como PSA haya llevado a cabo la clasificaci\u00f3n y le haya facturado el servicio de clasificaci\u00f3n en caso de que haya costes adicionales relacionados con sus tarjetas.<\/li>\n<\/ul>\n<h2>\u00bfC\u00f3mo y d\u00f3nde env\u00edo mis tarjetas?<\/h2>\n<ul>\n<li>Una vez validado su pedido, le invitamos a enviar sus tarjetas a un punto de relevo Mondial.<\/li>\n<\/ul>\n<ul>\n<li>Utilizamos y le pedimos que utilice Mondial relay porque, en comparaci\u00f3n con otros transportistas, es el \u00fanico con el que no hemos tenido problemas hasta ahora. Si desea enviarnos las tarjetas de su pedido a trav\u00e9s de otro transportista o entreg\u00e1rnoslas en mano, p\u00f3ngase en contacto con nosotros.<\/li>\n<\/ul>\n<h2>Seguros :<\/h2>\n<ul>\n<li>Le recomendamos que asegure su paquete antes de enviarlo, ya que la empresa s\u00f3lo es responsable de recibir y abrir su paquete tras comprobar el contenido, que se filmar\u00e1 autom\u00e1ticamente para evitar cualquier litigio en caso de problemas durante el transporte hasta que hayamos recibido su paquete, y de los que no podemos hacernos responsables.<\/li>\n<li>Desde el momento en que recibimos sus tarjetas, nos hacemos responsables del importe del seguro correspondiente al pedido hasta que recibimos su paquete de Mondial Relay.<\/li>\n<li>Todos los env\u00edos de ida y vuelta a PSA est\u00e1n asegurados. El precio de la gradaci\u00f3n incluye todos los gastos, como seguro, aduanas, transportista, etc.<\/li>\n<\/ul>","protected":false},"excerpt":{"rendered":"<p>Enviar a PSA, por favor seleccione el valor estimado de sus tarjetas despu\u00e9s de la clasificaci\u00f3n para definir el seguro y el precio de la clasificaci\u00f3n.<\/p>","protected":false},"featured_media":29464,"template":"","meta":[],"product_brand":[],"product_cat":[15],"product_tag":[293],"class_list":{"0":"post-10904","1":"product","2":"type-product","3":"status-publish","4":"has-post-thumbnail","6":"product_cat-non-classe","7":"product_tag-service","9":"first","10":"outofstock","11":"taxable","12":"shipping-taxable","13":"product-type-variable","14":"has-default-attributes"},"acf":[],"yoast_head":"<!-- This site is optimized with the Yoast SEO plugin v27.3 - https:\/\/yoast.com\/product\/yoast-seo-wordpress\/ -->\n<title>Service de gradation PSA - Japan Collector | Boutique Pok\u00e9mon &amp; TCG<\/title>\n<meta name=\"robots\" content=\"index, follow, max-snippet:-1, max-image-preview:large, max-video-preview:-1\" \/>\n<link rel=\"canonical\" href=\"https:\/\/japan-collector.com\/es\/product\/atenuacion-psa\/\" \/>\n<meta property=\"og:locale\" content=\"es_ES\" \/>\n<meta property=\"og:type\" content=\"article\" \/>\n<meta property=\"og:title\" content=\"Service de gradation PSA - Japan Collector | Boutique Pok\u00e9mon &amp; TCG\" \/>\n<meta property=\"og:description\" content=\"Envoie chez PSA, veuillez s\u00e9lectionner la valeur estim\u00e9 de vos cartes apr\u00e8s gradation pour d\u00e9finir l&#039;assurance et le prix de la gradation\" \/>\n<meta property=\"og:url\" content=\"https:\/\/japan-collector.com\/es\/product\/atenuacion-psa\/\" \/>\n<meta property=\"og:site_name\" content=\"Japan Collector | Boutique Pok\u00e9mon &amp; TCG\" \/>\n<meta property=\"article:publisher\" content=\"https:\/\/www.facebook.com\/japan.collector\" \/>\n<meta property=\"article:modified_time\" content=\"2024-10-18T17:57:25+00:00\" \/>\n<meta property=\"og:image\" content=\"https:\/\/japan-collector.com\/wp-content\/uploads\/2022\/12\/sleeves-1.png\" \/>\n\t<meta property=\"og:image:width\" content=\"1080\" \/>\n\t<meta property=\"og:image:height\" content=\"1080\" \/>\n\t<meta property=\"og:image:type\" content=\"image\/png\" \/>\n<meta name=\"twitter:card\" content=\"summary_large_image\" \/>\n<meta name=\"twitter:label1\" content=\"Tiempo de lectura\" \/>\n\t<meta name=\"twitter:data1\" content=\"3 minutos\" \/>\n<script type=\"application\/ld+json\" class=\"yoast-schema-graph\">{\"@context\":\"https:\\\/\\\/schema.org\",\"@graph\":[{\"@type\":\"WebPage\",\"@id\":\"https:\\\/\\\/japan-collector.com\\\/product\\\/gradation-psa\\\/\",\"url\":\"https:\\\/\\\/japan-collector.com\\\/product\\\/gradation-psa\\\/\",\"name\":\"Service de gradation PSA - Japan Collector | Boutique Pok\u00e9mon &amp; TCG\",\"isPartOf\":{\"@id\":\"https:\\\/\\\/japan-collector.com\\\/#website\"},\"primaryImageOfPage\":{\"@id\":\"https:\\\/\\\/japan-collector.com\\\/product\\\/gradation-psa\\\/#primaryimage\"},\"image\":{\"@id\":\"https:\\\/\\\/japan-collector.com\\\/product\\\/gradation-psa\\\/#primaryimage\"},\"thumbnailUrl\":\"https:\\\/\\\/japan-collector.com\\\/wp-content\\\/uploads\\\/2022\\\/12\\\/sleeves-1.png\",\"datePublished\":\"2022-12-15T22:40:48+00:00\",\"dateModified\":\"2024-10-18T17:57:25+00:00\",\"breadcrumb\":{\"@id\":\"https:\\\/\\\/japan-collector.com\\\/product\\\/gradation-psa\\\/#breadcrumb\"},\"inLanguage\":\"es\",\"potentialAction\":[{\"@type\":\"ReadAction\",\"target\":[\"https:\\\/\\\/japan-collector.com\\\/product\\\/gradation-psa\\\/\"]}]},{\"@type\":\"ImageObject\",\"inLanguage\":\"es\",\"@id\":\"https:\\\/\\\/japan-collector.com\\\/product\\\/gradation-psa\\\/#primaryimage\",\"url\":\"https:\\\/\\\/japan-collector.com\\\/wp-content\\\/uploads\\\/2022\\\/12\\\/sleeves-1.png\",\"contentUrl\":\"https:\\\/\\\/japan-collector.com\\\/wp-content\\\/uploads\\\/2022\\\/12\\\/sleeves-1.png\",\"width\":1080,\"height\":1080},{\"@type\":\"BreadcrumbList\",\"@id\":\"https:\\\/\\\/japan-collector.com\\\/product\\\/gradation-psa\\\/#breadcrumb\",\"itemListElement\":[{\"@type\":\"ListItem\",\"position\":1,\"name\":\"Accueil\",\"item\":\"https:\\\/\\\/japan-collector.com\\\/\"},{\"@type\":\"ListItem\",\"position\":2,\"name\":\"Produits\",\"item\":\"https:\\\/\\\/japan-collector.com\\\/shop\\\/\"},{\"@type\":\"ListItem\",\"position\":3,\"name\":\"Service de gradation PSA\"}]},{\"@type\":\"WebSite\",\"@id\":\"https:\\\/\\\/japan-collector.com\\\/#website\",\"url\":\"https:\\\/\\\/japan-collector.com\\\/\",\"name\":\"Japan Collector | Boutique Pok\u00e9mon &amp; TCG\",\"description\":\"L&#039;essence du Japon, livr\u00e9e \u00e0 votre porte.\",\"publisher\":{\"@id\":\"https:\\\/\\\/japan-collector.com\\\/#organization\"},\"potentialAction\":[{\"@type\":\"SearchAction\",\"target\":{\"@type\":\"EntryPoint\",\"urlTemplate\":\"https:\\\/\\\/japan-collector.com\\\/?s={search_term_string}\"},\"query-input\":{\"@type\":\"PropertyValueSpecification\",\"valueRequired\":true,\"valueName\":\"search_term_string\"}}],\"inLanguage\":\"es\"},{\"@type\":\"Organization\",\"@id\":\"https:\\\/\\\/japan-collector.com\\\/#organization\",\"name\":\"Japan Collector\",\"url\":\"https:\\\/\\\/japan-collector.com\\\/\",\"logo\":{\"@type\":\"ImageObject\",\"inLanguage\":\"es\",\"@id\":\"https:\\\/\\\/japan-collector.com\\\/#\\\/schema\\\/logo\\\/image\\\/\",\"url\":\"https:\\\/\\\/japan-collector.com\\\/wp-content\\\/uploads\\\/2023\\\/10\\\/Capture_d_ecran_2022-12-19_a_18.32.10-removebg-preview.png\",\"contentUrl\":\"https:\\\/\\\/japan-collector.com\\\/wp-content\\\/uploads\\\/2023\\\/10\\\/Capture_d_ecran_2022-12-19_a_18.32.10-removebg-preview.png\",\"width\":389,\"height\":139,\"caption\":\"Japan Collector\"},\"image\":{\"@id\":\"https:\\\/\\\/japan-collector.com\\\/#\\\/schema\\\/logo\\\/image\\\/\"},\"sameAs\":[\"https:\\\/\\\/www.facebook.com\\\/japan.collector\",\"https:\\\/\\\/www.instagram.com\\\/japan.collector\\\/\"]}]}<\/script>\n<!-- \/ Yoast SEO plugin. -->","yoast_head_json":{"title":"Servicio de atenuaci\u00f3n PSA - Japan Collector | Pok\u00e9mon &amp; TCG Shop","robots":{"index":"index","follow":"follow","max-snippet":"max-snippet:-1","max-image-preview":"max-image-preview:large","max-video-preview":"max-video-preview:-1"},"canonical":"https:\/\/japan-collector.com\/es\/product\/atenuacion-psa\/","og_locale":"es_ES","og_type":"article","og_title":"Service de gradation PSA - Japan Collector | Boutique Pok\u00e9mon &amp; TCG","og_description":"Envoie chez PSA, veuillez s\u00e9lectionner la valeur estim\u00e9 de vos cartes apr\u00e8s gradation pour d\u00e9finir l'assurance et le prix de la gradation","og_url":"https:\/\/japan-collector.com\/es\/product\/atenuacion-psa\/","og_site_name":"Japan Collector | Boutique Pok\u00e9mon &amp; TCG","article_publisher":"https:\/\/www.facebook.com\/japan.collector","article_modified_time":"2024-10-18T17:57:25+00:00","og_image":[{"width":1080,"height":1080,"url":"https:\/\/japan-collector.com\/wp-content\/uploads\/2022\/12\/sleeves-1.png","type":"image\/png"}],"twitter_card":"summary_large_image","twitter_misc":{"Tiempo de lectura":"3 minutos"},"schema":{"@context":"https:\/\/schema.org","@graph":[{"@type":"WebPage","@id":"https:\/\/japan-collector.com\/product\/gradation-psa\/","url":"https:\/\/japan-collector.com\/product\/gradation-psa\/","name":"Servicio de atenuaci\u00f3n PSA - Japan Collector | Pok\u00e9mon &amp; TCG Shop","isPartOf":{"@id":"https:\/\/japan-collector.com\/#website"},"primaryImageOfPage":{"@id":"https:\/\/japan-collector.com\/product\/gradation-psa\/#primaryimage"},"image":{"@id":"https:\/\/japan-collector.com\/product\/gradation-psa\/#primaryimage"},"thumbnailUrl":"https:\/\/japan-collector.com\/wp-content\/uploads\/2022\/12\/sleeves-1.png","datePublished":"2022-12-15T22:40:48+00:00","dateModified":"2024-10-18T17:57:25+00:00","breadcrumb":{"@id":"https:\/\/japan-collector.com\/product\/gradation-psa\/#breadcrumb"},"inLanguage":"es","potentialAction":[{"@type":"ReadAction","target":["https:\/\/japan-collector.com\/product\/gradation-psa\/"]}]},{"@type":"ImageObject","inLanguage":"es","@id":"https:\/\/japan-collector.com\/product\/gradation-psa\/#primaryimage","url":"https:\/\/japan-collector.com\/wp-content\/uploads\/2022\/12\/sleeves-1.png","contentUrl":"https:\/\/japan-collector.com\/wp-content\/uploads\/2022\/12\/sleeves-1.png","width":1080,"height":1080},{"@type":"BreadcrumbList","@id":"https:\/\/japan-collector.com\/product\/gradation-psa\/#breadcrumb","itemListElement":[{"@type":"ListItem","position":1,"name":"Accueil","item":"https:\/\/japan-collector.com\/"},{"@type":"ListItem","position":2,"name":"Produits","item":"https:\/\/japan-collector.com\/shop\/"},{"@type":"ListItem","position":3,"name":"Service de gradation PSA"}]},{"@type":"WebSite","@id":"https:\/\/japan-collector.com\/#website","url":"https:\/\/japan-collector.com\/","name":"Jap\u00f3n Coleccionista | Tienda Pok\u00e9mon y TCG","description":"La esencia de Jap\u00f3n, a domicilio.","publisher":{"@id":"https:\/\/japan-collector.com\/#organization"},"potentialAction":[{"@type":"SearchAction","target":{"@type":"EntryPoint","urlTemplate":"https:\/\/japan-collector.com\/?s={search_term_string}"},"query-input":{"@type":"PropertyValueSpecification","valueRequired":true,"valueName":"search_term_string"}}],"inLanguage":"es"},{"@type":"Organization","@id":"https:\/\/japan-collector.com\/#organization","name":"Coleccionista de Jap\u00f3n","url":"https:\/\/japan-collector.com\/","logo":{"@type":"ImageObject","inLanguage":"es","@id":"https:\/\/japan-collector.com\/#\/schema\/logo\/image\/","url":"https:\/\/japan-collector.com\/wp-content\/uploads\/2023\/10\/Capture_d_ecran_2022-12-19_a_18.32.10-removebg-preview.png","contentUrl":"https:\/\/japan-collector.com\/wp-content\/uploads\/2023\/10\/Capture_d_ecran_2022-12-19_a_18.32.10-removebg-preview.png","width":389,"height":139,"caption":"Japan Collector"},"image":{"@id":"https:\/\/japan-collector.com\/#\/schema\/logo\/image\/"},"sameAs":["https:\/\/www.facebook.com\/japan.collector","https:\/\/www.instagram.com\/japan.collector\/"]}]}},"jetpack_sharing_enabled":true,"_links":{"self":[{"href":"https:\/\/japan-collector.com\/es\/wp-json\/wp\/v2\/product\/10904","targetHints":{"allow":["GET"]}}],"collection":[{"href":"https:\/\/japan-collector.com\/es\/wp-json\/wp\/v2\/product"}],"about":[{"href":"https:\/\/japan-collector.com\/es\/wp-json\/wp\/v2\/types\/product"}],"wp:featuredmedia":[{"embeddable":true,"href":"https:\/\/japan-collector.com\/es\/wp-json\/wp\/v2\/media\/29464"}],"wp:attachment":[{"href":"https:\/\/japan-collector.com\/es\/wp-json\/wp\/v2\/media?parent=10904"}],"wp:term":[{"taxonomy":"product_brand","embeddable":true,"href":"https:\/\/japan-collector.com\/es\/wp-json\/wp\/v2\/product_brand?post=10904"},{"taxonomy":"product_cat","embeddable":true,"href":"https:\/\/japan-collector.com\/es\/wp-json\/wp\/v2\/product_cat?post=10904"},{"taxonomy":"product_tag","embeddable":true,"href":"https:\/\/japan-collector.com\/es\/wp-json\/wp\/v2\/product_tag?post=10904"}],"curies":[{"name":"wp","href":"https:\/\/api.w.org\/{rel}","templated":true}]}}