{"id":11108,"date":"2022-12-16T22:28:02","date_gmt":"2022-12-16T22:28:02","guid":{"rendered":"https:\/\/japan-collector.com\/?post_type=product&#038;p=11108"},"modified":"2024-01-04T17:33:38","modified_gmt":"2024-01-04T17:33:38","slug":"one-piece-paramount-war-op-02","status":"publish","type":"product","link":"https:\/\/japan-collector.com\/es\/product\/one-piece-paramount-war-op-02\/","title":{"rendered":"One Piece Paramount War [OP-02]"},"content":{"rendered":"<h2>Nueva serie de cartas de One Piece en japon\u00e9s, disponibles enviadas desde Francia sin cargos ocultos en Japan Collector :<\/h2>\n<p>La caja de 24 boosters japoneses para la edici\u00f3n Paramount War de One Piece es imprescindible para todos los fans del famoso manga japon\u00e9s. Esta edici\u00f3n especial est\u00e1 inspirada en el arco argumental Marineford War, uno de los momentos m\u00e1s importantes de la historia de One Piece.<\/p>\n<p>Cada sobre contiene 6 cartas, incluida una rara o ultrarara. Los sobres japoneses son especialmente apreciados por los coleccionistas por la calidad de su producci\u00f3n y su dise\u00f1o exclusivo. Las cartas m\u00e1s raras son las de rareza paralela, a\u00fan m\u00e1s dif\u00edciles de encontrar y muy apreciadas por los coleccionistas.<\/p>\n<h2>Un universo incre\u00edble, disponible en magn\u00edficas cartas coleccionables:<\/h2>\n<p>Los fans de One Piece podr\u00e1n encontrar a sus personajes favoritos, como Monkey D. Luffy, Roronoa Zoro, Nico Robin y muchos m\u00e1s, en esta edici\u00f3n de cartas coleccionables. La caja de 24 sobres japoneses de la edici\u00f3n Paramount War tambi\u00e9n es ideal para aumentar tu colecci\u00f3n de cartas de One Piece o jugar a juegos de cartas basados en el manga.<\/p>\n<p>As\u00ed que no dudes en a\u00f1adir esta caja de 24 boosters japoneses Paramount War Edition a tu colecci\u00f3n de One Piece.<\/p>\n<h2>Cajas de cart\u00f3n precintadas disponibles a partir de 12 expositores<\/h2>\n<h2>M\u00e1s informaci\u00f3n sobre la primera edici\u00f3n: <a href=\"https:\/\/japan-collector.com\/es\/product\/una-pieza-romance-amanecer-op-01\/\">OP-01 Romance Dawn tambi\u00e9n disponible en nuestra tienda<\/a><\/h2>","protected":false},"excerpt":{"rendered":"<ul>\n<li>Caja de 24 boosters OP-02 nuevos y precintados<\/li>\n<li>Boosters de 6 cartas en japon\u00e9s<\/li>\n<\/ul>","protected":false},"featured_media":29421,"template":"","meta":[],"product_brand":[],"product_cat":[292],"product_tag":[],"class_list":{"0":"post-11108","1":"product","2":"type-product","3":"status-publish","4":"has-post-thumbnail","6":"product_cat-booster-box-one-piece-cards-japanese","8":"first","9":"outofstock","10":"sale","11":"taxable","12":"shipping-taxable","13":"purchasable","14":"product-type-simple"},"acf":[],"yoast_head":"<!-- This site is optimized with the Yoast SEO plugin v27.4 - https:\/\/yoast.com\/product\/yoast-seo-wordpress\/ -->\n<title>One Piece Paramount War [OP-02] - Japan Collector | Boutique Pok\u00e9mon &amp; TCG<\/title>\n<meta name=\"description\" content=\"Bo\u00eete de 24 boosters japonais de l&#039;\u00e9dition Paramount War OP-02 de One Piece en japonais disponible, exp\u00e9di\u00e9 depuis la France\" \/>\n<meta name=\"robots\" content=\"index, follow, max-snippet:-1, max-image-preview:large, max-video-preview:-1\" \/>\n<link rel=\"canonical\" href=\"https:\/\/japan-collector.com\/es\/product\/one-piece-paramount-war-op-02\/\" \/>\n<meta property=\"og:locale\" content=\"es_ES\" \/>\n<meta property=\"og:type\" content=\"article\" \/>\n<meta property=\"og:title\" content=\"One Piece Paramount War [OP-02] - Japan Collector | Boutique Pok\u00e9mon &amp; TCG\" \/>\n<meta property=\"og:description\" content=\"Bo\u00eete de 24 boosters japonais de l&#039;\u00e9dition Paramount War OP-02 de One Piece en japonais disponible, exp\u00e9di\u00e9 depuis la France\" \/>\n<meta property=\"og:url\" content=\"https:\/\/japan-collector.com\/es\/product\/one-piece-paramount-war-op-02\/\" \/>\n<meta property=\"og:site_name\" content=\"Japan Collector | Boutique Pok\u00e9mon &amp; TCG\" \/>\n<meta property=\"article:publisher\" content=\"https:\/\/www.facebook.com\/japan.collector\" \/>\n<meta property=\"article:modified_time\" content=\"2024-01-04T17:33:38+00:00\" \/>\n<meta property=\"og:image\" content=\"https:\/\/japan-collector.com\/wp-content\/uploads\/2023\/10\/OP-02_resultat.webp\" \/>\n\t<meta property=\"og:image:width\" content=\"1080\" \/>\n\t<meta property=\"og:image:height\" content=\"1080\" \/>\n\t<meta property=\"og:image:type\" content=\"image\/webp\" \/>\n<meta name=\"twitter:card\" content=\"summary_large_image\" \/>\n<meta name=\"twitter:label1\" content=\"Tiempo de lectura\" \/>\n\t<meta name=\"twitter:data1\" content=\"2 minutos\" \/>\n<script type=\"application\/ld+json\" class=\"yoast-schema-graph\">{\"@context\":\"https:\\\/\\\/schema.org\",\"@graph\":[{\"@type\":\"WebPage\",\"@id\":\"https:\\\/\\\/japan-collector.com\\\/product\\\/one-piece-paramount-war-op-02\\\/\",\"url\":\"https:\\\/\\\/japan-collector.com\\\/product\\\/one-piece-paramount-war-op-02\\\/\",\"name\":\"One Piece Paramount War [OP-02] - Japan Collector | Boutique Pok\u00e9mon &amp; TCG\",\"isPartOf\":{\"@id\":\"https:\\\/\\\/japan-collector.com\\\/#website\"},\"primaryImageOfPage\":{\"@id\":\"https:\\\/\\\/japan-collector.com\\\/product\\\/one-piece-paramount-war-op-02\\\/#primaryimage\"},\"image\":{\"@id\":\"https:\\\/\\\/japan-collector.com\\\/product\\\/one-piece-paramount-war-op-02\\\/#primaryimage\"},\"thumbnailUrl\":\"https:\\\/\\\/japan-collector.com\\\/wp-content\\\/uploads\\\/2023\\\/10\\\/OP-02_resultat.webp\",\"datePublished\":\"2022-12-16T22:28:02+00:00\",\"dateModified\":\"2024-01-04T17:33:38+00:00\",\"description\":\"Bo\u00eete de 24 boosters japonais de l'\u00e9dition Paramount War OP-02 de One Piece en japonais disponible, exp\u00e9di\u00e9 depuis la France\",\"breadcrumb\":{\"@id\":\"https:\\\/\\\/japan-collector.com\\\/product\\\/one-piece-paramount-war-op-02\\\/#breadcrumb\"},\"inLanguage\":\"es\",\"potentialAction\":[{\"@type\":\"ReadAction\",\"target\":[\"https:\\\/\\\/japan-collector.com\\\/product\\\/one-piece-paramount-war-op-02\\\/\"]}]},{\"@type\":\"ImageObject\",\"inLanguage\":\"es\",\"@id\":\"https:\\\/\\\/japan-collector.com\\\/product\\\/one-piece-paramount-war-op-02\\\/#primaryimage\",\"url\":\"https:\\\/\\\/japan-collector.com\\\/wp-content\\\/uploads\\\/2023\\\/10\\\/OP-02_resultat.webp\",\"contentUrl\":\"https:\\\/\\\/japan-collector.com\\\/wp-content\\\/uploads\\\/2023\\\/10\\\/OP-02_resultat.webp\",\"width\":1080,\"height\":1080,\"caption\":\"One piece booster box display one piece OP02\"},{\"@type\":\"BreadcrumbList\",\"@id\":\"https:\\\/\\\/japan-collector.com\\\/product\\\/one-piece-paramount-war-op-02\\\/#breadcrumb\",\"itemListElement\":[{\"@type\":\"ListItem\",\"position\":1,\"name\":\"Accueil\",\"item\":\"https:\\\/\\\/japan-collector.com\\\/\"},{\"@type\":\"ListItem\",\"position\":2,\"name\":\"Produits\",\"item\":\"https:\\\/\\\/japan-collector.com\\\/shop\\\/\"},{\"@type\":\"ListItem\",\"position\":3,\"name\":\"One Piece Paramount War [OP-02]\"}]},{\"@type\":\"WebSite\",\"@id\":\"https:\\\/\\\/japan-collector.com\\\/#website\",\"url\":\"https:\\\/\\\/japan-collector.com\\\/\",\"name\":\"Japan Collector | Boutique Pok\u00e9mon &amp; TCG\",\"description\":\"L&#039;essence du Japon, livr\u00e9e \u00e0 votre porte.\",\"publisher\":{\"@id\":\"https:\\\/\\\/japan-collector.com\\\/#organization\"},\"potentialAction\":[{\"@type\":\"SearchAction\",\"target\":{\"@type\":\"EntryPoint\",\"urlTemplate\":\"https:\\\/\\\/japan-collector.com\\\/?s={search_term_string}\"},\"query-input\":{\"@type\":\"PropertyValueSpecification\",\"valueRequired\":true,\"valueName\":\"search_term_string\"}}],\"inLanguage\":\"es\"},{\"@type\":\"Organization\",\"@id\":\"https:\\\/\\\/japan-collector.com\\\/#organization\",\"name\":\"Japan Collector\",\"url\":\"https:\\\/\\\/japan-collector.com\\\/\",\"logo\":{\"@type\":\"ImageObject\",\"inLanguage\":\"es\",\"@id\":\"https:\\\/\\\/japan-collector.com\\\/#\\\/schema\\\/logo\\\/image\\\/\",\"url\":\"https:\\\/\\\/japan-collector.com\\\/wp-content\\\/uploads\\\/2023\\\/10\\\/Capture_d_ecran_2022-12-19_a_18.32.10-removebg-preview.png\",\"contentUrl\":\"https:\\\/\\\/japan-collector.com\\\/wp-content\\\/uploads\\\/2023\\\/10\\\/Capture_d_ecran_2022-12-19_a_18.32.10-removebg-preview.png\",\"width\":389,\"height\":139,\"caption\":\"Japan Collector\"},\"image\":{\"@id\":\"https:\\\/\\\/japan-collector.com\\\/#\\\/schema\\\/logo\\\/image\\\/\"},\"sameAs\":[\"https:\\\/\\\/www.facebook.com\\\/japan.collector\",\"https:\\\/\\\/www.instagram.com\\\/japan.collector\\\/\"]}]}<\/script>\n<!-- \/ Yoast SEO plugin. -->","yoast_head_json":{"title":"One Piece Paramount War [OP-02] - Japan Collector | Boutique Pok\u00e9mon &amp; TCG","description":"Caja de 24 boosters japoneses para la edici\u00f3n Paramount War OP-02 de One Piece en japon\u00e9s disponible, enviada desde Francia","robots":{"index":"index","follow":"follow","max-snippet":"max-snippet:-1","max-image-preview":"max-image-preview:large","max-video-preview":"max-video-preview:-1"},"canonical":"https:\/\/japan-collector.com\/es\/product\/one-piece-paramount-war-op-02\/","og_locale":"es_ES","og_type":"article","og_title":"One Piece Paramount War [OP-02] - Japan Collector | Boutique Pok\u00e9mon &amp; TCG","og_description":"Bo\u00eete de 24 boosters japonais de l'\u00e9dition Paramount War OP-02 de One Piece en japonais disponible, exp\u00e9di\u00e9 depuis la France","og_url":"https:\/\/japan-collector.com\/es\/product\/one-piece-paramount-war-op-02\/","og_site_name":"Japan Collector | Boutique Pok\u00e9mon &amp; TCG","article_publisher":"https:\/\/www.facebook.com\/japan.collector","article_modified_time":"2024-01-04T17:33:38+00:00","og_image":[{"width":1080,"height":1080,"url":"https:\/\/japan-collector.com\/wp-content\/uploads\/2023\/10\/OP-02_resultat.webp","type":"image\/webp"}],"twitter_card":"summary_large_image","twitter_misc":{"Tiempo de lectura":"2 minutos"},"schema":{"@context":"https:\/\/schema.org","@graph":[{"@type":"WebPage","@id":"https:\/\/japan-collector.com\/product\/one-piece-paramount-war-op-02\/","url":"https:\/\/japan-collector.com\/product\/one-piece-paramount-war-op-02\/","name":"One Piece Paramount War [OP-02] - Japan Collector | Boutique Pok\u00e9mon &amp; TCG","isPartOf":{"@id":"https:\/\/japan-collector.com\/#website"},"primaryImageOfPage":{"@id":"https:\/\/japan-collector.com\/product\/one-piece-paramount-war-op-02\/#primaryimage"},"image":{"@id":"https:\/\/japan-collector.com\/product\/one-piece-paramount-war-op-02\/#primaryimage"},"thumbnailUrl":"https:\/\/japan-collector.com\/wp-content\/uploads\/2023\/10\/OP-02_resultat.webp","datePublished":"2022-12-16T22:28:02+00:00","dateModified":"2024-01-04T17:33:38+00:00","description":"Caja de 24 boosters japoneses para la edici\u00f3n Paramount War OP-02 de One Piece en japon\u00e9s disponible, enviada desde Francia","breadcrumb":{"@id":"https:\/\/japan-collector.com\/product\/one-piece-paramount-war-op-02\/#breadcrumb"},"inLanguage":"es","potentialAction":[{"@type":"ReadAction","target":["https:\/\/japan-collector.com\/product\/one-piece-paramount-war-op-02\/"]}]},{"@type":"ImageObject","inLanguage":"es","@id":"https:\/\/japan-collector.com\/product\/one-piece-paramount-war-op-02\/#primaryimage","url":"https:\/\/japan-collector.com\/wp-content\/uploads\/2023\/10\/OP-02_resultat.webp","contentUrl":"https:\/\/japan-collector.com\/wp-content\/uploads\/2023\/10\/OP-02_resultat.webp","width":1080,"height":1080,"caption":"One piece booster box display one piece OP02"},{"@type":"BreadcrumbList","@id":"https:\/\/japan-collector.com\/product\/one-piece-paramount-war-op-02\/#breadcrumb","itemListElement":[{"@type":"ListItem","position":1,"name":"Accueil","item":"https:\/\/japan-collector.com\/"},{"@type":"ListItem","position":2,"name":"Produits","item":"https:\/\/japan-collector.com\/shop\/"},{"@type":"ListItem","position":3,"name":"One Piece Paramount War [OP-02]"}]},{"@type":"WebSite","@id":"https:\/\/japan-collector.com\/#website","url":"https:\/\/japan-collector.com\/","name":"Jap\u00f3n Coleccionista | Tienda Pok\u00e9mon y TCG","description":"La esencia de Jap\u00f3n, a domicilio.","publisher":{"@id":"https:\/\/japan-collector.com\/#organization"},"potentialAction":[{"@type":"SearchAction","target":{"@type":"EntryPoint","urlTemplate":"https:\/\/japan-collector.com\/?s={search_term_string}"},"query-input":{"@type":"PropertyValueSpecification","valueRequired":true,"valueName":"search_term_string"}}],"inLanguage":"es"},{"@type":"Organization","@id":"https:\/\/japan-collector.com\/#organization","name":"Coleccionista de Jap\u00f3n","url":"https:\/\/japan-collector.com\/","logo":{"@type":"ImageObject","inLanguage":"es","@id":"https:\/\/japan-collector.com\/#\/schema\/logo\/image\/","url":"https:\/\/japan-collector.com\/wp-content\/uploads\/2023\/10\/Capture_d_ecran_2022-12-19_a_18.32.10-removebg-preview.png","contentUrl":"https:\/\/japan-collector.com\/wp-content\/uploads\/2023\/10\/Capture_d_ecran_2022-12-19_a_18.32.10-removebg-preview.png","width":389,"height":139,"caption":"Japan Collector"},"image":{"@id":"https:\/\/japan-collector.com\/#\/schema\/logo\/image\/"},"sameAs":["https:\/\/www.facebook.com\/japan.collector","https:\/\/www.instagram.com\/japan.collector\/"]}]}},"jetpack_sharing_enabled":true,"_links":{"self":[{"href":"https:\/\/japan-collector.com\/es\/wp-json\/wp\/v2\/product\/11108","targetHints":{"allow":["GET"]}}],"collection":[{"href":"https:\/\/japan-collector.com\/es\/wp-json\/wp\/v2\/product"}],"about":[{"href":"https:\/\/japan-collector.com\/es\/wp-json\/wp\/v2\/types\/product"}],"wp:featuredmedia":[{"embeddable":true,"href":"https:\/\/japan-collector.com\/es\/wp-json\/wp\/v2\/media\/29421"}],"wp:attachment":[{"href":"https:\/\/japan-collector.com\/es\/wp-json\/wp\/v2\/media?parent=11108"}],"wp:term":[{"taxonomy":"product_brand","embeddable":true,"href":"https:\/\/japan-collector.com\/es\/wp-json\/wp\/v2\/product_brand?post=11108"},{"taxonomy":"product_cat","embeddable":true,"href":"https:\/\/japan-collector.com\/es\/wp-json\/wp\/v2\/product_cat?post=11108"},{"taxonomy":"product_tag","embeddable":true,"href":"https:\/\/japan-collector.com\/es\/wp-json\/wp\/v2\/product_tag?post=11108"}],"curies":[{"name":"wp","href":"https:\/\/api.w.org\/{rel}","templated":true}]}}