{"id":13525,"date":"2023-03-23T20:59:07","date_gmt":"2023-03-23T20:59:07","guid":{"rendered":"https:\/\/japan-collector.com\/?post_type=product&#038;p=13525"},"modified":"2024-10-18T17:56:55","modified_gmt":"2024-10-18T17:56:55","slug":"50-card-saver-i-one-ultra-pro","status":"publish","type":"product","link":"https:\/\/japan-collector.com\/es\/product\/50-ahorrador-de-tarjetas-i-one-ultra-pro\/","title":{"rendered":"50 AHORRADOR DE TARJETAS I ONE ULTRA PRO"},"content":{"rendered":"<p>Pack de 50 ULTRA PRO CARD SAVER I, \u00a1para proteger tus cartas durante los env\u00edos de PSA! Adecuado para todas las tarjetas de comercio de tama\u00f1o est\u00e1ndar, Pok\u00e9mon, Magic, Yu-Gi-Oh ...<\/p>\n<p>No utilice estos protectores sin un bolsillo blando para sus tarjetas, ya que el pl\u00e1stico del toploader podr\u00eda causar ara\u00f1azos irreversibles en sus preciadas tarjetas de coleccionista,<br \/>\nLe recomendamos que utilice los protectores de tarjetas flexibles dise\u00f1ados para guardar sus tarjetas sin riesgo de da\u00f1arlas y recomendados para los env\u00edos de PSA.<\/p>\n<p><a href=\"https:\/\/japan-collector.com\/es\/product\/100-fundas-ultra-pro-soft\/\">Las fundas flexibles ULTRA PRO disponibles en nuestra tienda online tienen una excelente relaci\u00f3n calidad-precio para guardar un gran n\u00famero de tarjetas.<\/a><\/p>\n<p>&nbsp;<\/p>","protected":false},"excerpt":{"rendered":"<ul>\n<li>Paquete de 50 Card Saver I ULTRA PRO<\/li>\n<li>Necesario para enviar PSA<\/li>\n<\/ul>","protected":false},"featured_media":31372,"template":"","meta":[],"product_brand":[],"product_cat":[210],"product_tag":[],"class_list":{"0":"post-13525","1":"product","2":"type-product","3":"status-publish","4":"has-post-thumbnail","6":"product_cat-accesoires","8":"first","9":"outofstock","10":"taxable","11":"shipping-taxable","12":"purchasable","13":"product-type-simple"},"acf":[],"yoast_head":"<!-- This site is optimized with the Yoast SEO plugin v27.3 - https:\/\/yoast.com\/product\/yoast-seo-wordpress\/ -->\n<title>50 CARD SAVER I ONE ULTRA PRO - Japan Collector | Boutique Pok\u00e9mon &amp; TCG<\/title>\n<meta name=\"description\" content=\"Card Saver One Ultra Pro protection pour cartes, n\u00e9cessaire pour les envoies PSA, disponible a bon prix chez Japan Collector\" \/>\n<meta name=\"robots\" content=\"index, follow, max-snippet:-1, max-image-preview:large, max-video-preview:-1\" \/>\n<link rel=\"canonical\" href=\"https:\/\/japan-collector.com\/es\/product\/50-ahorrador-de-tarjetas-i-one-ultra-pro\/\" \/>\n<meta property=\"og:locale\" content=\"es_ES\" \/>\n<meta property=\"og:type\" content=\"article\" \/>\n<meta property=\"og:title\" content=\"50 CARD SAVER I ONE ULTRA PRO - Japan Collector | Boutique Pok\u00e9mon &amp; TCG\" \/>\n<meta property=\"og:description\" content=\"Card Saver One Ultra Pro protection pour cartes, n\u00e9cessaire pour les envoies PSA, disponible a bon prix chez Japan Collector\" \/>\n<meta property=\"og:url\" content=\"https:\/\/japan-collector.com\/es\/product\/50-ahorrador-de-tarjetas-i-one-ultra-pro\/\" \/>\n<meta property=\"og:site_name\" content=\"Japan Collector | Boutique Pok\u00e9mon &amp; TCG\" \/>\n<meta property=\"article:publisher\" content=\"https:\/\/www.facebook.com\/japan.collector\" \/>\n<meta property=\"article:modified_time\" content=\"2024-10-18T17:56:55+00:00\" \/>\n<meta property=\"og:image\" content=\"https:\/\/japan-collector.com\/wp-content\/uploads\/2023\/03\/cardsaver.webp\" \/>\n\t<meta property=\"og:image:width\" content=\"1080\" \/>\n\t<meta property=\"og:image:height\" content=\"1080\" \/>\n\t<meta property=\"og:image:type\" content=\"image\/webp\" \/>\n<meta name=\"twitter:card\" content=\"summary_large_image\" \/>\n<meta name=\"twitter:label1\" content=\"Tiempo de lectura\" \/>\n\t<meta name=\"twitter:data1\" content=\"1 minuto\" \/>\n<script type=\"application\/ld+json\" class=\"yoast-schema-graph\">{\"@context\":\"https:\\\/\\\/schema.org\",\"@graph\":[{\"@type\":\"WebPage\",\"@id\":\"https:\\\/\\\/japan-collector.com\\\/product\\\/50-card-saver-i-one-ultra-pro\\\/\",\"url\":\"https:\\\/\\\/japan-collector.com\\\/product\\\/50-card-saver-i-one-ultra-pro\\\/\",\"name\":\"50 CARD SAVER I ONE ULTRA PRO - Japan Collector | Boutique Pok\u00e9mon &amp; TCG\",\"isPartOf\":{\"@id\":\"https:\\\/\\\/japan-collector.com\\\/#website\"},\"primaryImageOfPage\":{\"@id\":\"https:\\\/\\\/japan-collector.com\\\/product\\\/50-card-saver-i-one-ultra-pro\\\/#primaryimage\"},\"image\":{\"@id\":\"https:\\\/\\\/japan-collector.com\\\/product\\\/50-card-saver-i-one-ultra-pro\\\/#primaryimage\"},\"thumbnailUrl\":\"https:\\\/\\\/japan-collector.com\\\/wp-content\\\/uploads\\\/2023\\\/03\\\/cardsaver.webp\",\"datePublished\":\"2023-03-23T20:59:07+00:00\",\"dateModified\":\"2024-10-18T17:56:55+00:00\",\"description\":\"Card Saver One Ultra Pro protection pour cartes, n\u00e9cessaire pour les envoies PSA, disponible a bon prix chez Japan Collector\",\"breadcrumb\":{\"@id\":\"https:\\\/\\\/japan-collector.com\\\/product\\\/50-card-saver-i-one-ultra-pro\\\/#breadcrumb\"},\"inLanguage\":\"es\",\"potentialAction\":[{\"@type\":\"ReadAction\",\"target\":[\"https:\\\/\\\/japan-collector.com\\\/product\\\/50-card-saver-i-one-ultra-pro\\\/\"]}]},{\"@type\":\"ImageObject\",\"inLanguage\":\"es\",\"@id\":\"https:\\\/\\\/japan-collector.com\\\/product\\\/50-card-saver-i-one-ultra-pro\\\/#primaryimage\",\"url\":\"https:\\\/\\\/japan-collector.com\\\/wp-content\\\/uploads\\\/2023\\\/03\\\/cardsaver.webp\",\"contentUrl\":\"https:\\\/\\\/japan-collector.com\\\/wp-content\\\/uploads\\\/2023\\\/03\\\/cardsaver.webp\",\"width\":1080,\"height\":1080},{\"@type\":\"BreadcrumbList\",\"@id\":\"https:\\\/\\\/japan-collector.com\\\/product\\\/50-card-saver-i-one-ultra-pro\\\/#breadcrumb\",\"itemListElement\":[{\"@type\":\"ListItem\",\"position\":1,\"name\":\"Accueil\",\"item\":\"https:\\\/\\\/japan-collector.com\\\/\"},{\"@type\":\"ListItem\",\"position\":2,\"name\":\"Produits\",\"item\":\"https:\\\/\\\/japan-collector.com\\\/shop\\\/\"},{\"@type\":\"ListItem\",\"position\":3,\"name\":\"50 CARD SAVER I ONE ULTRA PRO\"}]},{\"@type\":\"WebSite\",\"@id\":\"https:\\\/\\\/japan-collector.com\\\/#website\",\"url\":\"https:\\\/\\\/japan-collector.com\\\/\",\"name\":\"Japan Collector | Boutique Pok\u00e9mon &amp; TCG\",\"description\":\"L&#039;essence du Japon, livr\u00e9e \u00e0 votre porte.\",\"publisher\":{\"@id\":\"https:\\\/\\\/japan-collector.com\\\/#organization\"},\"potentialAction\":[{\"@type\":\"SearchAction\",\"target\":{\"@type\":\"EntryPoint\",\"urlTemplate\":\"https:\\\/\\\/japan-collector.com\\\/?s={search_term_string}\"},\"query-input\":{\"@type\":\"PropertyValueSpecification\",\"valueRequired\":true,\"valueName\":\"search_term_string\"}}],\"inLanguage\":\"es\"},{\"@type\":\"Organization\",\"@id\":\"https:\\\/\\\/japan-collector.com\\\/#organization\",\"name\":\"Japan Collector\",\"url\":\"https:\\\/\\\/japan-collector.com\\\/\",\"logo\":{\"@type\":\"ImageObject\",\"inLanguage\":\"es\",\"@id\":\"https:\\\/\\\/japan-collector.com\\\/#\\\/schema\\\/logo\\\/image\\\/\",\"url\":\"https:\\\/\\\/japan-collector.com\\\/wp-content\\\/uploads\\\/2023\\\/10\\\/Capture_d_ecran_2022-12-19_a_18.32.10-removebg-preview.png\",\"contentUrl\":\"https:\\\/\\\/japan-collector.com\\\/wp-content\\\/uploads\\\/2023\\\/10\\\/Capture_d_ecran_2022-12-19_a_18.32.10-removebg-preview.png\",\"width\":389,\"height\":139,\"caption\":\"Japan Collector\"},\"image\":{\"@id\":\"https:\\\/\\\/japan-collector.com\\\/#\\\/schema\\\/logo\\\/image\\\/\"},\"sameAs\":[\"https:\\\/\\\/www.facebook.com\\\/japan.collector\",\"https:\\\/\\\/www.instagram.com\\\/japan.collector\\\/\"]}]}<\/script>\n<!-- \/ Yoast SEO plugin. -->","yoast_head_json":{"title":"50 CARD SAVER I ONE ULTRA PRO - Japan Collector | Pok\u00e9mon &amp; TCG Shop","description":"Protecci\u00f3n de tarjetas Card Saver One Ultra Pro, necesaria para los env\u00edos de PSA, disponible a buen precio en Japan Collector.","robots":{"index":"index","follow":"follow","max-snippet":"max-snippet:-1","max-image-preview":"max-image-preview:large","max-video-preview":"max-video-preview:-1"},"canonical":"https:\/\/japan-collector.com\/es\/product\/50-ahorrador-de-tarjetas-i-one-ultra-pro\/","og_locale":"es_ES","og_type":"article","og_title":"50 CARD SAVER I ONE ULTRA PRO - Japan Collector | Boutique Pok\u00e9mon &amp; TCG","og_description":"Card Saver One Ultra Pro protection pour cartes, n\u00e9cessaire pour les envoies PSA, disponible a bon prix chez Japan Collector","og_url":"https:\/\/japan-collector.com\/es\/product\/50-ahorrador-de-tarjetas-i-one-ultra-pro\/","og_site_name":"Japan Collector | Boutique Pok\u00e9mon &amp; TCG","article_publisher":"https:\/\/www.facebook.com\/japan.collector","article_modified_time":"2024-10-18T17:56:55+00:00","og_image":[{"width":1080,"height":1080,"url":"https:\/\/japan-collector.com\/wp-content\/uploads\/2023\/03\/cardsaver.webp","type":"image\/webp"}],"twitter_card":"summary_large_image","twitter_misc":{"Tiempo de lectura":"1 minuto"},"schema":{"@context":"https:\/\/schema.org","@graph":[{"@type":"WebPage","@id":"https:\/\/japan-collector.com\/product\/50-card-saver-i-one-ultra-pro\/","url":"https:\/\/japan-collector.com\/product\/50-card-saver-i-one-ultra-pro\/","name":"50 CARD SAVER I ONE ULTRA PRO - Japan Collector | Pok\u00e9mon &amp; TCG Shop","isPartOf":{"@id":"https:\/\/japan-collector.com\/#website"},"primaryImageOfPage":{"@id":"https:\/\/japan-collector.com\/product\/50-card-saver-i-one-ultra-pro\/#primaryimage"},"image":{"@id":"https:\/\/japan-collector.com\/product\/50-card-saver-i-one-ultra-pro\/#primaryimage"},"thumbnailUrl":"https:\/\/japan-collector.com\/wp-content\/uploads\/2023\/03\/cardsaver.webp","datePublished":"2023-03-23T20:59:07+00:00","dateModified":"2024-10-18T17:56:55+00:00","description":"Protecci\u00f3n de tarjetas Card Saver One Ultra Pro, necesaria para los env\u00edos de PSA, disponible a buen precio en Japan Collector.","breadcrumb":{"@id":"https:\/\/japan-collector.com\/product\/50-card-saver-i-one-ultra-pro\/#breadcrumb"},"inLanguage":"es","potentialAction":[{"@type":"ReadAction","target":["https:\/\/japan-collector.com\/product\/50-card-saver-i-one-ultra-pro\/"]}]},{"@type":"ImageObject","inLanguage":"es","@id":"https:\/\/japan-collector.com\/product\/50-card-saver-i-one-ultra-pro\/#primaryimage","url":"https:\/\/japan-collector.com\/wp-content\/uploads\/2023\/03\/cardsaver.webp","contentUrl":"https:\/\/japan-collector.com\/wp-content\/uploads\/2023\/03\/cardsaver.webp","width":1080,"height":1080},{"@type":"BreadcrumbList","@id":"https:\/\/japan-collector.com\/product\/50-card-saver-i-one-ultra-pro\/#breadcrumb","itemListElement":[{"@type":"ListItem","position":1,"name":"Accueil","item":"https:\/\/japan-collector.com\/"},{"@type":"ListItem","position":2,"name":"Produits","item":"https:\/\/japan-collector.com\/shop\/"},{"@type":"ListItem","position":3,"name":"50 CARD SAVER I ONE ULTRA PRO"}]},{"@type":"WebSite","@id":"https:\/\/japan-collector.com\/#website","url":"https:\/\/japan-collector.com\/","name":"Jap\u00f3n Coleccionista | Tienda Pok\u00e9mon y TCG","description":"La esencia de Jap\u00f3n, a domicilio.","publisher":{"@id":"https:\/\/japan-collector.com\/#organization"},"potentialAction":[{"@type":"SearchAction","target":{"@type":"EntryPoint","urlTemplate":"https:\/\/japan-collector.com\/?s={search_term_string}"},"query-input":{"@type":"PropertyValueSpecification","valueRequired":true,"valueName":"search_term_string"}}],"inLanguage":"es"},{"@type":"Organization","@id":"https:\/\/japan-collector.com\/#organization","name":"Coleccionista de Jap\u00f3n","url":"https:\/\/japan-collector.com\/","logo":{"@type":"ImageObject","inLanguage":"es","@id":"https:\/\/japan-collector.com\/#\/schema\/logo\/image\/","url":"https:\/\/japan-collector.com\/wp-content\/uploads\/2023\/10\/Capture_d_ecran_2022-12-19_a_18.32.10-removebg-preview.png","contentUrl":"https:\/\/japan-collector.com\/wp-content\/uploads\/2023\/10\/Capture_d_ecran_2022-12-19_a_18.32.10-removebg-preview.png","width":389,"height":139,"caption":"Japan Collector"},"image":{"@id":"https:\/\/japan-collector.com\/#\/schema\/logo\/image\/"},"sameAs":["https:\/\/www.facebook.com\/japan.collector","https:\/\/www.instagram.com\/japan.collector\/"]}]}},"jetpack_sharing_enabled":true,"_links":{"self":[{"href":"https:\/\/japan-collector.com\/es\/wp-json\/wp\/v2\/product\/13525","targetHints":{"allow":["GET"]}}],"collection":[{"href":"https:\/\/japan-collector.com\/es\/wp-json\/wp\/v2\/product"}],"about":[{"href":"https:\/\/japan-collector.com\/es\/wp-json\/wp\/v2\/types\/product"}],"wp:featuredmedia":[{"embeddable":true,"href":"https:\/\/japan-collector.com\/es\/wp-json\/wp\/v2\/media\/31372"}],"wp:attachment":[{"href":"https:\/\/japan-collector.com\/es\/wp-json\/wp\/v2\/media?parent=13525"}],"wp:term":[{"taxonomy":"product_brand","embeddable":true,"href":"https:\/\/japan-collector.com\/es\/wp-json\/wp\/v2\/product_brand?post=13525"},{"taxonomy":"product_cat","embeddable":true,"href":"https:\/\/japan-collector.com\/es\/wp-json\/wp\/v2\/product_cat?post=13525"},{"taxonomy":"product_tag","embeddable":true,"href":"https:\/\/japan-collector.com\/es\/wp-json\/wp\/v2\/product_tag?post=13525"}],"curies":[{"name":"wp","href":"https:\/\/api.w.org\/{rel}","templated":true}]}}