{"id":31178,"date":"2023-10-31T15:55:46","date_gmt":"2023-10-31T15:55:46","guid":{"rendered":"https:\/\/japan-collector.com\/?post_type=product&#038;p=31178"},"modified":"2023-11-27T03:20:15","modified_gmt":"2023-11-27T03:20:15","slug":"display-eevee-heroes-s6a","status":"publish","type":"product","link":"https:\/\/japan-collector.com\/es\/product\/pantalla-eevee-heroes-s6a\/","title":{"rendered":"Display Eevee Heroes [S6A]"},"content":{"rendered":"<h3>La expansi\u00f3n presenta a Evoli y sus numerosas evoluciones. Cada evoluci\u00f3n de Evoli tiene una carta V, una carta V alternativa, una carta Vmax y una carta Vmax alternativa.<\/h3>\n<ul>\n<li>Fecha oficial de lanzamiento en Jap\u00f3n: 28\/05\/2021<\/li>\n<li>Caja de 30 boosters<\/li>\n<li>Boosters de 5 cartas<\/li>\n<li>Descuento por cantidad<\/li>\n<li>Enviado desde Francia<\/li>\n<li>Aproveche su pedido de <a href=\"https:\/\/japan-collector.com\/es\/product-category\/accesoires\/\">accesorios<\/a>, <a href=\"https:\/\/japan-collector.com\/es\/product\/100-sleeves-ultra-pro\/\">fundas protectoras flexibles<\/a>, <a href=\"https:\/\/japan-collector.com\/es\/product\/25-regular-toploaders-ultra-pro\/\">toploader regular ultra pro<\/a> etc...<\/li>\n<\/ul>","protected":false},"excerpt":{"rendered":"<ul>\n<li>Caja de 30 Boosters<\/li>\n<li>Boosters de 5 cartas<\/li>\n<li>Enviado desde Francia<\/li>\n<li>Env\u00edo en un plazo de 5 a 7 d\u00edas laborables<\/li>\n<\/ul>","protected":false},"featured_media":31179,"template":"","meta":[],"product_brand":[],"product_cat":[234],"product_tag":[],"class_list":{"0":"post-31178","1":"product","2":"type-product","3":"status-publish","4":"has-post-thumbnail","6":"product_cat-display-pokemon-japonais","8":"first","9":"outofstock","10":"sale","11":"taxable","12":"shipping-taxable","13":"purchasable","14":"product-type-simple"},"acf":[],"yoast_head":"<!-- This site is optimized with the Yoast SEO plugin v27.3 - https:\/\/yoast.com\/product\/yoast-seo-wordpress\/ -->\n<title>Display Eevee Heroes [S6A] - Japan Collector | Boutique Pok\u00e9mon &amp; TCG<\/title>\n<meta name=\"robots\" content=\"index, follow, max-snippet:-1, max-image-preview:large, max-video-preview:-1\" \/>\n<link rel=\"canonical\" href=\"https:\/\/japan-collector.com\/es\/product\/pantalla-eevee-heroes-s6a\/\" \/>\n<meta property=\"og:locale\" content=\"es_ES\" \/>\n<meta property=\"og:type\" content=\"article\" \/>\n<meta property=\"og:title\" content=\"Display Eevee Heroes [S6A] - Japan Collector | Boutique Pok\u00e9mon &amp; TCG\" \/>\n<meta property=\"og:description\" content=\"Bo\u00eete de 30 Boosters  Boosters de 5 cartes  Expedi\u00e9 depuis la France  Exp\u00e9dition sous 5 \u00e0 7 jours ouvrable\" \/>\n<meta property=\"og:url\" content=\"https:\/\/japan-collector.com\/es\/product\/pantalla-eevee-heroes-s6a\/\" \/>\n<meta property=\"og:site_name\" content=\"Japan Collector | Boutique Pok\u00e9mon &amp; TCG\" \/>\n<meta property=\"article:publisher\" content=\"https:\/\/www.facebook.com\/japan.collector\" \/>\n<meta property=\"article:modified_time\" content=\"2023-11-27T03:20:15+00:00\" \/>\n<meta property=\"og:image\" content=\"https:\/\/japan-collector.com\/wp-content\/uploads\/2023\/10\/SV3A-2.png\" \/>\n\t<meta property=\"og:image:width\" content=\"1080\" \/>\n\t<meta property=\"og:image:height\" content=\"1080\" \/>\n\t<meta property=\"og:image:type\" content=\"image\/png\" \/>\n<meta name=\"twitter:card\" content=\"summary_large_image\" \/>\n<meta name=\"twitter:label1\" content=\"Tiempo de lectura\" \/>\n\t<meta name=\"twitter:data1\" content=\"1 minuto\" \/>\n<script type=\"application\/ld+json\" class=\"yoast-schema-graph\">{\"@context\":\"https:\\\/\\\/schema.org\",\"@graph\":[{\"@type\":\"WebPage\",\"@id\":\"https:\\\/\\\/japan-collector.com\\\/product\\\/display-eevee-heroes-s6a\\\/\",\"url\":\"https:\\\/\\\/japan-collector.com\\\/product\\\/display-eevee-heroes-s6a\\\/\",\"name\":\"Display Eevee Heroes [S6A] - Japan Collector | Boutique Pok\u00e9mon &amp; TCG\",\"isPartOf\":{\"@id\":\"https:\\\/\\\/japan-collector.com\\\/#website\"},\"primaryImageOfPage\":{\"@id\":\"https:\\\/\\\/japan-collector.com\\\/product\\\/display-eevee-heroes-s6a\\\/#primaryimage\"},\"image\":{\"@id\":\"https:\\\/\\\/japan-collector.com\\\/product\\\/display-eevee-heroes-s6a\\\/#primaryimage\"},\"thumbnailUrl\":\"https:\\\/\\\/japan-collector.com\\\/wp-content\\\/uploads\\\/2023\\\/10\\\/SV3A-2.png\",\"datePublished\":\"2023-10-31T15:55:46+00:00\",\"dateModified\":\"2023-11-27T03:20:15+00:00\",\"breadcrumb\":{\"@id\":\"https:\\\/\\\/japan-collector.com\\\/product\\\/display-eevee-heroes-s6a\\\/#breadcrumb\"},\"inLanguage\":\"es\",\"potentialAction\":[{\"@type\":\"ReadAction\",\"target\":[\"https:\\\/\\\/japan-collector.com\\\/product\\\/display-eevee-heroes-s6a\\\/\"]}]},{\"@type\":\"ImageObject\",\"inLanguage\":\"es\",\"@id\":\"https:\\\/\\\/japan-collector.com\\\/product\\\/display-eevee-heroes-s6a\\\/#primaryimage\",\"url\":\"https:\\\/\\\/japan-collector.com\\\/wp-content\\\/uploads\\\/2023\\\/10\\\/SV3A-2.png\",\"contentUrl\":\"https:\\\/\\\/japan-collector.com\\\/wp-content\\\/uploads\\\/2023\\\/10\\\/SV3A-2.png\",\"width\":1080,\"height\":1080},{\"@type\":\"BreadcrumbList\",\"@id\":\"https:\\\/\\\/japan-collector.com\\\/product\\\/display-eevee-heroes-s6a\\\/#breadcrumb\",\"itemListElement\":[{\"@type\":\"ListItem\",\"position\":1,\"name\":\"Accueil\",\"item\":\"https:\\\/\\\/japan-collector.com\\\/\"},{\"@type\":\"ListItem\",\"position\":2,\"name\":\"Produits\",\"item\":\"https:\\\/\\\/japan-collector.com\\\/shop\\\/\"},{\"@type\":\"ListItem\",\"position\":3,\"name\":\"Display Eevee Heroes [S6A]\"}]},{\"@type\":\"WebSite\",\"@id\":\"https:\\\/\\\/japan-collector.com\\\/#website\",\"url\":\"https:\\\/\\\/japan-collector.com\\\/\",\"name\":\"Japan Collector | Boutique Pok\u00e9mon &amp; TCG\",\"description\":\"L&#039;essence du Japon, livr\u00e9e \u00e0 votre porte.\",\"publisher\":{\"@id\":\"https:\\\/\\\/japan-collector.com\\\/#organization\"},\"potentialAction\":[{\"@type\":\"SearchAction\",\"target\":{\"@type\":\"EntryPoint\",\"urlTemplate\":\"https:\\\/\\\/japan-collector.com\\\/?s={search_term_string}\"},\"query-input\":{\"@type\":\"PropertyValueSpecification\",\"valueRequired\":true,\"valueName\":\"search_term_string\"}}],\"inLanguage\":\"es\"},{\"@type\":\"Organization\",\"@id\":\"https:\\\/\\\/japan-collector.com\\\/#organization\",\"name\":\"Japan Collector\",\"url\":\"https:\\\/\\\/japan-collector.com\\\/\",\"logo\":{\"@type\":\"ImageObject\",\"inLanguage\":\"es\",\"@id\":\"https:\\\/\\\/japan-collector.com\\\/#\\\/schema\\\/logo\\\/image\\\/\",\"url\":\"https:\\\/\\\/japan-collector.com\\\/wp-content\\\/uploads\\\/2023\\\/10\\\/Capture_d_ecran_2022-12-19_a_18.32.10-removebg-preview.png\",\"contentUrl\":\"https:\\\/\\\/japan-collector.com\\\/wp-content\\\/uploads\\\/2023\\\/10\\\/Capture_d_ecran_2022-12-19_a_18.32.10-removebg-preview.png\",\"width\":389,\"height\":139,\"caption\":\"Japan Collector\"},\"image\":{\"@id\":\"https:\\\/\\\/japan-collector.com\\\/#\\\/schema\\\/logo\\\/image\\\/\"},\"sameAs\":[\"https:\\\/\\\/www.facebook.com\\\/japan.collector\",\"https:\\\/\\\/www.instagram.com\\\/japan.collector\\\/\"]}]}<\/script>\n<!-- \/ Yoast SEO plugin. -->","yoast_head_json":{"title":"Display Eevee Heroes [S6A] - Japan Collector | Boutique Pok\u00e9mon &amp; TCG","robots":{"index":"index","follow":"follow","max-snippet":"max-snippet:-1","max-image-preview":"max-image-preview:large","max-video-preview":"max-video-preview:-1"},"canonical":"https:\/\/japan-collector.com\/es\/product\/pantalla-eevee-heroes-s6a\/","og_locale":"es_ES","og_type":"article","og_title":"Display Eevee Heroes [S6A] - Japan Collector | Boutique Pok\u00e9mon &amp; TCG","og_description":"Bo\u00eete de 30 Boosters  Boosters de 5 cartes  Expedi\u00e9 depuis la France  Exp\u00e9dition sous 5 \u00e0 7 jours ouvrable","og_url":"https:\/\/japan-collector.com\/es\/product\/pantalla-eevee-heroes-s6a\/","og_site_name":"Japan Collector | Boutique Pok\u00e9mon &amp; TCG","article_publisher":"https:\/\/www.facebook.com\/japan.collector","article_modified_time":"2023-11-27T03:20:15+00:00","og_image":[{"width":1080,"height":1080,"url":"https:\/\/japan-collector.com\/wp-content\/uploads\/2023\/10\/SV3A-2.png","type":"image\/png"}],"twitter_card":"summary_large_image","twitter_misc":{"Tiempo de lectura":"1 minuto"},"schema":{"@context":"https:\/\/schema.org","@graph":[{"@type":"WebPage","@id":"https:\/\/japan-collector.com\/product\/display-eevee-heroes-s6a\/","url":"https:\/\/japan-collector.com\/product\/display-eevee-heroes-s6a\/","name":"Display Eevee Heroes [S6A] - Japan Collector | Boutique Pok\u00e9mon &amp; TCG","isPartOf":{"@id":"https:\/\/japan-collector.com\/#website"},"primaryImageOfPage":{"@id":"https:\/\/japan-collector.com\/product\/display-eevee-heroes-s6a\/#primaryimage"},"image":{"@id":"https:\/\/japan-collector.com\/product\/display-eevee-heroes-s6a\/#primaryimage"},"thumbnailUrl":"https:\/\/japan-collector.com\/wp-content\/uploads\/2023\/10\/SV3A-2.png","datePublished":"2023-10-31T15:55:46+00:00","dateModified":"2023-11-27T03:20:15+00:00","breadcrumb":{"@id":"https:\/\/japan-collector.com\/product\/display-eevee-heroes-s6a\/#breadcrumb"},"inLanguage":"es","potentialAction":[{"@type":"ReadAction","target":["https:\/\/japan-collector.com\/product\/display-eevee-heroes-s6a\/"]}]},{"@type":"ImageObject","inLanguage":"es","@id":"https:\/\/japan-collector.com\/product\/display-eevee-heroes-s6a\/#primaryimage","url":"https:\/\/japan-collector.com\/wp-content\/uploads\/2023\/10\/SV3A-2.png","contentUrl":"https:\/\/japan-collector.com\/wp-content\/uploads\/2023\/10\/SV3A-2.png","width":1080,"height":1080},{"@type":"BreadcrumbList","@id":"https:\/\/japan-collector.com\/product\/display-eevee-heroes-s6a\/#breadcrumb","itemListElement":[{"@type":"ListItem","position":1,"name":"Accueil","item":"https:\/\/japan-collector.com\/"},{"@type":"ListItem","position":2,"name":"Produits","item":"https:\/\/japan-collector.com\/shop\/"},{"@type":"ListItem","position":3,"name":"Display Eevee Heroes [S6A]"}]},{"@type":"WebSite","@id":"https:\/\/japan-collector.com\/#website","url":"https:\/\/japan-collector.com\/","name":"Jap\u00f3n Coleccionista | Tienda Pok\u00e9mon y TCG","description":"La esencia de Jap\u00f3n, a domicilio.","publisher":{"@id":"https:\/\/japan-collector.com\/#organization"},"potentialAction":[{"@type":"SearchAction","target":{"@type":"EntryPoint","urlTemplate":"https:\/\/japan-collector.com\/?s={search_term_string}"},"query-input":{"@type":"PropertyValueSpecification","valueRequired":true,"valueName":"search_term_string"}}],"inLanguage":"es"},{"@type":"Organization","@id":"https:\/\/japan-collector.com\/#organization","name":"Coleccionista de Jap\u00f3n","url":"https:\/\/japan-collector.com\/","logo":{"@type":"ImageObject","inLanguage":"es","@id":"https:\/\/japan-collector.com\/#\/schema\/logo\/image\/","url":"https:\/\/japan-collector.com\/wp-content\/uploads\/2023\/10\/Capture_d_ecran_2022-12-19_a_18.32.10-removebg-preview.png","contentUrl":"https:\/\/japan-collector.com\/wp-content\/uploads\/2023\/10\/Capture_d_ecran_2022-12-19_a_18.32.10-removebg-preview.png","width":389,"height":139,"caption":"Japan Collector"},"image":{"@id":"https:\/\/japan-collector.com\/#\/schema\/logo\/image\/"},"sameAs":["https:\/\/www.facebook.com\/japan.collector","https:\/\/www.instagram.com\/japan.collector\/"]}]}},"jetpack_sharing_enabled":true,"_links":{"self":[{"href":"https:\/\/japan-collector.com\/es\/wp-json\/wp\/v2\/product\/31178","targetHints":{"allow":["GET"]}}],"collection":[{"href":"https:\/\/japan-collector.com\/es\/wp-json\/wp\/v2\/product"}],"about":[{"href":"https:\/\/japan-collector.com\/es\/wp-json\/wp\/v2\/types\/product"}],"wp:featuredmedia":[{"embeddable":true,"href":"https:\/\/japan-collector.com\/es\/wp-json\/wp\/v2\/media\/31179"}],"wp:attachment":[{"href":"https:\/\/japan-collector.com\/es\/wp-json\/wp\/v2\/media?parent=31178"}],"wp:term":[{"taxonomy":"product_brand","embeddable":true,"href":"https:\/\/japan-collector.com\/es\/wp-json\/wp\/v2\/product_brand?post=31178"},{"taxonomy":"product_cat","embeddable":true,"href":"https:\/\/japan-collector.com\/es\/wp-json\/wp\/v2\/product_cat?post=31178"},{"taxonomy":"product_tag","embeddable":true,"href":"https:\/\/japan-collector.com\/es\/wp-json\/wp\/v2\/product_tag?post=31178"}],"curies":[{"name":"wp","href":"https:\/\/api.w.org\/{rel}","templated":true}]}}