{"id":31235,"date":"2023-10-31T17:37:28","date_gmt":"2023-10-31T17:37:28","guid":{"rendered":"https:\/\/japan-collector.com\/?post_type=product&#038;p=31235"},"modified":"2024-10-18T17:49:40","modified_gmt":"2024-10-18T17:49:40","slug":"display-shiny-treasure-ex-sv4a","status":"publish","type":"product","link":"https:\/\/japan-collector.com\/es\/product\/pantalla-shiny-treasure-ex-sv4a\/","title":{"rendered":"Display Shiny Treasure ex [SV4A]"},"content":{"rendered":"<h3>\u00a1Prep\u00e1rate para el High Class Pack de 2023! Tesoro brillante EX SV4A<br \/>\nDisponible en Japan Collector.<\/h3>\n<ul>\n<li>Fecha oficial de lanzamiento en Jap\u00f3n: 01\/12\/2023<\/li>\n<li>Env\u00edo r\u00e1pido desde Francia<\/li>\n<li>Caja de 10 boosters<\/li>\n<li>Boosters de 10 cartas<\/li>\n<li>Enviado desde Francia<\/li>\n<li>Aproveche su pedido de\u00a0<a href=\"https:\/\/japan-collector.com\/es\/product-category\/accesoires\/\">accesorios<\/a>,\u00a0<a href=\"https:\/\/japan-collector.com\/es\/product\/100-sleeves-ultra-pro\/\">fundas protectoras flexibles<\/a>,\u00a0<a href=\"https:\/\/japan-collector.com\/es\/product\/25-regular-toploaders-ultra-pro\/\">toploader regular ultra pro<\/a>\u00a0etc...<\/li>\n<\/ul>","protected":false},"excerpt":{"rendered":"<ul>\n<li>Caja de 10 Boosters<\/li>\n<li>Boosters de 10 cartas<\/li>\n<li>Enviado desde Francia<\/li>\n<\/ul>","protected":false},"featured_media":31346,"template":"","meta":[],"product_brand":[],"product_cat":[234],"product_tag":[],"class_list":{"0":"post-31235","1":"product","2":"type-product","3":"status-publish","4":"has-post-thumbnail","6":"product_cat-display-pokemon-japonais","8":"first","9":"outofstock","10":"taxable","11":"shipping-taxable","12":"purchasable","13":"product-type-simple"},"acf":[],"yoast_head":"<!-- This site is optimized with the Yoast SEO plugin v27.3 - https:\/\/yoast.com\/product\/yoast-seo-wordpress\/ -->\n<title>Display Shiny Treasure ex [SV4A] - Japan Collector | Boutique Pok\u00e9mon &amp; TCG<\/title>\n<meta name=\"robots\" content=\"index, follow, max-snippet:-1, max-image-preview:large, max-video-preview:-1\" \/>\n<link rel=\"canonical\" href=\"https:\/\/japan-collector.com\/es\/product\/pantalla-shiny-treasure-ex-sv4a\/\" \/>\n<meta property=\"og:locale\" content=\"es_ES\" \/>\n<meta property=\"og:type\" content=\"article\" \/>\n<meta property=\"og:title\" content=\"Display Shiny Treasure ex [SV4A] - Japan Collector | Boutique Pok\u00e9mon &amp; TCG\" \/>\n<meta property=\"og:description\" content=\"Bo\u00eete de 10 Boosters  Boosters de 10 cartes  Expedi\u00e9 depuis la France\" \/>\n<meta property=\"og:url\" content=\"https:\/\/japan-collector.com\/es\/product\/pantalla-shiny-treasure-ex-sv4a\/\" \/>\n<meta property=\"og:site_name\" content=\"Japan Collector | Boutique Pok\u00e9mon &amp; TCG\" \/>\n<meta property=\"article:publisher\" content=\"https:\/\/www.facebook.com\/japan.collector\" \/>\n<meta property=\"article:modified_time\" content=\"2024-10-18T17:49:40+00:00\" \/>\n<meta property=\"og:image\" content=\"https:\/\/japan-collector.com\/wp-content\/uploads\/2023\/10\/admin-ajax.webp\" \/>\n\t<meta property=\"og:image:width\" content=\"600\" \/>\n\t<meta property=\"og:image:height\" content=\"600\" \/>\n\t<meta property=\"og:image:type\" content=\"image\/webp\" \/>\n<meta name=\"twitter:card\" content=\"summary_large_image\" \/>\n<meta name=\"twitter:label1\" content=\"Tiempo de lectura\" \/>\n\t<meta name=\"twitter:data1\" content=\"1 minuto\" \/>\n<script type=\"application\/ld+json\" class=\"yoast-schema-graph\">{\"@context\":\"https:\\\/\\\/schema.org\",\"@graph\":[{\"@type\":\"WebPage\",\"@id\":\"https:\\\/\\\/japan-collector.com\\\/product\\\/display-shiny-treasure-ex-sv4a\\\/\",\"url\":\"https:\\\/\\\/japan-collector.com\\\/product\\\/display-shiny-treasure-ex-sv4a\\\/\",\"name\":\"Display Shiny Treasure ex [SV4A] - Japan Collector | Boutique Pok\u00e9mon &amp; TCG\",\"isPartOf\":{\"@id\":\"https:\\\/\\\/japan-collector.com\\\/#website\"},\"primaryImageOfPage\":{\"@id\":\"https:\\\/\\\/japan-collector.com\\\/product\\\/display-shiny-treasure-ex-sv4a\\\/#primaryimage\"},\"image\":{\"@id\":\"https:\\\/\\\/japan-collector.com\\\/product\\\/display-shiny-treasure-ex-sv4a\\\/#primaryimage\"},\"thumbnailUrl\":\"https:\\\/\\\/japan-collector.com\\\/wp-content\\\/uploads\\\/2023\\\/10\\\/admin-ajax.webp\",\"datePublished\":\"2023-10-31T17:37:28+00:00\",\"dateModified\":\"2024-10-18T17:49:40+00:00\",\"breadcrumb\":{\"@id\":\"https:\\\/\\\/japan-collector.com\\\/product\\\/display-shiny-treasure-ex-sv4a\\\/#breadcrumb\"},\"inLanguage\":\"es\",\"potentialAction\":[{\"@type\":\"ReadAction\",\"target\":[\"https:\\\/\\\/japan-collector.com\\\/product\\\/display-shiny-treasure-ex-sv4a\\\/\"]}]},{\"@type\":\"ImageObject\",\"inLanguage\":\"es\",\"@id\":\"https:\\\/\\\/japan-collector.com\\\/product\\\/display-shiny-treasure-ex-sv4a\\\/#primaryimage\",\"url\":\"https:\\\/\\\/japan-collector.com\\\/wp-content\\\/uploads\\\/2023\\\/10\\\/admin-ajax.webp\",\"contentUrl\":\"https:\\\/\\\/japan-collector.com\\\/wp-content\\\/uploads\\\/2023\\\/10\\\/admin-ajax.webp\",\"width\":600,\"height\":600},{\"@type\":\"BreadcrumbList\",\"@id\":\"https:\\\/\\\/japan-collector.com\\\/product\\\/display-shiny-treasure-ex-sv4a\\\/#breadcrumb\",\"itemListElement\":[{\"@type\":\"ListItem\",\"position\":1,\"name\":\"Accueil\",\"item\":\"https:\\\/\\\/japan-collector.com\\\/\"},{\"@type\":\"ListItem\",\"position\":2,\"name\":\"Produits\",\"item\":\"https:\\\/\\\/japan-collector.com\\\/shop\\\/\"},{\"@type\":\"ListItem\",\"position\":3,\"name\":\"Display Shiny Treasure ex [SV4A]\"}]},{\"@type\":\"WebSite\",\"@id\":\"https:\\\/\\\/japan-collector.com\\\/#website\",\"url\":\"https:\\\/\\\/japan-collector.com\\\/\",\"name\":\"Japan Collector | Boutique Pok\u00e9mon &amp; TCG\",\"description\":\"L&#039;essence du Japon, livr\u00e9e \u00e0 votre porte.\",\"publisher\":{\"@id\":\"https:\\\/\\\/japan-collector.com\\\/#organization\"},\"potentialAction\":[{\"@type\":\"SearchAction\",\"target\":{\"@type\":\"EntryPoint\",\"urlTemplate\":\"https:\\\/\\\/japan-collector.com\\\/?s={search_term_string}\"},\"query-input\":{\"@type\":\"PropertyValueSpecification\",\"valueRequired\":true,\"valueName\":\"search_term_string\"}}],\"inLanguage\":\"es\"},{\"@type\":\"Organization\",\"@id\":\"https:\\\/\\\/japan-collector.com\\\/#organization\",\"name\":\"Japan Collector\",\"url\":\"https:\\\/\\\/japan-collector.com\\\/\",\"logo\":{\"@type\":\"ImageObject\",\"inLanguage\":\"es\",\"@id\":\"https:\\\/\\\/japan-collector.com\\\/#\\\/schema\\\/logo\\\/image\\\/\",\"url\":\"https:\\\/\\\/japan-collector.com\\\/wp-content\\\/uploads\\\/2023\\\/10\\\/Capture_d_ecran_2022-12-19_a_18.32.10-removebg-preview.png\",\"contentUrl\":\"https:\\\/\\\/japan-collector.com\\\/wp-content\\\/uploads\\\/2023\\\/10\\\/Capture_d_ecran_2022-12-19_a_18.32.10-removebg-preview.png\",\"width\":389,\"height\":139,\"caption\":\"Japan Collector\"},\"image\":{\"@id\":\"https:\\\/\\\/japan-collector.com\\\/#\\\/schema\\\/logo\\\/image\\\/\"},\"sameAs\":[\"https:\\\/\\\/www.facebook.com\\\/japan.collector\",\"https:\\\/\\\/www.instagram.com\\\/japan.collector\\\/\"]}]}<\/script>\n<!-- \/ Yoast SEO plugin. -->","yoast_head_json":{"title":"Display Shiny Treasure ex [SV4A] - Japan Collector | Boutique Pok\u00e9mon &amp; TCG","robots":{"index":"index","follow":"follow","max-snippet":"max-snippet:-1","max-image-preview":"max-image-preview:large","max-video-preview":"max-video-preview:-1"},"canonical":"https:\/\/japan-collector.com\/es\/product\/pantalla-shiny-treasure-ex-sv4a\/","og_locale":"es_ES","og_type":"article","og_title":"Display Shiny Treasure ex [SV4A] - Japan Collector | Boutique Pok\u00e9mon &amp; TCG","og_description":"Bo\u00eete de 10 Boosters  Boosters de 10 cartes  Expedi\u00e9 depuis la France","og_url":"https:\/\/japan-collector.com\/es\/product\/pantalla-shiny-treasure-ex-sv4a\/","og_site_name":"Japan Collector | Boutique Pok\u00e9mon &amp; TCG","article_publisher":"https:\/\/www.facebook.com\/japan.collector","article_modified_time":"2024-10-18T17:49:40+00:00","og_image":[{"width":600,"height":600,"url":"https:\/\/japan-collector.com\/wp-content\/uploads\/2023\/10\/admin-ajax.webp","type":"image\/webp"}],"twitter_card":"summary_large_image","twitter_misc":{"Tiempo de lectura":"1 minuto"},"schema":{"@context":"https:\/\/schema.org","@graph":[{"@type":"WebPage","@id":"https:\/\/japan-collector.com\/product\/display-shiny-treasure-ex-sv4a\/","url":"https:\/\/japan-collector.com\/product\/display-shiny-treasure-ex-sv4a\/","name":"Display Shiny Treasure ex [SV4A] - Japan Collector | Boutique Pok\u00e9mon &amp; TCG","isPartOf":{"@id":"https:\/\/japan-collector.com\/#website"},"primaryImageOfPage":{"@id":"https:\/\/japan-collector.com\/product\/display-shiny-treasure-ex-sv4a\/#primaryimage"},"image":{"@id":"https:\/\/japan-collector.com\/product\/display-shiny-treasure-ex-sv4a\/#primaryimage"},"thumbnailUrl":"https:\/\/japan-collector.com\/wp-content\/uploads\/2023\/10\/admin-ajax.webp","datePublished":"2023-10-31T17:37:28+00:00","dateModified":"2024-10-18T17:49:40+00:00","breadcrumb":{"@id":"https:\/\/japan-collector.com\/product\/display-shiny-treasure-ex-sv4a\/#breadcrumb"},"inLanguage":"es","potentialAction":[{"@type":"ReadAction","target":["https:\/\/japan-collector.com\/product\/display-shiny-treasure-ex-sv4a\/"]}]},{"@type":"ImageObject","inLanguage":"es","@id":"https:\/\/japan-collector.com\/product\/display-shiny-treasure-ex-sv4a\/#primaryimage","url":"https:\/\/japan-collector.com\/wp-content\/uploads\/2023\/10\/admin-ajax.webp","contentUrl":"https:\/\/japan-collector.com\/wp-content\/uploads\/2023\/10\/admin-ajax.webp","width":600,"height":600},{"@type":"BreadcrumbList","@id":"https:\/\/japan-collector.com\/product\/display-shiny-treasure-ex-sv4a\/#breadcrumb","itemListElement":[{"@type":"ListItem","position":1,"name":"Accueil","item":"https:\/\/japan-collector.com\/"},{"@type":"ListItem","position":2,"name":"Produits","item":"https:\/\/japan-collector.com\/shop\/"},{"@type":"ListItem","position":3,"name":"Display Shiny Treasure ex [SV4A]"}]},{"@type":"WebSite","@id":"https:\/\/japan-collector.com\/#website","url":"https:\/\/japan-collector.com\/","name":"Jap\u00f3n Coleccionista | Tienda Pok\u00e9mon y TCG","description":"La esencia de Jap\u00f3n, a domicilio.","publisher":{"@id":"https:\/\/japan-collector.com\/#organization"},"potentialAction":[{"@type":"SearchAction","target":{"@type":"EntryPoint","urlTemplate":"https:\/\/japan-collector.com\/?s={search_term_string}"},"query-input":{"@type":"PropertyValueSpecification","valueRequired":true,"valueName":"search_term_string"}}],"inLanguage":"es"},{"@type":"Organization","@id":"https:\/\/japan-collector.com\/#organization","name":"Coleccionista de Jap\u00f3n","url":"https:\/\/japan-collector.com\/","logo":{"@type":"ImageObject","inLanguage":"es","@id":"https:\/\/japan-collector.com\/#\/schema\/logo\/image\/","url":"https:\/\/japan-collector.com\/wp-content\/uploads\/2023\/10\/Capture_d_ecran_2022-12-19_a_18.32.10-removebg-preview.png","contentUrl":"https:\/\/japan-collector.com\/wp-content\/uploads\/2023\/10\/Capture_d_ecran_2022-12-19_a_18.32.10-removebg-preview.png","width":389,"height":139,"caption":"Japan Collector"},"image":{"@id":"https:\/\/japan-collector.com\/#\/schema\/logo\/image\/"},"sameAs":["https:\/\/www.facebook.com\/japan.collector","https:\/\/www.instagram.com\/japan.collector\/"]}]}},"jetpack_sharing_enabled":true,"_links":{"self":[{"href":"https:\/\/japan-collector.com\/es\/wp-json\/wp\/v2\/product\/31235","targetHints":{"allow":["GET"]}}],"collection":[{"href":"https:\/\/japan-collector.com\/es\/wp-json\/wp\/v2\/product"}],"about":[{"href":"https:\/\/japan-collector.com\/es\/wp-json\/wp\/v2\/types\/product"}],"wp:featuredmedia":[{"embeddable":true,"href":"https:\/\/japan-collector.com\/es\/wp-json\/wp\/v2\/media\/31346"}],"wp:attachment":[{"href":"https:\/\/japan-collector.com\/es\/wp-json\/wp\/v2\/media?parent=31235"}],"wp:term":[{"taxonomy":"product_brand","embeddable":true,"href":"https:\/\/japan-collector.com\/es\/wp-json\/wp\/v2\/product_brand?post=31235"},{"taxonomy":"product_cat","embeddable":true,"href":"https:\/\/japan-collector.com\/es\/wp-json\/wp\/v2\/product_cat?post=31235"},{"taxonomy":"product_tag","embeddable":true,"href":"https:\/\/japan-collector.com\/es\/wp-json\/wp\/v2\/product_tag?post=31235"}],"curies":[{"name":"wp","href":"https:\/\/api.w.org\/{rel}","templated":true}]}}