{"id":5934,"date":"2022-05-12T21:37:28","date_gmt":"2022-05-12T21:37:28","guid":{"rendered":"https:\/\/japan-collector.com\/?post_type=product&#038;p=5934"},"modified":"2024-10-18T17:59:23","modified_gmt":"2024-10-18T17:59:23","slug":"display-dark-phantasma-s10a","status":"publish","type":"product","link":"https:\/\/japan-collector.com\/es\/product\/pantalla-dark-phantasma-s10a\/","title":{"rendered":"Display Dark Phantasma [S10A]"},"content":{"rendered":"<p>\u00a1La nueva serie Dark Phantasma S10a llega a Jap\u00f3n el 13 de mayo! Caja de 20 sobres <span class=\"ver\" title=\"Los adjetivos y las lenguas se escriben siempre en min&uacute;sculas, p. ej: &lt;i&gt;un programa &lt;b&gt;c&lt;\/b&gt;anadian&lt;\/i&gt; (pero &lt;i&gt;a &lt;b&gt;C&lt;\/b&gt;anadian&lt;\/i&gt;), japon&eacute;s (pero &lt;i&gt;a &lt;b&gt;J&lt;\/b&gt;aponais&lt;\/i&gt;).\">en japon\u00e9s<\/span>. En stock Desde FRANCIA<\/p>\n<p>&nbsp;<\/p>","protected":false},"excerpt":{"rendered":"<p style=\"text-align: left;\">Fecha de publicaci\u00f3n: 13\/05<br \/>\nEnviado desde Francia<\/p>","protected":false},"featured_media":29298,"template":"","meta":[],"product_brand":[],"product_cat":[234],"product_tag":[],"class_list":{"0":"post-5934","1":"product","2":"type-product","3":"status-publish","4":"has-post-thumbnail","6":"product_cat-display-pokemon-japonais","8":"first","9":"outofstock","10":"taxable","11":"shipping-taxable","12":"purchasable","13":"product-type-simple"},"acf":[],"yoast_head":"<!-- This site is optimized with the Yoast SEO plugin v27.4 - https:\/\/yoast.com\/product\/yoast-seo-wordpress\/ -->\n<title>Display Dark Phantasma [S10A] - Japan Collector | Boutique Pok\u00e9mon &amp; TCG<\/title>\n<meta name=\"robots\" content=\"index, follow, max-snippet:-1, max-image-preview:large, max-video-preview:-1\" \/>\n<link rel=\"canonical\" href=\"https:\/\/japan-collector.com\/es\/product\/pantalla-dark-phantasma-s10a\/\" \/>\n<meta property=\"og:locale\" content=\"es_ES\" \/>\n<meta property=\"og:type\" content=\"article\" \/>\n<meta property=\"og:title\" content=\"Display Dark Phantasma [S10A] - Japan Collector | Boutique Pok\u00e9mon &amp; TCG\" \/>\n<meta property=\"og:description\" content=\"Date de Sortie : 13\/05 Exp\u00e9di\u00e9 depuis la France\" \/>\n<meta property=\"og:url\" content=\"https:\/\/japan-collector.com\/es\/product\/pantalla-dark-phantasma-s10a\/\" \/>\n<meta property=\"og:site_name\" content=\"Japan Collector | Boutique Pok\u00e9mon &amp; TCG\" \/>\n<meta property=\"article:publisher\" content=\"https:\/\/www.facebook.com\/japan.collector\" \/>\n<meta property=\"article:modified_time\" content=\"2024-10-18T17:59:23+00:00\" \/>\n<meta property=\"og:image\" content=\"https:\/\/japan-collector.com\/wp-content\/uploads\/2023\/10\/S10A_resultat.webp\" \/>\n\t<meta property=\"og:image:width\" content=\"1080\" \/>\n\t<meta property=\"og:image:height\" content=\"1080\" \/>\n\t<meta property=\"og:image:type\" content=\"image\/webp\" \/>\n<meta name=\"twitter:card\" content=\"summary_large_image\" \/>\n<meta name=\"twitter:label1\" content=\"Tiempo de lectura\" \/>\n\t<meta name=\"twitter:data1\" content=\"1 minuto\" \/>\n<script type=\"application\/ld+json\" class=\"yoast-schema-graph\">{\"@context\":\"https:\\\/\\\/schema.org\",\"@graph\":[{\"@type\":\"WebPage\",\"@id\":\"https:\\\/\\\/japan-collector.com\\\/product\\\/display-dark-phantasma-s10a\\\/\",\"url\":\"https:\\\/\\\/japan-collector.com\\\/product\\\/display-dark-phantasma-s10a\\\/\",\"name\":\"Display Dark Phantasma [S10A] - Japan Collector | Boutique Pok\u00e9mon &amp; TCG\",\"isPartOf\":{\"@id\":\"https:\\\/\\\/japan-collector.com\\\/#website\"},\"primaryImageOfPage\":{\"@id\":\"https:\\\/\\\/japan-collector.com\\\/product\\\/display-dark-phantasma-s10a\\\/#primaryimage\"},\"image\":{\"@id\":\"https:\\\/\\\/japan-collector.com\\\/product\\\/display-dark-phantasma-s10a\\\/#primaryimage\"},\"thumbnailUrl\":\"https:\\\/\\\/japan-collector.com\\\/wp-content\\\/uploads\\\/2023\\\/10\\\/S10A_resultat.webp\",\"datePublished\":\"2022-05-12T21:37:28+00:00\",\"dateModified\":\"2024-10-18T17:59:23+00:00\",\"breadcrumb\":{\"@id\":\"https:\\\/\\\/japan-collector.com\\\/product\\\/display-dark-phantasma-s10a\\\/#breadcrumb\"},\"inLanguage\":\"es\",\"potentialAction\":[{\"@type\":\"ReadAction\",\"target\":[\"https:\\\/\\\/japan-collector.com\\\/product\\\/display-dark-phantasma-s10a\\\/\"]}]},{\"@type\":\"ImageObject\",\"inLanguage\":\"es\",\"@id\":\"https:\\\/\\\/japan-collector.com\\\/product\\\/display-dark-phantasma-s10a\\\/#primaryimage\",\"url\":\"https:\\\/\\\/japan-collector.com\\\/wp-content\\\/uploads\\\/2023\\\/10\\\/S10A_resultat.webp\",\"contentUrl\":\"https:\\\/\\\/japan-collector.com\\\/wp-content\\\/uploads\\\/2023\\\/10\\\/S10A_resultat.webp\",\"width\":1080,\"height\":1080,\"caption\":\"DISPLAY JAPANESE POKEMON SWORD AND SHIELD DARK PHANTASMA S10A\"},{\"@type\":\"BreadcrumbList\",\"@id\":\"https:\\\/\\\/japan-collector.com\\\/product\\\/display-dark-phantasma-s10a\\\/#breadcrumb\",\"itemListElement\":[{\"@type\":\"ListItem\",\"position\":1,\"name\":\"Accueil\",\"item\":\"https:\\\/\\\/japan-collector.com\\\/\"},{\"@type\":\"ListItem\",\"position\":2,\"name\":\"Produits\",\"item\":\"https:\\\/\\\/japan-collector.com\\\/shop\\\/\"},{\"@type\":\"ListItem\",\"position\":3,\"name\":\"Display Dark Phantasma [S10A]\"}]},{\"@type\":\"WebSite\",\"@id\":\"https:\\\/\\\/japan-collector.com\\\/#website\",\"url\":\"https:\\\/\\\/japan-collector.com\\\/\",\"name\":\"Japan Collector | Boutique Pok\u00e9mon &amp; TCG\",\"description\":\"L&#039;essence du Japon, livr\u00e9e \u00e0 votre porte.\",\"publisher\":{\"@id\":\"https:\\\/\\\/japan-collector.com\\\/#organization\"},\"potentialAction\":[{\"@type\":\"SearchAction\",\"target\":{\"@type\":\"EntryPoint\",\"urlTemplate\":\"https:\\\/\\\/japan-collector.com\\\/?s={search_term_string}\"},\"query-input\":{\"@type\":\"PropertyValueSpecification\",\"valueRequired\":true,\"valueName\":\"search_term_string\"}}],\"inLanguage\":\"es\"},{\"@type\":\"Organization\",\"@id\":\"https:\\\/\\\/japan-collector.com\\\/#organization\",\"name\":\"Japan Collector\",\"url\":\"https:\\\/\\\/japan-collector.com\\\/\",\"logo\":{\"@type\":\"ImageObject\",\"inLanguage\":\"es\",\"@id\":\"https:\\\/\\\/japan-collector.com\\\/#\\\/schema\\\/logo\\\/image\\\/\",\"url\":\"https:\\\/\\\/japan-collector.com\\\/wp-content\\\/uploads\\\/2023\\\/10\\\/Capture_d_ecran_2022-12-19_a_18.32.10-removebg-preview.png\",\"contentUrl\":\"https:\\\/\\\/japan-collector.com\\\/wp-content\\\/uploads\\\/2023\\\/10\\\/Capture_d_ecran_2022-12-19_a_18.32.10-removebg-preview.png\",\"width\":389,\"height\":139,\"caption\":\"Japan Collector\"},\"image\":{\"@id\":\"https:\\\/\\\/japan-collector.com\\\/#\\\/schema\\\/logo\\\/image\\\/\"},\"sameAs\":[\"https:\\\/\\\/www.facebook.com\\\/japan.collector\",\"https:\\\/\\\/www.instagram.com\\\/japan.collector\\\/\"]}]}<\/script>\n<!-- \/ Yoast SEO plugin. -->","yoast_head_json":{"title":"Display Dark Phantasma [S10A] - Japan Collector | Boutique Pok\u00e9mon &amp; TCG","robots":{"index":"index","follow":"follow","max-snippet":"max-snippet:-1","max-image-preview":"max-image-preview:large","max-video-preview":"max-video-preview:-1"},"canonical":"https:\/\/japan-collector.com\/es\/product\/pantalla-dark-phantasma-s10a\/","og_locale":"es_ES","og_type":"article","og_title":"Display Dark Phantasma [S10A] - Japan Collector | Boutique Pok\u00e9mon &amp; TCG","og_description":"Date de Sortie : 13\/05 Exp\u00e9di\u00e9 depuis la France","og_url":"https:\/\/japan-collector.com\/es\/product\/pantalla-dark-phantasma-s10a\/","og_site_name":"Japan Collector | Boutique Pok\u00e9mon &amp; TCG","article_publisher":"https:\/\/www.facebook.com\/japan.collector","article_modified_time":"2024-10-18T17:59:23+00:00","og_image":[{"width":1080,"height":1080,"url":"https:\/\/japan-collector.com\/wp-content\/uploads\/2023\/10\/S10A_resultat.webp","type":"image\/webp"}],"twitter_card":"summary_large_image","twitter_misc":{"Tiempo de lectura":"1 minuto"},"schema":{"@context":"https:\/\/schema.org","@graph":[{"@type":"WebPage","@id":"https:\/\/japan-collector.com\/product\/display-dark-phantasma-s10a\/","url":"https:\/\/japan-collector.com\/product\/display-dark-phantasma-s10a\/","name":"Display Dark Phantasma [S10A] - Japan Collector | Boutique Pok\u00e9mon &amp; TCG","isPartOf":{"@id":"https:\/\/japan-collector.com\/#website"},"primaryImageOfPage":{"@id":"https:\/\/japan-collector.com\/product\/display-dark-phantasma-s10a\/#primaryimage"},"image":{"@id":"https:\/\/japan-collector.com\/product\/display-dark-phantasma-s10a\/#primaryimage"},"thumbnailUrl":"https:\/\/japan-collector.com\/wp-content\/uploads\/2023\/10\/S10A_resultat.webp","datePublished":"2022-05-12T21:37:28+00:00","dateModified":"2024-10-18T17:59:23+00:00","breadcrumb":{"@id":"https:\/\/japan-collector.com\/product\/display-dark-phantasma-s10a\/#breadcrumb"},"inLanguage":"es","potentialAction":[{"@type":"ReadAction","target":["https:\/\/japan-collector.com\/product\/display-dark-phantasma-s10a\/"]}]},{"@type":"ImageObject","inLanguage":"es","@id":"https:\/\/japan-collector.com\/product\/display-dark-phantasma-s10a\/#primaryimage","url":"https:\/\/japan-collector.com\/wp-content\/uploads\/2023\/10\/S10A_resultat.webp","contentUrl":"https:\/\/japan-collector.com\/wp-content\/uploads\/2023\/10\/S10A_resultat.webp","width":1080,"height":1080,"caption":"DISPLAY JAPANESE POKEMON SWORD AND SHIELD DARK PHANTASMA S10A"},{"@type":"BreadcrumbList","@id":"https:\/\/japan-collector.com\/product\/display-dark-phantasma-s10a\/#breadcrumb","itemListElement":[{"@type":"ListItem","position":1,"name":"Accueil","item":"https:\/\/japan-collector.com\/"},{"@type":"ListItem","position":2,"name":"Produits","item":"https:\/\/japan-collector.com\/shop\/"},{"@type":"ListItem","position":3,"name":"Display Dark Phantasma [S10A]"}]},{"@type":"WebSite","@id":"https:\/\/japan-collector.com\/#website","url":"https:\/\/japan-collector.com\/","name":"Jap\u00f3n Coleccionista | Tienda Pok\u00e9mon y TCG","description":"La esencia de Jap\u00f3n, a domicilio.","publisher":{"@id":"https:\/\/japan-collector.com\/#organization"},"potentialAction":[{"@type":"SearchAction","target":{"@type":"EntryPoint","urlTemplate":"https:\/\/japan-collector.com\/?s={search_term_string}"},"query-input":{"@type":"PropertyValueSpecification","valueRequired":true,"valueName":"search_term_string"}}],"inLanguage":"es"},{"@type":"Organization","@id":"https:\/\/japan-collector.com\/#organization","name":"Coleccionista de Jap\u00f3n","url":"https:\/\/japan-collector.com\/","logo":{"@type":"ImageObject","inLanguage":"es","@id":"https:\/\/japan-collector.com\/#\/schema\/logo\/image\/","url":"https:\/\/japan-collector.com\/wp-content\/uploads\/2023\/10\/Capture_d_ecran_2022-12-19_a_18.32.10-removebg-preview.png","contentUrl":"https:\/\/japan-collector.com\/wp-content\/uploads\/2023\/10\/Capture_d_ecran_2022-12-19_a_18.32.10-removebg-preview.png","width":389,"height":139,"caption":"Japan Collector"},"image":{"@id":"https:\/\/japan-collector.com\/#\/schema\/logo\/image\/"},"sameAs":["https:\/\/www.facebook.com\/japan.collector","https:\/\/www.instagram.com\/japan.collector\/"]}]}},"jetpack_sharing_enabled":true,"_links":{"self":[{"href":"https:\/\/japan-collector.com\/es\/wp-json\/wp\/v2\/product\/5934","targetHints":{"allow":["GET"]}}],"collection":[{"href":"https:\/\/japan-collector.com\/es\/wp-json\/wp\/v2\/product"}],"about":[{"href":"https:\/\/japan-collector.com\/es\/wp-json\/wp\/v2\/types\/product"}],"wp:featuredmedia":[{"embeddable":true,"href":"https:\/\/japan-collector.com\/es\/wp-json\/wp\/v2\/media\/29298"}],"wp:attachment":[{"href":"https:\/\/japan-collector.com\/es\/wp-json\/wp\/v2\/media?parent=5934"}],"wp:term":[{"taxonomy":"product_brand","embeddable":true,"href":"https:\/\/japan-collector.com\/es\/wp-json\/wp\/v2\/product_brand?post=5934"},{"taxonomy":"product_cat","embeddable":true,"href":"https:\/\/japan-collector.com\/es\/wp-json\/wp\/v2\/product_cat?post=5934"},{"taxonomy":"product_tag","embeddable":true,"href":"https:\/\/japan-collector.com\/es\/wp-json\/wp\/v2\/product_tag?post=5934"}],"curies":[{"name":"wp","href":"https:\/\/api.w.org\/{rel}","templated":true}]}}