{"id":5961,"date":"2022-05-14T08:38:12","date_gmt":"2022-05-14T08:38:12","guid":{"rendered":"https:\/\/japan-collector.com\/?post_type=product&#038;p=5961"},"modified":"2022-08-16T15:37:35","modified_gmt":"2022-08-16T15:37:35","slug":"box-pikachu-opening-kanazawa-pokecenter","status":"publish","type":"product","link":"https:\/\/japan-collector.com\/es\/product\/caja-pikachu-apertura-kanazawa-pokecenter\/","title":{"rendered":"Box Pikachu Apertura Pokecenter Kanazawa"},"content":{"rendered":"<p>Caja de coleccionista de Pikachu para la inauguraci\u00f3n del Pok\u00e9center de Kanazawa el 20 de noviembre de 2020, que contiene una carta exclusiva de pikachu, as\u00ed como dos cartas promocionales exclusivas, protectores de cartas y 19 sobres, incluidos 4 Shiny Star V.<\/p>","protected":false},"excerpt":{"rendered":"<p>Caja Coleccionista Pikachu para la inauguraci\u00f3n del Pok\u00e9center de Kanazawa<br \/>\nLigero defecto; peque\u00f1a parte da\u00f1ada pedir fotos; invisible a primera vista<br \/>\no una cubierta de plexigl\u00e1s<\/p>","protected":false},"featured_media":0,"template":"","meta":[],"product_brand":[],"product_cat":[235],"product_tag":[],"class_list":{"0":"post-5961","1":"product","2":"type-product","3":"status-publish","5":"product_cat-coffret-carte-pokemon","7":"first","8":"outofstock","9":"sale","10":"taxable","11":"shipping-taxable","12":"purchasable","13":"product-type-simple"},"acf":[],"yoast_head":"<!-- This site is optimized with the Yoast SEO plugin v27.3 - https:\/\/yoast.com\/product\/yoast-seo-wordpress\/ -->\n<title>Box Pikachu Opening Kanazawa Pokecenter - Japan Collector | Boutique Pok\u00e9mon &amp; TCG<\/title>\n<meta name=\"robots\" content=\"index, follow, max-snippet:-1, max-image-preview:large, max-video-preview:-1\" \/>\n<link rel=\"canonical\" href=\"https:\/\/japan-collector.com\/es\/product\/caja-pikachu-apertura-kanazawa-pokecenter\/\" \/>\n<meta property=\"og:locale\" content=\"es_ES\" \/>\n<meta property=\"og:type\" content=\"article\" \/>\n<meta property=\"og:title\" content=\"Box Pikachu Opening Kanazawa Pokecenter - Japan Collector | Boutique Pok\u00e9mon &amp; TCG\" \/>\n<meta property=\"og:description\" content=\"Bo\u00eete Pikachu Collector pour l&#039;ouverture du Pok\u00e9center de Kanazawa L\u00e9ger d\u00e9faut; petit partie abim\u00e9 demander des photos; invisible au premier coup d&#039;oeil ou d&#039;une une protection en plexi\" \/>\n<meta property=\"og:url\" content=\"https:\/\/japan-collector.com\/es\/product\/caja-pikachu-apertura-kanazawa-pokecenter\/\" \/>\n<meta property=\"og:site_name\" content=\"Japan Collector | Boutique Pok\u00e9mon &amp; TCG\" \/>\n<meta property=\"article:publisher\" content=\"https:\/\/www.facebook.com\/japan.collector\" \/>\n<meta property=\"article:modified_time\" content=\"2022-08-16T15:37:35+00:00\" \/>\n<meta name=\"twitter:card\" content=\"summary_large_image\" \/>\n<script type=\"application\/ld+json\" class=\"yoast-schema-graph\">{\"@context\":\"https:\\\/\\\/schema.org\",\"@graph\":[{\"@type\":\"WebPage\",\"@id\":\"https:\\\/\\\/japan-collector.com\\\/product\\\/box-pikachu-opening-kanazawa-pokecenter\\\/\",\"url\":\"https:\\\/\\\/japan-collector.com\\\/product\\\/box-pikachu-opening-kanazawa-pokecenter\\\/\",\"name\":\"Box Pikachu Opening Kanazawa Pokecenter - Japan Collector | Boutique Pok\u00e9mon &amp; TCG\",\"isPartOf\":{\"@id\":\"https:\\\/\\\/japan-collector.com\\\/#website\"},\"datePublished\":\"2022-05-14T08:38:12+00:00\",\"dateModified\":\"2022-08-16T15:37:35+00:00\",\"breadcrumb\":{\"@id\":\"https:\\\/\\\/japan-collector.com\\\/product\\\/box-pikachu-opening-kanazawa-pokecenter\\\/#breadcrumb\"},\"inLanguage\":\"es\",\"potentialAction\":[{\"@type\":\"ReadAction\",\"target\":[\"https:\\\/\\\/japan-collector.com\\\/product\\\/box-pikachu-opening-kanazawa-pokecenter\\\/\"]}]},{\"@type\":\"BreadcrumbList\",\"@id\":\"https:\\\/\\\/japan-collector.com\\\/product\\\/box-pikachu-opening-kanazawa-pokecenter\\\/#breadcrumb\",\"itemListElement\":[{\"@type\":\"ListItem\",\"position\":1,\"name\":\"Accueil\",\"item\":\"https:\\\/\\\/japan-collector.com\\\/\"},{\"@type\":\"ListItem\",\"position\":2,\"name\":\"Produits\",\"item\":\"https:\\\/\\\/japan-collector.com\\\/shop\\\/\"},{\"@type\":\"ListItem\",\"position\":3,\"name\":\"Box Pikachu Opening Kanazawa Pokecenter\"}]},{\"@type\":\"WebSite\",\"@id\":\"https:\\\/\\\/japan-collector.com\\\/#website\",\"url\":\"https:\\\/\\\/japan-collector.com\\\/\",\"name\":\"Japan Collector | Boutique Pok\u00e9mon &amp; TCG\",\"description\":\"L&#039;essence du Japon, livr\u00e9e \u00e0 votre porte.\",\"publisher\":{\"@id\":\"https:\\\/\\\/japan-collector.com\\\/#organization\"},\"potentialAction\":[{\"@type\":\"SearchAction\",\"target\":{\"@type\":\"EntryPoint\",\"urlTemplate\":\"https:\\\/\\\/japan-collector.com\\\/?s={search_term_string}\"},\"query-input\":{\"@type\":\"PropertyValueSpecification\",\"valueRequired\":true,\"valueName\":\"search_term_string\"}}],\"inLanguage\":\"es\"},{\"@type\":\"Organization\",\"@id\":\"https:\\\/\\\/japan-collector.com\\\/#organization\",\"name\":\"Japan Collector\",\"url\":\"https:\\\/\\\/japan-collector.com\\\/\",\"logo\":{\"@type\":\"ImageObject\",\"inLanguage\":\"es\",\"@id\":\"https:\\\/\\\/japan-collector.com\\\/#\\\/schema\\\/logo\\\/image\\\/\",\"url\":\"https:\\\/\\\/japan-collector.com\\\/wp-content\\\/uploads\\\/2023\\\/10\\\/Capture_d_ecran_2022-12-19_a_18.32.10-removebg-preview.png\",\"contentUrl\":\"https:\\\/\\\/japan-collector.com\\\/wp-content\\\/uploads\\\/2023\\\/10\\\/Capture_d_ecran_2022-12-19_a_18.32.10-removebg-preview.png\",\"width\":389,\"height\":139,\"caption\":\"Japan Collector\"},\"image\":{\"@id\":\"https:\\\/\\\/japan-collector.com\\\/#\\\/schema\\\/logo\\\/image\\\/\"},\"sameAs\":[\"https:\\\/\\\/www.facebook.com\\\/japan.collector\",\"https:\\\/\\\/www.instagram.com\\\/japan.collector\\\/\"]}]}<\/script>\n<!-- \/ Yoast SEO plugin. -->","yoast_head_json":{"title":"Box Pikachu Apertura Pokecenter Kanazawa - Jap\u00f3n Coleccionista | Tienda Pok\u00e9mon y TCG","robots":{"index":"index","follow":"follow","max-snippet":"max-snippet:-1","max-image-preview":"max-image-preview:large","max-video-preview":"max-video-preview:-1"},"canonical":"https:\/\/japan-collector.com\/es\/product\/caja-pikachu-apertura-kanazawa-pokecenter\/","og_locale":"es_ES","og_type":"article","og_title":"Box Pikachu Opening Kanazawa Pokecenter - Japan Collector | Boutique Pok\u00e9mon &amp; TCG","og_description":"Bo\u00eete Pikachu Collector pour l'ouverture du Pok\u00e9center de Kanazawa L\u00e9ger d\u00e9faut; petit partie abim\u00e9 demander des photos; invisible au premier coup d'oeil ou d'une une protection en plexi","og_url":"https:\/\/japan-collector.com\/es\/product\/caja-pikachu-apertura-kanazawa-pokecenter\/","og_site_name":"Japan Collector | Boutique Pok\u00e9mon &amp; TCG","article_publisher":"https:\/\/www.facebook.com\/japan.collector","article_modified_time":"2022-08-16T15:37:35+00:00","twitter_card":"summary_large_image","schema":{"@context":"https:\/\/schema.org","@graph":[{"@type":"WebPage","@id":"https:\/\/japan-collector.com\/product\/box-pikachu-opening-kanazawa-pokecenter\/","url":"https:\/\/japan-collector.com\/product\/box-pikachu-opening-kanazawa-pokecenter\/","name":"Box Pikachu Apertura Pokecenter Kanazawa - Jap\u00f3n Coleccionista | Tienda Pok\u00e9mon y TCG","isPartOf":{"@id":"https:\/\/japan-collector.com\/#website"},"datePublished":"2022-05-14T08:38:12+00:00","dateModified":"2022-08-16T15:37:35+00:00","breadcrumb":{"@id":"https:\/\/japan-collector.com\/product\/box-pikachu-opening-kanazawa-pokecenter\/#breadcrumb"},"inLanguage":"es","potentialAction":[{"@type":"ReadAction","target":["https:\/\/japan-collector.com\/product\/box-pikachu-opening-kanazawa-pokecenter\/"]}]},{"@type":"BreadcrumbList","@id":"https:\/\/japan-collector.com\/product\/box-pikachu-opening-kanazawa-pokecenter\/#breadcrumb","itemListElement":[{"@type":"ListItem","position":1,"name":"Accueil","item":"https:\/\/japan-collector.com\/"},{"@type":"ListItem","position":2,"name":"Produits","item":"https:\/\/japan-collector.com\/shop\/"},{"@type":"ListItem","position":3,"name":"Box Pikachu Opening Kanazawa Pokecenter"}]},{"@type":"WebSite","@id":"https:\/\/japan-collector.com\/#website","url":"https:\/\/japan-collector.com\/","name":"Jap\u00f3n Coleccionista | Tienda Pok\u00e9mon y TCG","description":"La esencia de Jap\u00f3n, a domicilio.","publisher":{"@id":"https:\/\/japan-collector.com\/#organization"},"potentialAction":[{"@type":"SearchAction","target":{"@type":"EntryPoint","urlTemplate":"https:\/\/japan-collector.com\/?s={search_term_string}"},"query-input":{"@type":"PropertyValueSpecification","valueRequired":true,"valueName":"search_term_string"}}],"inLanguage":"es"},{"@type":"Organization","@id":"https:\/\/japan-collector.com\/#organization","name":"Coleccionista de Jap\u00f3n","url":"https:\/\/japan-collector.com\/","logo":{"@type":"ImageObject","inLanguage":"es","@id":"https:\/\/japan-collector.com\/#\/schema\/logo\/image\/","url":"https:\/\/japan-collector.com\/wp-content\/uploads\/2023\/10\/Capture_d_ecran_2022-12-19_a_18.32.10-removebg-preview.png","contentUrl":"https:\/\/japan-collector.com\/wp-content\/uploads\/2023\/10\/Capture_d_ecran_2022-12-19_a_18.32.10-removebg-preview.png","width":389,"height":139,"caption":"Japan Collector"},"image":{"@id":"https:\/\/japan-collector.com\/#\/schema\/logo\/image\/"},"sameAs":["https:\/\/www.facebook.com\/japan.collector","https:\/\/www.instagram.com\/japan.collector\/"]}]}},"jetpack_sharing_enabled":true,"_links":{"self":[{"href":"https:\/\/japan-collector.com\/es\/wp-json\/wp\/v2\/product\/5961","targetHints":{"allow":["GET"]}}],"collection":[{"href":"https:\/\/japan-collector.com\/es\/wp-json\/wp\/v2\/product"}],"about":[{"href":"https:\/\/japan-collector.com\/es\/wp-json\/wp\/v2\/types\/product"}],"wp:attachment":[{"href":"https:\/\/japan-collector.com\/es\/wp-json\/wp\/v2\/media?parent=5961"}],"wp:term":[{"taxonomy":"product_brand","embeddable":true,"href":"https:\/\/japan-collector.com\/es\/wp-json\/wp\/v2\/product_brand?post=5961"},{"taxonomy":"product_cat","embeddable":true,"href":"https:\/\/japan-collector.com\/es\/wp-json\/wp\/v2\/product_cat?post=5961"},{"taxonomy":"product_tag","embeddable":true,"href":"https:\/\/japan-collector.com\/es\/wp-json\/wp\/v2\/product_tag?post=5961"}],"curies":[{"name":"wp","href":"https:\/\/api.w.org\/{rel}","templated":true}]}}