{"id":11,"date":"2022-03-23T17:47:42","date_gmt":"2022-03-23T17:47:42","guid":{"rendered":"https:\/\/japan-collector.com\/panier"},"modified":"2023-10-31T16:39:37","modified_gmt":"2023-10-31T16:39:37","slug":"shopping-cart","status":"publish","type":"page","link":"https:\/\/japan-collector.com\/it\/carrello-della-spesa\/","title":{"rendered":"Cestino"},"content":{"rendered":"\t\t<div data-elementor-type=\"wp-page\" data-elementor-id=\"11\" class=\"elementor elementor-11\">\n\t\t\t\t\t\t<section class=\"elementor-section elementor-top-section elementor-element elementor-element-eaf4764 elementor-section-boxed elementor-section-height-default elementor-section-height-default\" data-id=\"eaf4764\" data-element_type=\"section\" data-e-type=\"section\">\n\t\t\t\t\t\t<div class=\"elementor-container elementor-column-gap-default\">\n\t\t\t\t\t<div class=\"elementor-column elementor-col-100 elementor-top-column elementor-element elementor-element-1a9d3aa\" data-id=\"1a9d3aa\" data-element_type=\"column\" data-e-type=\"column\">\n\t\t\t<div class=\"elementor-widget-wrap\">\n\t\t\t\t\t\t\t<\/div>\n\t\t<\/div>\n\t\t\t\t\t<\/div>\n\t\t<\/section>\n\t\t\t\t<section class=\"elementor-section elementor-top-section elementor-element elementor-element-228f349 elementor-section-content-middle elementor-section-boxed elementor-section-height-default elementor-section-height-default\" data-id=\"228f349\" data-element_type=\"section\" data-e-type=\"section\" data-settings=\"{&quot;background_background&quot;:&quot;classic&quot;}\">\n\t\t\t\t\t\t<div class=\"elementor-container elementor-column-gap-default\">\n\t\t\t\t\t<div class=\"elementor-column elementor-col-100 elementor-top-column elementor-element elementor-element-d292197\" data-id=\"d292197\" data-element_type=\"column\" data-e-type=\"column\">\n\t\t\t<div class=\"elementor-widget-wrap elementor-element-populated\">\n\t\t\t\t\t\t<div class=\"elementor-element elementor-element-5cea935 elementor-widget elementor-widget-heading\" data-id=\"5cea935\" data-element_type=\"widget\" data-e-type=\"widget\" data-widget_type=\"heading.default\">\n\t\t\t\t<div class=\"elementor-widget-container\">\n\t\t\t\t\t<h1 class=\"elementor-heading-title elementor-size-default\">Panier<\/h1>\t\t\t\t<\/div>\n\t\t\t\t<\/div>\n\t\t\t\t\t<\/div>\n\t\t<\/div>\n\t\t\t\t\t<\/div>\n\t\t<\/section>\n\t\t\t\t<section class=\"elementor-section elementor-top-section elementor-element elementor-element-0022ff2 elementor-section-boxed elementor-section-height-default elementor-section-height-default\" data-id=\"0022ff2\" data-element_type=\"section\" data-e-type=\"section\">\n\t\t\t\t\t\t<div class=\"elementor-container elementor-column-gap-default\">\n\t\t\t\t\t<div class=\"elementor-column elementor-col-100 elementor-top-column elementor-element elementor-element-00ce25d\" data-id=\"00ce25d\" data-element_type=\"column\" data-e-type=\"column\">\n\t\t\t<div class=\"elementor-widget-wrap elementor-element-populated\">\n\t\t\t\t\t\t<div class=\"elementor-element elementor-element-63f405d elementor-widget elementor-widget-shortcode\" data-id=\"63f405d\" data-element_type=\"widget\" data-e-type=\"widget\" data-widget_type=\"shortcode.default\">\n\t\t\t\t<div class=\"elementor-widget-container\">\n\t\t\t\t\t\t\t<div class=\"elementor-shortcode\">[WPS_CART_PAGE_SECTION] <\/div>\n\t\t\t\t\t\t<\/div>\n\t\t\t\t<\/div>\n\t\t\t\t\t<\/div>\n\t\t<\/div>\n\t\t\t\t\t<\/div>\n\t\t<\/section>\n\t\t\t\t<section class=\"elementor-section elementor-top-section elementor-element elementor-element-c47bc6d elementor-section-boxed elementor-section-height-default elementor-section-height-default\" data-id=\"c47bc6d\" data-element_type=\"section\" data-e-type=\"section\">\n\t\t\t\t\t\t<div class=\"elementor-container elementor-column-gap-default\">\n\t\t\t\t\t<div class=\"elementor-column elementor-col-100 elementor-top-column elementor-element elementor-element-a5c363f\" data-id=\"a5c363f\" data-element_type=\"column\" data-e-type=\"column\">\n\t\t\t<div class=\"elementor-widget-wrap elementor-element-populated\">\n\t\t\t\t\t\t<div class=\"elementor-element elementor-element-9fcab1a elementor-widget elementor-widget-spacer\" data-id=\"9fcab1a\" data-element_type=\"widget\" data-e-type=\"widget\" data-widget_type=\"spacer.default\">\n\t\t\t\t<div class=\"elementor-widget-container\">\n\t\t\t\t\t\t\t<div class=\"elementor-spacer\">\n\t\t\t<div class=\"elementor-spacer-inner\"><\/div>\n\t\t<\/div>\n\t\t\t\t\t\t<\/div>\n\t\t\t\t<\/div>\n\t\t\t\t\t<\/div>\n\t\t<\/div>\n\t\t\t\t\t<\/div>\n\t\t<\/section>\n\t\t\t\t<\/div>\n\t\t","protected":false},"excerpt":{"rendered":"<p>Panier D\u00e9sol\u00e9, il semblerait que le code promo &laquo;&nbsp;cart discount&nbsp;&raquo; soit invalide &#8211; il vient d&rsquo;\u00eatre retir\u00e9 de votre commande. Supprimer l\u2019\u00e9l\u00e9ment Miniature Produit Prix Quantit\u00e9 Sous-total Here is the Discount Rule for Applying your Points to Cart Total 100 Points = 1.00&euro; Place Order and Earn Reward Points in Return. Conversion Rate: &euro; 1 [&hellip;]<\/p>\n","protected":false},"author":1,"featured_media":0,"parent":0,"menu_order":0,"comment_status":"closed","ping_status":"open","template":"","meta":{"footnotes":""},"class_list":["post-11","page","type-page","status-publish","hentry"],"acf":[],"yoast_head":"<!-- This site is optimized with the Yoast SEO plugin v27.4 - https:\/\/yoast.com\/product\/yoast-seo-wordpress\/ -->\n<title>Panier - Japan Collector | Boutique Pok\u00e9mon &amp; TCG<\/title>\n<meta name=\"robots\" content=\"index, follow, max-snippet:-1, max-image-preview:large, max-video-preview:-1\" \/>\n<link rel=\"canonical\" href=\"https:\/\/japan-collector.com\/it\/carrello-della-spesa\/\" \/>\n<meta property=\"og:locale\" content=\"it_IT\" \/>\n<meta property=\"og:type\" content=\"article\" \/>\n<meta property=\"og:title\" content=\"Panier - Japan Collector | Boutique Pok\u00e9mon &amp; TCG\" \/>\n<meta property=\"og:description\" content=\"Panier D\u00e9sol\u00e9, il semblerait que le code promo &laquo;&nbsp;cart discount&nbsp;&raquo; soit invalide &#8211; il vient d&rsquo;\u00eatre retir\u00e9 de votre commande. Supprimer l\u2019\u00e9l\u00e9ment Miniature Produit Prix Quantit\u00e9 Sous-total Here is the Discount Rule for Applying your Points to Cart Total 100 Points = 1.00&euro; Place Order and Earn Reward Points in Return. Conversion Rate: &euro; 1 [&hellip;]\" \/>\n<meta property=\"og:url\" content=\"https:\/\/japan-collector.com\/it\/carrello-della-spesa\/\" \/>\n<meta property=\"og:site_name\" content=\"Japan Collector | Boutique Pok\u00e9mon &amp; TCG\" \/>\n<meta property=\"article:publisher\" content=\"https:\/\/www.facebook.com\/japan.collector\" \/>\n<meta property=\"article:modified_time\" content=\"2023-10-31T16:39:37+00:00\" \/>\n<meta property=\"og:image\" content=\"https:\/\/japan-collector.com\/wp-content\/uploads\/2023\/10\/S8-4-450x450.png\" \/>\n<meta name=\"twitter:card\" content=\"summary_large_image\" \/>\n<meta name=\"twitter:label1\" content=\"Tempo di lettura stimato\" \/>\n\t<meta name=\"twitter:data1\" content=\"3 minuti\" \/>\n<script type=\"application\/ld+json\" class=\"yoast-schema-graph\">{\"@context\":\"https:\\\/\\\/schema.org\",\"@graph\":[{\"@type\":\"WebPage\",\"@id\":\"https:\\\/\\\/japan-collector.com\\\/shopping-cart\\\/\",\"url\":\"https:\\\/\\\/japan-collector.com\\\/shopping-cart\\\/\",\"name\":\"Panier - Japan Collector | Boutique Pok\u00e9mon &amp; TCG\",\"isPartOf\":{\"@id\":\"https:\\\/\\\/japan-collector.com\\\/#website\"},\"primaryImageOfPage\":{\"@id\":\"https:\\\/\\\/japan-collector.com\\\/shopping-cart\\\/#primaryimage\"},\"image\":{\"@id\":\"https:\\\/\\\/japan-collector.com\\\/shopping-cart\\\/#primaryimage\"},\"thumbnailUrl\":\"https:\\\/\\\/japan-collector.com\\\/wp-content\\\/uploads\\\/2023\\\/10\\\/S8-4-450x450.png\",\"datePublished\":\"2022-03-23T17:47:42+00:00\",\"dateModified\":\"2023-10-31T16:39:37+00:00\",\"breadcrumb\":{\"@id\":\"https:\\\/\\\/japan-collector.com\\\/shopping-cart\\\/#breadcrumb\"},\"inLanguage\":\"it-IT\",\"potentialAction\":[{\"@type\":\"ReadAction\",\"target\":[\"https:\\\/\\\/japan-collector.com\\\/shopping-cart\\\/\"]}]},{\"@type\":\"ImageObject\",\"inLanguage\":\"it-IT\",\"@id\":\"https:\\\/\\\/japan-collector.com\\\/shopping-cart\\\/#primaryimage\",\"url\":\"https:\\\/\\\/japan-collector.com\\\/wp-content\\\/uploads\\\/2023\\\/10\\\/S8-4-450x450.png\",\"contentUrl\":\"https:\\\/\\\/japan-collector.com\\\/wp-content\\\/uploads\\\/2023\\\/10\\\/S8-4-450x450.png\"},{\"@type\":\"BreadcrumbList\",\"@id\":\"https:\\\/\\\/japan-collector.com\\\/shopping-cart\\\/#breadcrumb\",\"itemListElement\":[{\"@type\":\"ListItem\",\"position\":1,\"name\":\"Accueil\",\"item\":\"https:\\\/\\\/japan-collector.com\\\/\"},{\"@type\":\"ListItem\",\"position\":2,\"name\":\"Panier\"}]},{\"@type\":\"WebSite\",\"@id\":\"https:\\\/\\\/japan-collector.com\\\/#website\",\"url\":\"https:\\\/\\\/japan-collector.com\\\/\",\"name\":\"Japan Collector | Boutique Pok\u00e9mon &amp; TCG\",\"description\":\"L&#039;essence du Japon, livr\u00e9e \u00e0 votre porte.\",\"publisher\":{\"@id\":\"https:\\\/\\\/japan-collector.com\\\/#organization\"},\"potentialAction\":[{\"@type\":\"SearchAction\",\"target\":{\"@type\":\"EntryPoint\",\"urlTemplate\":\"https:\\\/\\\/japan-collector.com\\\/?s={search_term_string}\"},\"query-input\":{\"@type\":\"PropertyValueSpecification\",\"valueRequired\":true,\"valueName\":\"search_term_string\"}}],\"inLanguage\":\"it-IT\"},{\"@type\":\"Organization\",\"@id\":\"https:\\\/\\\/japan-collector.com\\\/#organization\",\"name\":\"Japan Collector\",\"url\":\"https:\\\/\\\/japan-collector.com\\\/\",\"logo\":{\"@type\":\"ImageObject\",\"inLanguage\":\"it-IT\",\"@id\":\"https:\\\/\\\/japan-collector.com\\\/#\\\/schema\\\/logo\\\/image\\\/\",\"url\":\"https:\\\/\\\/japan-collector.com\\\/wp-content\\\/uploads\\\/2023\\\/10\\\/Capture_d_ecran_2022-12-19_a_18.32.10-removebg-preview.png\",\"contentUrl\":\"https:\\\/\\\/japan-collector.com\\\/wp-content\\\/uploads\\\/2023\\\/10\\\/Capture_d_ecran_2022-12-19_a_18.32.10-removebg-preview.png\",\"width\":389,\"height\":139,\"caption\":\"Japan Collector\"},\"image\":{\"@id\":\"https:\\\/\\\/japan-collector.com\\\/#\\\/schema\\\/logo\\\/image\\\/\"},\"sameAs\":[\"https:\\\/\\\/www.facebook.com\\\/japan.collector\",\"https:\\\/\\\/www.instagram.com\\\/japan.collector\\\/\"]}]}<\/script>\n<!-- \/ Yoast SEO plugin. -->","yoast_head_json":{"title":"Carrello - Negozio Giappone da collezione | Pok\u00e9mon e TCG","robots":{"index":"index","follow":"follow","max-snippet":"max-snippet:-1","max-image-preview":"max-image-preview:large","max-video-preview":"max-video-preview:-1"},"canonical":"https:\/\/japan-collector.com\/it\/carrello-della-spesa\/","og_locale":"it_IT","og_type":"article","og_title":"Panier - Japan Collector | Boutique Pok\u00e9mon &amp; TCG","og_description":"Panier D\u00e9sol\u00e9, il semblerait que le code promo &laquo;&nbsp;cart discount&nbsp;&raquo; soit invalide &#8211; il vient d&rsquo;\u00eatre retir\u00e9 de votre commande. Supprimer l\u2019\u00e9l\u00e9ment Miniature Produit Prix Quantit\u00e9 Sous-total Here is the Discount Rule for Applying your Points to Cart Total 100 Points = 1.00&euro; Place Order and Earn Reward Points in Return. Conversion Rate: &euro; 1 [&hellip;]","og_url":"https:\/\/japan-collector.com\/it\/carrello-della-spesa\/","og_site_name":"Japan Collector | Boutique Pok\u00e9mon &amp; TCG","article_publisher":"https:\/\/www.facebook.com\/japan.collector","article_modified_time":"2023-10-31T16:39:37+00:00","og_image":[{"url":"https:\/\/japan-collector.com\/wp-content\/uploads\/2023\/10\/S8-4-450x450.png","type":"","width":"","height":""}],"twitter_card":"summary_large_image","twitter_misc":{"Tempo di lettura stimato":"3 minuti"},"schema":{"@context":"https:\/\/schema.org","@graph":[{"@type":"WebPage","@id":"https:\/\/japan-collector.com\/shopping-cart\/","url":"https:\/\/japan-collector.com\/shopping-cart\/","name":"Carrello - Negozio Giappone da collezione | Pok\u00e9mon e TCG","isPartOf":{"@id":"https:\/\/japan-collector.com\/#website"},"primaryImageOfPage":{"@id":"https:\/\/japan-collector.com\/shopping-cart\/#primaryimage"},"image":{"@id":"https:\/\/japan-collector.com\/shopping-cart\/#primaryimage"},"thumbnailUrl":"https:\/\/japan-collector.com\/wp-content\/uploads\/2023\/10\/S8-4-450x450.png","datePublished":"2022-03-23T17:47:42+00:00","dateModified":"2023-10-31T16:39:37+00:00","breadcrumb":{"@id":"https:\/\/japan-collector.com\/shopping-cart\/#breadcrumb"},"inLanguage":"it-IT","potentialAction":[{"@type":"ReadAction","target":["https:\/\/japan-collector.com\/shopping-cart\/"]}]},{"@type":"ImageObject","inLanguage":"it-IT","@id":"https:\/\/japan-collector.com\/shopping-cart\/#primaryimage","url":"https:\/\/japan-collector.com\/wp-content\/uploads\/2023\/10\/S8-4-450x450.png","contentUrl":"https:\/\/japan-collector.com\/wp-content\/uploads\/2023\/10\/S8-4-450x450.png"},{"@type":"BreadcrumbList","@id":"https:\/\/japan-collector.com\/shopping-cart\/#breadcrumb","itemListElement":[{"@type":"ListItem","position":1,"name":"Accueil","item":"https:\/\/japan-collector.com\/"},{"@type":"ListItem","position":2,"name":"Panier"}]},{"@type":"WebSite","@id":"https:\/\/japan-collector.com\/#website","url":"https:\/\/japan-collector.com\/","name":"Negozio di Pok\u00e9mon e TCG da collezione in Giappone","description":"L'essenza del Giappone, consegnata a domicilio.","publisher":{"@id":"https:\/\/japan-collector.com\/#organization"},"potentialAction":[{"@type":"SearchAction","target":{"@type":"EntryPoint","urlTemplate":"https:\/\/japan-collector.com\/?s={search_term_string}"},"query-input":{"@type":"PropertyValueSpecification","valueRequired":true,"valueName":"search_term_string"}}],"inLanguage":"it-IT"},{"@type":"Organization","@id":"https:\/\/japan-collector.com\/#organization","name":"Collezionista Giappone","url":"https:\/\/japan-collector.com\/","logo":{"@type":"ImageObject","inLanguage":"it-IT","@id":"https:\/\/japan-collector.com\/#\/schema\/logo\/image\/","url":"https:\/\/japan-collector.com\/wp-content\/uploads\/2023\/10\/Capture_d_ecran_2022-12-19_a_18.32.10-removebg-preview.png","contentUrl":"https:\/\/japan-collector.com\/wp-content\/uploads\/2023\/10\/Capture_d_ecran_2022-12-19_a_18.32.10-removebg-preview.png","width":389,"height":139,"caption":"Japan Collector"},"image":{"@id":"https:\/\/japan-collector.com\/#\/schema\/logo\/image\/"},"sameAs":["https:\/\/www.facebook.com\/japan.collector","https:\/\/www.instagram.com\/japan.collector\/"]}]}},"jetpack_sharing_enabled":true,"rttpg_featured_image_url":null,"rttpg_author":{"display_name":"Matjapan","author_link":"https:\/\/japan-collector.com\/it\/author\/matadmin\/"},"rttpg_comment":0,"rttpg_category":null,"rttpg_excerpt":"Panier D\u00e9sol\u00e9, il semblerait que le code promo &laquo;&nbsp;cart discount&nbsp;&raquo; soit invalide &#8211; il vient d&rsquo;\u00eatre retir\u00e9 de votre commande. Supprimer l\u2019\u00e9l\u00e9ment Miniature Produit Prix Quantit\u00e9 Sous-total Here is the Discount Rule for Applying your Points to Cart Total 100 Points = 1.00&euro; Place Order and Earn Reward Points in Return. Conversion Rate: &euro; 1&hellip;","_links":{"self":[{"href":"https:\/\/japan-collector.com\/it\/wp-json\/wp\/v2\/pages\/11","targetHints":{"allow":["GET"]}}],"collection":[{"href":"https:\/\/japan-collector.com\/it\/wp-json\/wp\/v2\/pages"}],"about":[{"href":"https:\/\/japan-collector.com\/it\/wp-json\/wp\/v2\/types\/page"}],"author":[{"embeddable":true,"href":"https:\/\/japan-collector.com\/it\/wp-json\/wp\/v2\/users\/1"}],"replies":[{"embeddable":true,"href":"https:\/\/japan-collector.com\/it\/wp-json\/wp\/v2\/comments?post=11"}],"version-history":[{"count":0,"href":"https:\/\/japan-collector.com\/it\/wp-json\/wp\/v2\/pages\/11\/revisions"}],"wp:attachment":[{"href":"https:\/\/japan-collector.com\/it\/wp-json\/wp\/v2\/media?parent=11"}],"curies":[{"name":"wp","href":"https:\/\/api.w.org\/{rel}","templated":true}]}}