{"id":10904,"date":"2022-12-15T22:40:48","date_gmt":"2022-12-15T22:40:48","guid":{"rendered":"https:\/\/japan-collector.com\/?post_type=product&#038;p=10904"},"modified":"2024-10-18T17:57:25","modified_gmt":"2024-10-18T17:57:25","slug":"gradation-psa","status":"publish","type":"product","link":"https:\/\/japan-collector.com\/it\/product\/dimmerazione-psa\/","title":{"rendered":"Servizio di oscuramento PSA"},"content":{"rendered":"<h2>Qual \u00e8 il tempo di attesa previsto per la restituzione delle mie carte PSA?<\/h2>\n<ul>\n<li>Il tempo di attesa medio annunciato da PSA \u00e8 di 65 giorni lavorativi per le spedizioni Regular e Value, e di 10 giorni lavorativi per le spedizioni Express, ma ci\u00f2 potrebbe comportare un tempo di attesa aggiuntivo per il tempo necessario ad assemblare diverse carte Express, o un costo aggiuntivo.<\/li>\n<li>Da parte nostra, stimiamo che il range sia ancora pi\u00f9 ampio delle scadenze annunciate da PSA.<\/li>\n<\/ul>\n<h2>Perch\u00e9 scegliere PSA per l'autenticazione e la valutazione delle mie carte?<\/h2>\n<ul>\n<li>PSA \u00e8 leader di mercato dal 1991, con milioni di carte classificate prodotte ogni anno, l'azienda \u00e8 riconosciuta in tutto il mondo e apprezzata dai collezionisti.<\/li>\n<\/ul>\n<h2>Come posso controllare lo stato di avanzamento del mio ordine?<\/h2>\n<ul>\n<li>Verr\u00e0 creato un sistema di tracciamento sul nostro sito web e vi terremo informati via e-mail sullo stato di avanzamento del vostro ordine durante il processo.<\/li>\n<\/ul>\n<h2>Posso conoscere i nostri prima del ricevimento?<\/h2>\n<ul>\n<li>La valutazione delle carte viene inviata via e-mail da PSA al momento della classificazione. Se lo desiderate, possiamo inviarvi la valutazione in anticipo, gratuitamente.<\/li>\n<\/ul>\n<h2>Come si calcola il valore dell'assicurazione e il valore stimato della carta?<\/h2>\n<ul>\n<li>Il prezzo inserito definisce l'assicurazione e il valore della carta dopo la gradazione. Se la vostra carta vale 10 dovete inserire un valore assicurativo corrispondente, altrimenti PSA si riserva il diritto di aumentare il prezzo della gradazione in modo che l'assicurazione corrisponda all'attuale prezzo di mercato, e quindi di aumentare il prezzo della gradazione per il cliente in caso di errore o sottovalutazione della carta. Verificheremo e contatteremo il cliente prima dell'invio delle carte per assicurarci che non ci siano spiacevoli sorprese.<\/li>\n<li>Vi contatteremo non appena PSA avr\u00e0 effettuato la classificazione e PSA vi avr\u00e0 fatturato il servizio di classificazione in caso di costi aggiuntivi legati alle vostre carte.<\/li>\n<\/ul>\n<h2>Come e dove posso inviare i miei biglietti?<\/h2>\n<ul>\n<li>Una volta convalidato l'ordine, vi invitiamo a inviare le carte a un punto Mondial Relay.<\/li>\n<\/ul>\n<ul>\n<li>Utilizziamo e vi chiediamo di utilizzare Mondial relay perch\u00e9, rispetto ad altri corrieri, \u00e8 l'unico con cui finora non abbiamo avuto problemi. Se desiderate inviarci le carte del vostro ordine tramite un altro corriere o consegnarcele a mano, contattateci.<\/li>\n<\/ul>\n<h2>Assicurazione :<\/h2>\n<ul>\n<li>Vi consigliamo di assicurare il pacco prima di spedirlo, in quanto l'azienda \u00e8 responsabile solo della ricezione e dell'apertura del pacco dopo averne controllato il contenuto, che verr\u00e0 automaticamente girato per evitare contestazioni in caso di problemi durante il trasporto fino a quando non avremo ricevuto il pacco, e per i quali non potremo essere ritenuti responsabili.<\/li>\n<li>Dal momento in cui riceviamo le carte, siamo responsabili dell'importo dell'assicurazione corrispondente all'ordine fino al ricevimento del pacco da parte di Mondial Relay.<\/li>\n<li>Tutte le spedizioni di andata e ritorno a PSA sono assicurate. Il prezzo della gradazione comprende tutti i costi, quali assicurazione, dogana, vettore, ecc.<\/li>\n<\/ul>","protected":false},"excerpt":{"rendered":"<p>Inviare a PSA, selezionare il valore stimato delle carte dopo la classificazione per definire l'assicurazione e il prezzo della classificazione.<\/p>","protected":false},"featured_media":29464,"template":"","meta":[],"product_brand":[],"product_cat":[15],"product_tag":[293],"class_list":{"0":"post-10904","1":"product","2":"type-product","3":"status-publish","4":"has-post-thumbnail","6":"product_cat-non-classe","7":"product_tag-service","9":"first","10":"outofstock","11":"taxable","12":"shipping-taxable","13":"product-type-variable","14":"has-default-attributes"},"acf":[],"yoast_head":"<!-- This site is optimized with the Yoast SEO plugin v27.4 - https:\/\/yoast.com\/product\/yoast-seo-wordpress\/ -->\n<title>Service de gradation PSA - Japan Collector | Boutique Pok\u00e9mon &amp; TCG<\/title>\n<meta name=\"robots\" content=\"index, follow, max-snippet:-1, max-image-preview:large, max-video-preview:-1\" \/>\n<link rel=\"canonical\" href=\"https:\/\/japan-collector.com\/it\/product\/dimmerazione-psa\/\" \/>\n<meta property=\"og:locale\" content=\"it_IT\" \/>\n<meta property=\"og:type\" content=\"article\" \/>\n<meta property=\"og:title\" content=\"Service de gradation PSA - Japan Collector | Boutique Pok\u00e9mon &amp; TCG\" \/>\n<meta property=\"og:description\" content=\"Envoie chez PSA, veuillez s\u00e9lectionner la valeur estim\u00e9 de vos cartes apr\u00e8s gradation pour d\u00e9finir l&#039;assurance et le prix de la gradation\" \/>\n<meta property=\"og:url\" content=\"https:\/\/japan-collector.com\/it\/product\/dimmerazione-psa\/\" \/>\n<meta property=\"og:site_name\" content=\"Japan Collector | Boutique Pok\u00e9mon &amp; TCG\" \/>\n<meta property=\"article:publisher\" content=\"https:\/\/www.facebook.com\/japan.collector\" \/>\n<meta property=\"article:modified_time\" content=\"2024-10-18T17:57:25+00:00\" \/>\n<meta property=\"og:image\" content=\"https:\/\/japan-collector.com\/wp-content\/uploads\/2022\/12\/sleeves-1.png\" \/>\n\t<meta property=\"og:image:width\" content=\"1080\" \/>\n\t<meta property=\"og:image:height\" content=\"1080\" \/>\n\t<meta property=\"og:image:type\" content=\"image\/png\" \/>\n<meta name=\"twitter:card\" content=\"summary_large_image\" \/>\n<meta name=\"twitter:label1\" content=\"Tempo di lettura stimato\" \/>\n\t<meta name=\"twitter:data1\" content=\"3 minuti\" \/>\n<script type=\"application\/ld+json\" class=\"yoast-schema-graph\">{\"@context\":\"https:\\\/\\\/schema.org\",\"@graph\":[{\"@type\":\"WebPage\",\"@id\":\"https:\\\/\\\/japan-collector.com\\\/product\\\/gradation-psa\\\/\",\"url\":\"https:\\\/\\\/japan-collector.com\\\/product\\\/gradation-psa\\\/\",\"name\":\"Service de gradation PSA - Japan Collector | Boutique Pok\u00e9mon &amp; TCG\",\"isPartOf\":{\"@id\":\"https:\\\/\\\/japan-collector.com\\\/#website\"},\"primaryImageOfPage\":{\"@id\":\"https:\\\/\\\/japan-collector.com\\\/product\\\/gradation-psa\\\/#primaryimage\"},\"image\":{\"@id\":\"https:\\\/\\\/japan-collector.com\\\/product\\\/gradation-psa\\\/#primaryimage\"},\"thumbnailUrl\":\"https:\\\/\\\/japan-collector.com\\\/wp-content\\\/uploads\\\/2022\\\/12\\\/sleeves-1.png\",\"datePublished\":\"2022-12-15T22:40:48+00:00\",\"dateModified\":\"2024-10-18T17:57:25+00:00\",\"breadcrumb\":{\"@id\":\"https:\\\/\\\/japan-collector.com\\\/product\\\/gradation-psa\\\/#breadcrumb\"},\"inLanguage\":\"it-IT\",\"potentialAction\":[{\"@type\":\"ReadAction\",\"target\":[\"https:\\\/\\\/japan-collector.com\\\/product\\\/gradation-psa\\\/\"]}]},{\"@type\":\"ImageObject\",\"inLanguage\":\"it-IT\",\"@id\":\"https:\\\/\\\/japan-collector.com\\\/product\\\/gradation-psa\\\/#primaryimage\",\"url\":\"https:\\\/\\\/japan-collector.com\\\/wp-content\\\/uploads\\\/2022\\\/12\\\/sleeves-1.png\",\"contentUrl\":\"https:\\\/\\\/japan-collector.com\\\/wp-content\\\/uploads\\\/2022\\\/12\\\/sleeves-1.png\",\"width\":1080,\"height\":1080},{\"@type\":\"BreadcrumbList\",\"@id\":\"https:\\\/\\\/japan-collector.com\\\/product\\\/gradation-psa\\\/#breadcrumb\",\"itemListElement\":[{\"@type\":\"ListItem\",\"position\":1,\"name\":\"Accueil\",\"item\":\"https:\\\/\\\/japan-collector.com\\\/\"},{\"@type\":\"ListItem\",\"position\":2,\"name\":\"Produits\",\"item\":\"https:\\\/\\\/japan-collector.com\\\/shop\\\/\"},{\"@type\":\"ListItem\",\"position\":3,\"name\":\"Service de gradation PSA\"}]},{\"@type\":\"WebSite\",\"@id\":\"https:\\\/\\\/japan-collector.com\\\/#website\",\"url\":\"https:\\\/\\\/japan-collector.com\\\/\",\"name\":\"Japan Collector | Boutique Pok\u00e9mon &amp; TCG\",\"description\":\"L&#039;essence du Japon, livr\u00e9e \u00e0 votre porte.\",\"publisher\":{\"@id\":\"https:\\\/\\\/japan-collector.com\\\/#organization\"},\"potentialAction\":[{\"@type\":\"SearchAction\",\"target\":{\"@type\":\"EntryPoint\",\"urlTemplate\":\"https:\\\/\\\/japan-collector.com\\\/?s={search_term_string}\"},\"query-input\":{\"@type\":\"PropertyValueSpecification\",\"valueRequired\":true,\"valueName\":\"search_term_string\"}}],\"inLanguage\":\"it-IT\"},{\"@type\":\"Organization\",\"@id\":\"https:\\\/\\\/japan-collector.com\\\/#organization\",\"name\":\"Japan Collector\",\"url\":\"https:\\\/\\\/japan-collector.com\\\/\",\"logo\":{\"@type\":\"ImageObject\",\"inLanguage\":\"it-IT\",\"@id\":\"https:\\\/\\\/japan-collector.com\\\/#\\\/schema\\\/logo\\\/image\\\/\",\"url\":\"https:\\\/\\\/japan-collector.com\\\/wp-content\\\/uploads\\\/2023\\\/10\\\/Capture_d_ecran_2022-12-19_a_18.32.10-removebg-preview.png\",\"contentUrl\":\"https:\\\/\\\/japan-collector.com\\\/wp-content\\\/uploads\\\/2023\\\/10\\\/Capture_d_ecran_2022-12-19_a_18.32.10-removebg-preview.png\",\"width\":389,\"height\":139,\"caption\":\"Japan Collector\"},\"image\":{\"@id\":\"https:\\\/\\\/japan-collector.com\\\/#\\\/schema\\\/logo\\\/image\\\/\"},\"sameAs\":[\"https:\\\/\\\/www.facebook.com\\\/japan.collector\",\"https:\\\/\\\/www.instagram.com\\\/japan.collector\\\/\"]}]}<\/script>\n<!-- \/ Yoast SEO plugin. -->","yoast_head_json":{"title":"Servizio di oscuramento PSA - Japan Collector | Negozio Pok\u00e9mon e TCG","robots":{"index":"index","follow":"follow","max-snippet":"max-snippet:-1","max-image-preview":"max-image-preview:large","max-video-preview":"max-video-preview:-1"},"canonical":"https:\/\/japan-collector.com\/it\/product\/dimmerazione-psa\/","og_locale":"it_IT","og_type":"article","og_title":"Service de gradation PSA - Japan Collector | Boutique Pok\u00e9mon &amp; TCG","og_description":"Envoie chez PSA, veuillez s\u00e9lectionner la valeur estim\u00e9 de vos cartes apr\u00e8s gradation pour d\u00e9finir l'assurance et le prix de la gradation","og_url":"https:\/\/japan-collector.com\/it\/product\/dimmerazione-psa\/","og_site_name":"Japan Collector | Boutique Pok\u00e9mon &amp; TCG","article_publisher":"https:\/\/www.facebook.com\/japan.collector","article_modified_time":"2024-10-18T17:57:25+00:00","og_image":[{"width":1080,"height":1080,"url":"https:\/\/japan-collector.com\/wp-content\/uploads\/2022\/12\/sleeves-1.png","type":"image\/png"}],"twitter_card":"summary_large_image","twitter_misc":{"Tempo di lettura stimato":"3 minuti"},"schema":{"@context":"https:\/\/schema.org","@graph":[{"@type":"WebPage","@id":"https:\/\/japan-collector.com\/product\/gradation-psa\/","url":"https:\/\/japan-collector.com\/product\/gradation-psa\/","name":"Servizio di oscuramento PSA - Japan Collector | Negozio Pok\u00e9mon e TCG","isPartOf":{"@id":"https:\/\/japan-collector.com\/#website"},"primaryImageOfPage":{"@id":"https:\/\/japan-collector.com\/product\/gradation-psa\/#primaryimage"},"image":{"@id":"https:\/\/japan-collector.com\/product\/gradation-psa\/#primaryimage"},"thumbnailUrl":"https:\/\/japan-collector.com\/wp-content\/uploads\/2022\/12\/sleeves-1.png","datePublished":"2022-12-15T22:40:48+00:00","dateModified":"2024-10-18T17:57:25+00:00","breadcrumb":{"@id":"https:\/\/japan-collector.com\/product\/gradation-psa\/#breadcrumb"},"inLanguage":"it-IT","potentialAction":[{"@type":"ReadAction","target":["https:\/\/japan-collector.com\/product\/gradation-psa\/"]}]},{"@type":"ImageObject","inLanguage":"it-IT","@id":"https:\/\/japan-collector.com\/product\/gradation-psa\/#primaryimage","url":"https:\/\/japan-collector.com\/wp-content\/uploads\/2022\/12\/sleeves-1.png","contentUrl":"https:\/\/japan-collector.com\/wp-content\/uploads\/2022\/12\/sleeves-1.png","width":1080,"height":1080},{"@type":"BreadcrumbList","@id":"https:\/\/japan-collector.com\/product\/gradation-psa\/#breadcrumb","itemListElement":[{"@type":"ListItem","position":1,"name":"Accueil","item":"https:\/\/japan-collector.com\/"},{"@type":"ListItem","position":2,"name":"Produits","item":"https:\/\/japan-collector.com\/shop\/"},{"@type":"ListItem","position":3,"name":"Service de gradation PSA"}]},{"@type":"WebSite","@id":"https:\/\/japan-collector.com\/#website","url":"https:\/\/japan-collector.com\/","name":"Negozio di Pok\u00e9mon e TCG da collezione in Giappone","description":"L'essenza del Giappone, consegnata a domicilio.","publisher":{"@id":"https:\/\/japan-collector.com\/#organization"},"potentialAction":[{"@type":"SearchAction","target":{"@type":"EntryPoint","urlTemplate":"https:\/\/japan-collector.com\/?s={search_term_string}"},"query-input":{"@type":"PropertyValueSpecification","valueRequired":true,"valueName":"search_term_string"}}],"inLanguage":"it-IT"},{"@type":"Organization","@id":"https:\/\/japan-collector.com\/#organization","name":"Collezionista Giappone","url":"https:\/\/japan-collector.com\/","logo":{"@type":"ImageObject","inLanguage":"it-IT","@id":"https:\/\/japan-collector.com\/#\/schema\/logo\/image\/","url":"https:\/\/japan-collector.com\/wp-content\/uploads\/2023\/10\/Capture_d_ecran_2022-12-19_a_18.32.10-removebg-preview.png","contentUrl":"https:\/\/japan-collector.com\/wp-content\/uploads\/2023\/10\/Capture_d_ecran_2022-12-19_a_18.32.10-removebg-preview.png","width":389,"height":139,"caption":"Japan Collector"},"image":{"@id":"https:\/\/japan-collector.com\/#\/schema\/logo\/image\/"},"sameAs":["https:\/\/www.facebook.com\/japan.collector","https:\/\/www.instagram.com\/japan.collector\/"]}]}},"jetpack_sharing_enabled":true,"_links":{"self":[{"href":"https:\/\/japan-collector.com\/it\/wp-json\/wp\/v2\/product\/10904","targetHints":{"allow":["GET"]}}],"collection":[{"href":"https:\/\/japan-collector.com\/it\/wp-json\/wp\/v2\/product"}],"about":[{"href":"https:\/\/japan-collector.com\/it\/wp-json\/wp\/v2\/types\/product"}],"wp:featuredmedia":[{"embeddable":true,"href":"https:\/\/japan-collector.com\/it\/wp-json\/wp\/v2\/media\/29464"}],"wp:attachment":[{"href":"https:\/\/japan-collector.com\/it\/wp-json\/wp\/v2\/media?parent=10904"}],"wp:term":[{"taxonomy":"product_brand","embeddable":true,"href":"https:\/\/japan-collector.com\/it\/wp-json\/wp\/v2\/product_brand?post=10904"},{"taxonomy":"product_cat","embeddable":true,"href":"https:\/\/japan-collector.com\/it\/wp-json\/wp\/v2\/product_cat?post=10904"},{"taxonomy":"product_tag","embeddable":true,"href":"https:\/\/japan-collector.com\/it\/wp-json\/wp\/v2\/product_tag?post=10904"}],"curies":[{"name":"wp","href":"https:\/\/api.w.org\/{rel}","templated":true}]}}