{"id":11108,"date":"2022-12-16T22:28:02","date_gmt":"2022-12-16T22:28:02","guid":{"rendered":"https:\/\/japan-collector.com\/?post_type=product&#038;p=11108"},"modified":"2024-01-04T17:33:38","modified_gmt":"2024-01-04T17:33:38","slug":"one-piece-paramount-war-op-02","status":"publish","type":"product","link":"https:\/\/japan-collector.com\/it\/product\/one-piece-paramount-war-op-02\/","title":{"rendered":"One Piece Paramount War [OP-02]"},"content":{"rendered":"<h2>Nuova serie di carte di One Piece in giapponese, disponibili per la spedizione dalla Francia senza spese nascoste presso Japan Collector :<\/h2>\n<p>La scatola di 24 booster giapponesi per l'edizione Paramount War di One Piece \u00e8 un must per tutti i fan del famoso manga giapponese. Questa edizione speciale \u00e8 ispirata all'arco narrativo della Guerra di Marineford, uno dei momenti pi\u00f9 importanti della storia di One Piece.<\/p>\n<p>Ogni booster contiene 6 carte, tra cui una carta rara o ultrarara. I booster giapponesi sono particolarmente apprezzati dai collezionisti per la qualit\u00e0 della produzione e il design unico. Le carte pi\u00f9 rare sono quelle di rarit\u00e0 parallela, ancora pi\u00f9 difficili da trovare e molto apprezzate dai collezionisti.<\/p>\n<h2>Un universo incredibile, disponibile in magnifiche carte da collezione:<\/h2>\n<p>I fan di One Piece potranno trovare i loro personaggi preferiti, come Monkey D. Luffy, Roronoa Zoro, Nico Robin e molti altri, in questa edizione di carte collezionabili. La scatola di 24 booster giapponesi dell'edizione Paramount War \u00e8 ideale anche per arricchire la propria collezione di carte di One Piece o per giocare ai giochi di carte basati sul manga.<\/p>\n<p>Non esitate quindi ad aggiungere questa scatola di 24 booster giapponesi dell'edizione Paramount War alla vostra collezione di One Piece!<\/p>\n<h2>Cartoni sigillati disponibili a partire da 12 espositori<\/h2>\n<h2>Per saperne di pi\u00f9 sulla prima edizione: <a href=\"https:\/\/japan-collector.com\/it\/product\/one-piece-romance-dawn-op-01\/\">OP-01 Romance Dawn disponibile anche nel nostro negozio<\/a><\/h2>","protected":false},"excerpt":{"rendered":"<ul>\n<li>Scatola di 24 booster nuovi e sigillati OP-02<\/li>\n<li>Booster di 6 carte in giapponese<\/li>\n<\/ul>","protected":false},"featured_media":29421,"template":"","meta":[],"product_brand":[],"product_cat":[292],"product_tag":[],"class_list":{"0":"post-11108","1":"product","2":"type-product","3":"status-publish","4":"has-post-thumbnail","6":"product_cat-booster-box-one-piece-cards-japanese","8":"first","9":"outofstock","10":"sale","11":"taxable","12":"shipping-taxable","13":"purchasable","14":"product-type-simple"},"acf":[],"yoast_head":"<!-- This site is optimized with the Yoast SEO plugin v27.4 - https:\/\/yoast.com\/product\/yoast-seo-wordpress\/ -->\n<title>One Piece Paramount War [OP-02] - Japan Collector | Boutique Pok\u00e9mon &amp; TCG<\/title>\n<meta name=\"description\" content=\"Bo\u00eete de 24 boosters japonais de l&#039;\u00e9dition Paramount War OP-02 de One Piece en japonais disponible, exp\u00e9di\u00e9 depuis la France\" \/>\n<meta name=\"robots\" content=\"index, follow, max-snippet:-1, max-image-preview:large, max-video-preview:-1\" \/>\n<link rel=\"canonical\" href=\"https:\/\/japan-collector.com\/it\/product\/one-piece-paramount-war-op-02\/\" \/>\n<meta property=\"og:locale\" content=\"it_IT\" \/>\n<meta property=\"og:type\" content=\"article\" \/>\n<meta property=\"og:title\" content=\"One Piece Paramount War [OP-02] - Japan Collector | Boutique Pok\u00e9mon &amp; TCG\" \/>\n<meta property=\"og:description\" content=\"Bo\u00eete de 24 boosters japonais de l&#039;\u00e9dition Paramount War OP-02 de One Piece en japonais disponible, exp\u00e9di\u00e9 depuis la France\" \/>\n<meta property=\"og:url\" content=\"https:\/\/japan-collector.com\/it\/product\/one-piece-paramount-war-op-02\/\" \/>\n<meta property=\"og:site_name\" content=\"Japan Collector | Boutique Pok\u00e9mon &amp; TCG\" \/>\n<meta property=\"article:publisher\" content=\"https:\/\/www.facebook.com\/japan.collector\" \/>\n<meta property=\"article:modified_time\" content=\"2024-01-04T17:33:38+00:00\" \/>\n<meta property=\"og:image\" content=\"https:\/\/japan-collector.com\/wp-content\/uploads\/2023\/10\/OP-02_resultat.webp\" \/>\n\t<meta property=\"og:image:width\" content=\"1080\" \/>\n\t<meta property=\"og:image:height\" content=\"1080\" \/>\n\t<meta property=\"og:image:type\" content=\"image\/webp\" \/>\n<meta name=\"twitter:card\" content=\"summary_large_image\" \/>\n<meta name=\"twitter:label1\" content=\"Tempo di lettura stimato\" \/>\n\t<meta name=\"twitter:data1\" content=\"2 minuti\" \/>\n<script type=\"application\/ld+json\" class=\"yoast-schema-graph\">{\"@context\":\"https:\\\/\\\/schema.org\",\"@graph\":[{\"@type\":\"WebPage\",\"@id\":\"https:\\\/\\\/japan-collector.com\\\/product\\\/one-piece-paramount-war-op-02\\\/\",\"url\":\"https:\\\/\\\/japan-collector.com\\\/product\\\/one-piece-paramount-war-op-02\\\/\",\"name\":\"One Piece Paramount War [OP-02] - Japan Collector | Boutique Pok\u00e9mon &amp; TCG\",\"isPartOf\":{\"@id\":\"https:\\\/\\\/japan-collector.com\\\/#website\"},\"primaryImageOfPage\":{\"@id\":\"https:\\\/\\\/japan-collector.com\\\/product\\\/one-piece-paramount-war-op-02\\\/#primaryimage\"},\"image\":{\"@id\":\"https:\\\/\\\/japan-collector.com\\\/product\\\/one-piece-paramount-war-op-02\\\/#primaryimage\"},\"thumbnailUrl\":\"https:\\\/\\\/japan-collector.com\\\/wp-content\\\/uploads\\\/2023\\\/10\\\/OP-02_resultat.webp\",\"datePublished\":\"2022-12-16T22:28:02+00:00\",\"dateModified\":\"2024-01-04T17:33:38+00:00\",\"description\":\"Bo\u00eete de 24 boosters japonais de l'\u00e9dition Paramount War OP-02 de One Piece en japonais disponible, exp\u00e9di\u00e9 depuis la France\",\"breadcrumb\":{\"@id\":\"https:\\\/\\\/japan-collector.com\\\/product\\\/one-piece-paramount-war-op-02\\\/#breadcrumb\"},\"inLanguage\":\"it-IT\",\"potentialAction\":[{\"@type\":\"ReadAction\",\"target\":[\"https:\\\/\\\/japan-collector.com\\\/product\\\/one-piece-paramount-war-op-02\\\/\"]}]},{\"@type\":\"ImageObject\",\"inLanguage\":\"it-IT\",\"@id\":\"https:\\\/\\\/japan-collector.com\\\/product\\\/one-piece-paramount-war-op-02\\\/#primaryimage\",\"url\":\"https:\\\/\\\/japan-collector.com\\\/wp-content\\\/uploads\\\/2023\\\/10\\\/OP-02_resultat.webp\",\"contentUrl\":\"https:\\\/\\\/japan-collector.com\\\/wp-content\\\/uploads\\\/2023\\\/10\\\/OP-02_resultat.webp\",\"width\":1080,\"height\":1080,\"caption\":\"One piece booster box display one piece OP02\"},{\"@type\":\"BreadcrumbList\",\"@id\":\"https:\\\/\\\/japan-collector.com\\\/product\\\/one-piece-paramount-war-op-02\\\/#breadcrumb\",\"itemListElement\":[{\"@type\":\"ListItem\",\"position\":1,\"name\":\"Accueil\",\"item\":\"https:\\\/\\\/japan-collector.com\\\/\"},{\"@type\":\"ListItem\",\"position\":2,\"name\":\"Produits\",\"item\":\"https:\\\/\\\/japan-collector.com\\\/shop\\\/\"},{\"@type\":\"ListItem\",\"position\":3,\"name\":\"One Piece Paramount War [OP-02]\"}]},{\"@type\":\"WebSite\",\"@id\":\"https:\\\/\\\/japan-collector.com\\\/#website\",\"url\":\"https:\\\/\\\/japan-collector.com\\\/\",\"name\":\"Japan Collector | Boutique Pok\u00e9mon &amp; TCG\",\"description\":\"L&#039;essence du Japon, livr\u00e9e \u00e0 votre porte.\",\"publisher\":{\"@id\":\"https:\\\/\\\/japan-collector.com\\\/#organization\"},\"potentialAction\":[{\"@type\":\"SearchAction\",\"target\":{\"@type\":\"EntryPoint\",\"urlTemplate\":\"https:\\\/\\\/japan-collector.com\\\/?s={search_term_string}\"},\"query-input\":{\"@type\":\"PropertyValueSpecification\",\"valueRequired\":true,\"valueName\":\"search_term_string\"}}],\"inLanguage\":\"it-IT\"},{\"@type\":\"Organization\",\"@id\":\"https:\\\/\\\/japan-collector.com\\\/#organization\",\"name\":\"Japan Collector\",\"url\":\"https:\\\/\\\/japan-collector.com\\\/\",\"logo\":{\"@type\":\"ImageObject\",\"inLanguage\":\"it-IT\",\"@id\":\"https:\\\/\\\/japan-collector.com\\\/#\\\/schema\\\/logo\\\/image\\\/\",\"url\":\"https:\\\/\\\/japan-collector.com\\\/wp-content\\\/uploads\\\/2023\\\/10\\\/Capture_d_ecran_2022-12-19_a_18.32.10-removebg-preview.png\",\"contentUrl\":\"https:\\\/\\\/japan-collector.com\\\/wp-content\\\/uploads\\\/2023\\\/10\\\/Capture_d_ecran_2022-12-19_a_18.32.10-removebg-preview.png\",\"width\":389,\"height\":139,\"caption\":\"Japan Collector\"},\"image\":{\"@id\":\"https:\\\/\\\/japan-collector.com\\\/#\\\/schema\\\/logo\\\/image\\\/\"},\"sameAs\":[\"https:\\\/\\\/www.facebook.com\\\/japan.collector\",\"https:\\\/\\\/www.instagram.com\\\/japan.collector\\\/\"]}]}<\/script>\n<!-- \/ Yoast SEO plugin. -->","yoast_head_json":{"title":"One Piece Paramount War [OP-02] - Japan Collector | Boutique Pok\u00e9mon &amp; TCG","description":"Scatola di 24 booster giapponesi per l'edizione Paramount War OP-02 di One Piece in giapponese, disponibile, spedita dalla Francia.","robots":{"index":"index","follow":"follow","max-snippet":"max-snippet:-1","max-image-preview":"max-image-preview:large","max-video-preview":"max-video-preview:-1"},"canonical":"https:\/\/japan-collector.com\/it\/product\/one-piece-paramount-war-op-02\/","og_locale":"it_IT","og_type":"article","og_title":"One Piece Paramount War [OP-02] - Japan Collector | Boutique Pok\u00e9mon &amp; TCG","og_description":"Bo\u00eete de 24 boosters japonais de l'\u00e9dition Paramount War OP-02 de One Piece en japonais disponible, exp\u00e9di\u00e9 depuis la France","og_url":"https:\/\/japan-collector.com\/it\/product\/one-piece-paramount-war-op-02\/","og_site_name":"Japan Collector | Boutique Pok\u00e9mon &amp; TCG","article_publisher":"https:\/\/www.facebook.com\/japan.collector","article_modified_time":"2024-01-04T17:33:38+00:00","og_image":[{"width":1080,"height":1080,"url":"https:\/\/japan-collector.com\/wp-content\/uploads\/2023\/10\/OP-02_resultat.webp","type":"image\/webp"}],"twitter_card":"summary_large_image","twitter_misc":{"Tempo di lettura stimato":"2 minuti"},"schema":{"@context":"https:\/\/schema.org","@graph":[{"@type":"WebPage","@id":"https:\/\/japan-collector.com\/product\/one-piece-paramount-war-op-02\/","url":"https:\/\/japan-collector.com\/product\/one-piece-paramount-war-op-02\/","name":"One Piece Paramount War [OP-02] - Japan Collector | Boutique Pok\u00e9mon &amp; TCG","isPartOf":{"@id":"https:\/\/japan-collector.com\/#website"},"primaryImageOfPage":{"@id":"https:\/\/japan-collector.com\/product\/one-piece-paramount-war-op-02\/#primaryimage"},"image":{"@id":"https:\/\/japan-collector.com\/product\/one-piece-paramount-war-op-02\/#primaryimage"},"thumbnailUrl":"https:\/\/japan-collector.com\/wp-content\/uploads\/2023\/10\/OP-02_resultat.webp","datePublished":"2022-12-16T22:28:02+00:00","dateModified":"2024-01-04T17:33:38+00:00","description":"Scatola di 24 booster giapponesi per l'edizione Paramount War OP-02 di One Piece in giapponese, disponibile, spedita dalla Francia.","breadcrumb":{"@id":"https:\/\/japan-collector.com\/product\/one-piece-paramount-war-op-02\/#breadcrumb"},"inLanguage":"it-IT","potentialAction":[{"@type":"ReadAction","target":["https:\/\/japan-collector.com\/product\/one-piece-paramount-war-op-02\/"]}]},{"@type":"ImageObject","inLanguage":"it-IT","@id":"https:\/\/japan-collector.com\/product\/one-piece-paramount-war-op-02\/#primaryimage","url":"https:\/\/japan-collector.com\/wp-content\/uploads\/2023\/10\/OP-02_resultat.webp","contentUrl":"https:\/\/japan-collector.com\/wp-content\/uploads\/2023\/10\/OP-02_resultat.webp","width":1080,"height":1080,"caption":"One piece booster box display one piece OP02"},{"@type":"BreadcrumbList","@id":"https:\/\/japan-collector.com\/product\/one-piece-paramount-war-op-02\/#breadcrumb","itemListElement":[{"@type":"ListItem","position":1,"name":"Accueil","item":"https:\/\/japan-collector.com\/"},{"@type":"ListItem","position":2,"name":"Produits","item":"https:\/\/japan-collector.com\/shop\/"},{"@type":"ListItem","position":3,"name":"One Piece Paramount War [OP-02]"}]},{"@type":"WebSite","@id":"https:\/\/japan-collector.com\/#website","url":"https:\/\/japan-collector.com\/","name":"Negozio di Pok\u00e9mon e TCG da collezione in Giappone","description":"L'essenza del Giappone, consegnata a domicilio.","publisher":{"@id":"https:\/\/japan-collector.com\/#organization"},"potentialAction":[{"@type":"SearchAction","target":{"@type":"EntryPoint","urlTemplate":"https:\/\/japan-collector.com\/?s={search_term_string}"},"query-input":{"@type":"PropertyValueSpecification","valueRequired":true,"valueName":"search_term_string"}}],"inLanguage":"it-IT"},{"@type":"Organization","@id":"https:\/\/japan-collector.com\/#organization","name":"Collezionista Giappone","url":"https:\/\/japan-collector.com\/","logo":{"@type":"ImageObject","inLanguage":"it-IT","@id":"https:\/\/japan-collector.com\/#\/schema\/logo\/image\/","url":"https:\/\/japan-collector.com\/wp-content\/uploads\/2023\/10\/Capture_d_ecran_2022-12-19_a_18.32.10-removebg-preview.png","contentUrl":"https:\/\/japan-collector.com\/wp-content\/uploads\/2023\/10\/Capture_d_ecran_2022-12-19_a_18.32.10-removebg-preview.png","width":389,"height":139,"caption":"Japan Collector"},"image":{"@id":"https:\/\/japan-collector.com\/#\/schema\/logo\/image\/"},"sameAs":["https:\/\/www.facebook.com\/japan.collector","https:\/\/www.instagram.com\/japan.collector\/"]}]}},"jetpack_sharing_enabled":true,"_links":{"self":[{"href":"https:\/\/japan-collector.com\/it\/wp-json\/wp\/v2\/product\/11108","targetHints":{"allow":["GET"]}}],"collection":[{"href":"https:\/\/japan-collector.com\/it\/wp-json\/wp\/v2\/product"}],"about":[{"href":"https:\/\/japan-collector.com\/it\/wp-json\/wp\/v2\/types\/product"}],"wp:featuredmedia":[{"embeddable":true,"href":"https:\/\/japan-collector.com\/it\/wp-json\/wp\/v2\/media\/29421"}],"wp:attachment":[{"href":"https:\/\/japan-collector.com\/it\/wp-json\/wp\/v2\/media?parent=11108"}],"wp:term":[{"taxonomy":"product_brand","embeddable":true,"href":"https:\/\/japan-collector.com\/it\/wp-json\/wp\/v2\/product_brand?post=11108"},{"taxonomy":"product_cat","embeddable":true,"href":"https:\/\/japan-collector.com\/it\/wp-json\/wp\/v2\/product_cat?post=11108"},{"taxonomy":"product_tag","embeddable":true,"href":"https:\/\/japan-collector.com\/it\/wp-json\/wp\/v2\/product_tag?post=11108"}],"curies":[{"name":"wp","href":"https:\/\/api.w.org\/{rel}","templated":true}]}}