{"id":11139,"date":"2022-12-17T13:01:49","date_gmt":"2022-12-17T13:01:49","guid":{"rendered":"https:\/\/japan-collector.com\/?post_type=product&#038;p=11139"},"modified":"2023-10-04T15:50:49","modified_gmt":"2023-10-04T15:50:49","slug":"one-piece-romance-dawn-op-01","status":"publish","type":"product","link":"https:\/\/japan-collector.com\/it\/product\/one-piece-romance-dawn-op-01\/","title":{"rendered":"One Piece Romance Dawn [OP-01]"},"content":{"rendered":"<h2>La prima edizione del nuovo gioco di carte collezionabili di One Piece, Romance Dawn OP-01, \u00e8 disponibile da Japan Collector!<\/h2>\n<p>Il Booster Pack One Piece Romance Dawn Edition \u00e8 pensato per i fan del manga e dell'anime One Piece di Eiichiro Oda e per i giocatori di giochi di carte collezionabili. Contiene 24 booster da 6 carte ciascuno, per un totale di 144 carte.<\/p>\n<p>Ogni booster \u00e8 confezionato in modo casuale e pu\u00f2 contenere carte di personaggi popolari come Monkey D. Luffy, Roronoa Zoro e Nico Robin, oltre a carte battaglia ed eventi. Le carte sono stampate in giapponese e possono essere difficili da capire per chi non conosce la lingua.<\/p>\n<p>Il Booster Pack di One Piece Romance Dawn Edition \u00e8 consigliato ai fan di One Piece e ai giocatori di giochi di carte collezionabili. Tuttavia, \u00e8 importante notare che questo prodotto non \u00e8 un giocattolo per bambini e che le carte possono essere fragili e devono essere maneggiate con cura.<\/p>\n<h2>Consultate la seconda edizione: <a href=\"https:\/\/japan-collector.com\/it\/product\/one-piece-paramount-war-op-02\/\">OP-02 Paramount war \u00e8 disponibile anche nel nostro negozio.<\/a><\/h2>","protected":false},"excerpt":{"rendered":"<ul>\n<li>Scatola di 24 booster nuovi e sigillati OP-01<\/li>\n<li>Booster di 6 carte in giapponese<\/li>\n<\/ul>","protected":false},"featured_media":29419,"template":"","meta":[],"product_brand":[],"product_cat":[292],"product_tag":[],"class_list":{"0":"post-11139","1":"product","2":"type-product","3":"status-publish","4":"has-post-thumbnail","6":"product_cat-booster-box-one-piece-cards-japanese","8":"first","9":"outofstock","10":"sale","11":"taxable","12":"shipping-taxable","13":"purchasable","14":"product-type-simple"},"acf":[],"yoast_head":"<!-- This site is optimized with the Yoast SEO plugin v27.4 - https:\/\/yoast.com\/product\/yoast-seo-wordpress\/ -->\n<title>One Piece Romance Dawn [OP-01] - Japan Collector | Boutique Pok\u00e9mon &amp; TCG<\/title>\n<meta name=\"description\" content=\"Bo\u00eete de 24 boosters japonais de la s\u00e9rie Romance Dawn OP-01 de One Piece en japonais en stock et exp\u00e9di\u00e9 depuis la France\" \/>\n<meta name=\"robots\" content=\"index, follow, max-snippet:-1, max-image-preview:large, max-video-preview:-1\" \/>\n<link rel=\"canonical\" href=\"https:\/\/japan-collector.com\/it\/product\/one-piece-romance-dawn-op-01\/\" \/>\n<meta property=\"og:locale\" content=\"it_IT\" \/>\n<meta property=\"og:type\" content=\"article\" \/>\n<meta property=\"og:title\" content=\"One Piece Romance Dawn [OP-01] - Japan Collector | Boutique Pok\u00e9mon &amp; TCG\" \/>\n<meta property=\"og:description\" content=\"Bo\u00eete de 24 boosters japonais de la s\u00e9rie Romance Dawn OP-01 de One Piece en japonais en stock et exp\u00e9di\u00e9 depuis la France\" \/>\n<meta property=\"og:url\" content=\"https:\/\/japan-collector.com\/it\/product\/one-piece-romance-dawn-op-01\/\" \/>\n<meta property=\"og:site_name\" content=\"Japan Collector | Boutique Pok\u00e9mon &amp; TCG\" \/>\n<meta property=\"article:publisher\" content=\"https:\/\/www.facebook.com\/japan.collector\" \/>\n<meta property=\"article:modified_time\" content=\"2023-10-04T15:50:49+00:00\" \/>\n<meta property=\"og:image\" content=\"https:\/\/japan-collector.com\/wp-content\/uploads\/2022\/12\/display-one-piece-booster-box-romance-dawn-op01.webp\" \/>\n\t<meta property=\"og:image:width\" content=\"592\" \/>\n\t<meta property=\"og:image:height\" content=\"592\" \/>\n\t<meta property=\"og:image:type\" content=\"image\/webp\" \/>\n<meta name=\"twitter:card\" content=\"summary_large_image\" \/>\n<meta name=\"twitter:label1\" content=\"Tempo di lettura stimato\" \/>\n\t<meta name=\"twitter:data1\" content=\"1 minuto\" \/>\n<script type=\"application\/ld+json\" class=\"yoast-schema-graph\">{\"@context\":\"https:\\\/\\\/schema.org\",\"@graph\":[{\"@type\":\"WebPage\",\"@id\":\"https:\\\/\\\/japan-collector.com\\\/product\\\/one-piece-romance-dawn-op-01\\\/\",\"url\":\"https:\\\/\\\/japan-collector.com\\\/product\\\/one-piece-romance-dawn-op-01\\\/\",\"name\":\"One Piece Romance Dawn [OP-01] - Japan Collector | Boutique Pok\u00e9mon &amp; TCG\",\"isPartOf\":{\"@id\":\"https:\\\/\\\/japan-collector.com\\\/#website\"},\"primaryImageOfPage\":{\"@id\":\"https:\\\/\\\/japan-collector.com\\\/product\\\/one-piece-romance-dawn-op-01\\\/#primaryimage\"},\"image\":{\"@id\":\"https:\\\/\\\/japan-collector.com\\\/product\\\/one-piece-romance-dawn-op-01\\\/#primaryimage\"},\"thumbnailUrl\":\"https:\\\/\\\/japan-collector.com\\\/wp-content\\\/uploads\\\/2023\\\/10\\\/OP-01_resultat.webp\",\"datePublished\":\"2022-12-17T13:01:49+00:00\",\"dateModified\":\"2023-10-04T15:50:49+00:00\",\"description\":\"Bo\u00eete de 24 boosters japonais de la s\u00e9rie Romance Dawn OP-01 de One Piece en japonais en stock et exp\u00e9di\u00e9 depuis la France\",\"breadcrumb\":{\"@id\":\"https:\\\/\\\/japan-collector.com\\\/product\\\/one-piece-romance-dawn-op-01\\\/#breadcrumb\"},\"inLanguage\":\"it-IT\",\"potentialAction\":[{\"@type\":\"ReadAction\",\"target\":[\"https:\\\/\\\/japan-collector.com\\\/product\\\/one-piece-romance-dawn-op-01\\\/\"]}]},{\"@type\":\"ImageObject\",\"inLanguage\":\"it-IT\",\"@id\":\"https:\\\/\\\/japan-collector.com\\\/product\\\/one-piece-romance-dawn-op-01\\\/#primaryimage\",\"url\":\"https:\\\/\\\/japan-collector.com\\\/wp-content\\\/uploads\\\/2023\\\/10\\\/OP-01_resultat.webp\",\"contentUrl\":\"https:\\\/\\\/japan-collector.com\\\/wp-content\\\/uploads\\\/2023\\\/10\\\/OP-01_resultat.webp\",\"width\":1080,\"height\":1080,\"caption\":\"One piece booster display box japanese one piece OP01\"},{\"@type\":\"BreadcrumbList\",\"@id\":\"https:\\\/\\\/japan-collector.com\\\/product\\\/one-piece-romance-dawn-op-01\\\/#breadcrumb\",\"itemListElement\":[{\"@type\":\"ListItem\",\"position\":1,\"name\":\"Accueil\",\"item\":\"https:\\\/\\\/japan-collector.com\\\/\"},{\"@type\":\"ListItem\",\"position\":2,\"name\":\"Produits\",\"item\":\"https:\\\/\\\/japan-collector.com\\\/shop\\\/\"},{\"@type\":\"ListItem\",\"position\":3,\"name\":\"One Piece Romance Dawn [OP-01]\"}]},{\"@type\":\"WebSite\",\"@id\":\"https:\\\/\\\/japan-collector.com\\\/#website\",\"url\":\"https:\\\/\\\/japan-collector.com\\\/\",\"name\":\"Japan Collector | Boutique Pok\u00e9mon &amp; TCG\",\"description\":\"L&#039;essence du Japon, livr\u00e9e \u00e0 votre porte.\",\"publisher\":{\"@id\":\"https:\\\/\\\/japan-collector.com\\\/#organization\"},\"potentialAction\":[{\"@type\":\"SearchAction\",\"target\":{\"@type\":\"EntryPoint\",\"urlTemplate\":\"https:\\\/\\\/japan-collector.com\\\/?s={search_term_string}\"},\"query-input\":{\"@type\":\"PropertyValueSpecification\",\"valueRequired\":true,\"valueName\":\"search_term_string\"}}],\"inLanguage\":\"it-IT\"},{\"@type\":\"Organization\",\"@id\":\"https:\\\/\\\/japan-collector.com\\\/#organization\",\"name\":\"Japan Collector\",\"url\":\"https:\\\/\\\/japan-collector.com\\\/\",\"logo\":{\"@type\":\"ImageObject\",\"inLanguage\":\"it-IT\",\"@id\":\"https:\\\/\\\/japan-collector.com\\\/#\\\/schema\\\/logo\\\/image\\\/\",\"url\":\"https:\\\/\\\/japan-collector.com\\\/wp-content\\\/uploads\\\/2023\\\/10\\\/Capture_d_ecran_2022-12-19_a_18.32.10-removebg-preview.png\",\"contentUrl\":\"https:\\\/\\\/japan-collector.com\\\/wp-content\\\/uploads\\\/2023\\\/10\\\/Capture_d_ecran_2022-12-19_a_18.32.10-removebg-preview.png\",\"width\":389,\"height\":139,\"caption\":\"Japan Collector\"},\"image\":{\"@id\":\"https:\\\/\\\/japan-collector.com\\\/#\\\/schema\\\/logo\\\/image\\\/\"},\"sameAs\":[\"https:\\\/\\\/www.facebook.com\\\/japan.collector\",\"https:\\\/\\\/www.instagram.com\\\/japan.collector\\\/\"]}]}<\/script>\n<!-- \/ Yoast SEO plugin. -->","yoast_head_json":{"title":"One Piece Romance Dawn [OP-01] - Japan Collector | Boutique Pok\u00e9mon &amp; TCG","description":"Scatola di 24 booster giapponesi della serie Romance Dawn OP-01 di One Piece in giapponese, ora in stock e spediti dalla Francia.","robots":{"index":"index","follow":"follow","max-snippet":"max-snippet:-1","max-image-preview":"max-image-preview:large","max-video-preview":"max-video-preview:-1"},"canonical":"https:\/\/japan-collector.com\/it\/product\/one-piece-romance-dawn-op-01\/","og_locale":"it_IT","og_type":"article","og_title":"One Piece Romance Dawn [OP-01] - Japan Collector | Boutique Pok\u00e9mon &amp; TCG","og_description":"Bo\u00eete de 24 boosters japonais de la s\u00e9rie Romance Dawn OP-01 de One Piece en japonais en stock et exp\u00e9di\u00e9 depuis la France","og_url":"https:\/\/japan-collector.com\/it\/product\/one-piece-romance-dawn-op-01\/","og_site_name":"Japan Collector | Boutique Pok\u00e9mon &amp; TCG","article_publisher":"https:\/\/www.facebook.com\/japan.collector","article_modified_time":"2023-10-04T15:50:49+00:00","og_image":[{"width":592,"height":592,"url":"https:\/\/japan-collector.com\/wp-content\/uploads\/2022\/12\/display-one-piece-booster-box-romance-dawn-op01.webp","type":"image\/webp"}],"twitter_card":"summary_large_image","twitter_misc":{"Tempo di lettura stimato":"1 minuto"},"schema":{"@context":"https:\/\/schema.org","@graph":[{"@type":"WebPage","@id":"https:\/\/japan-collector.com\/product\/one-piece-romance-dawn-op-01\/","url":"https:\/\/japan-collector.com\/product\/one-piece-romance-dawn-op-01\/","name":"One Piece Romance Dawn [OP-01] - Japan Collector | Boutique Pok\u00e9mon &amp; TCG","isPartOf":{"@id":"https:\/\/japan-collector.com\/#website"},"primaryImageOfPage":{"@id":"https:\/\/japan-collector.com\/product\/one-piece-romance-dawn-op-01\/#primaryimage"},"image":{"@id":"https:\/\/japan-collector.com\/product\/one-piece-romance-dawn-op-01\/#primaryimage"},"thumbnailUrl":"https:\/\/japan-collector.com\/wp-content\/uploads\/2023\/10\/OP-01_resultat.webp","datePublished":"2022-12-17T13:01:49+00:00","dateModified":"2023-10-04T15:50:49+00:00","description":"Scatola di 24 booster giapponesi della serie Romance Dawn OP-01 di One Piece in giapponese, ora in stock e spediti dalla Francia.","breadcrumb":{"@id":"https:\/\/japan-collector.com\/product\/one-piece-romance-dawn-op-01\/#breadcrumb"},"inLanguage":"it-IT","potentialAction":[{"@type":"ReadAction","target":["https:\/\/japan-collector.com\/product\/one-piece-romance-dawn-op-01\/"]}]},{"@type":"ImageObject","inLanguage":"it-IT","@id":"https:\/\/japan-collector.com\/product\/one-piece-romance-dawn-op-01\/#primaryimage","url":"https:\/\/japan-collector.com\/wp-content\/uploads\/2023\/10\/OP-01_resultat.webp","contentUrl":"https:\/\/japan-collector.com\/wp-content\/uploads\/2023\/10\/OP-01_resultat.webp","width":1080,"height":1080,"caption":"One piece booster display box japanese one piece OP01"},{"@type":"BreadcrumbList","@id":"https:\/\/japan-collector.com\/product\/one-piece-romance-dawn-op-01\/#breadcrumb","itemListElement":[{"@type":"ListItem","position":1,"name":"Accueil","item":"https:\/\/japan-collector.com\/"},{"@type":"ListItem","position":2,"name":"Produits","item":"https:\/\/japan-collector.com\/shop\/"},{"@type":"ListItem","position":3,"name":"One Piece Romance Dawn [OP-01]"}]},{"@type":"WebSite","@id":"https:\/\/japan-collector.com\/#website","url":"https:\/\/japan-collector.com\/","name":"Negozio di Pok\u00e9mon e TCG da collezione in Giappone","description":"L'essenza del Giappone, consegnata a domicilio.","publisher":{"@id":"https:\/\/japan-collector.com\/#organization"},"potentialAction":[{"@type":"SearchAction","target":{"@type":"EntryPoint","urlTemplate":"https:\/\/japan-collector.com\/?s={search_term_string}"},"query-input":{"@type":"PropertyValueSpecification","valueRequired":true,"valueName":"search_term_string"}}],"inLanguage":"it-IT"},{"@type":"Organization","@id":"https:\/\/japan-collector.com\/#organization","name":"Collezionista Giappone","url":"https:\/\/japan-collector.com\/","logo":{"@type":"ImageObject","inLanguage":"it-IT","@id":"https:\/\/japan-collector.com\/#\/schema\/logo\/image\/","url":"https:\/\/japan-collector.com\/wp-content\/uploads\/2023\/10\/Capture_d_ecran_2022-12-19_a_18.32.10-removebg-preview.png","contentUrl":"https:\/\/japan-collector.com\/wp-content\/uploads\/2023\/10\/Capture_d_ecran_2022-12-19_a_18.32.10-removebg-preview.png","width":389,"height":139,"caption":"Japan Collector"},"image":{"@id":"https:\/\/japan-collector.com\/#\/schema\/logo\/image\/"},"sameAs":["https:\/\/www.facebook.com\/japan.collector","https:\/\/www.instagram.com\/japan.collector\/"]}]}},"jetpack_sharing_enabled":true,"_links":{"self":[{"href":"https:\/\/japan-collector.com\/it\/wp-json\/wp\/v2\/product\/11139","targetHints":{"allow":["GET"]}}],"collection":[{"href":"https:\/\/japan-collector.com\/it\/wp-json\/wp\/v2\/product"}],"about":[{"href":"https:\/\/japan-collector.com\/it\/wp-json\/wp\/v2\/types\/product"}],"wp:featuredmedia":[{"embeddable":true,"href":"https:\/\/japan-collector.com\/it\/wp-json\/wp\/v2\/media\/29419"}],"wp:attachment":[{"href":"https:\/\/japan-collector.com\/it\/wp-json\/wp\/v2\/media?parent=11139"}],"wp:term":[{"taxonomy":"product_brand","embeddable":true,"href":"https:\/\/japan-collector.com\/it\/wp-json\/wp\/v2\/product_brand?post=11139"},{"taxonomy":"product_cat","embeddable":true,"href":"https:\/\/japan-collector.com\/it\/wp-json\/wp\/v2\/product_cat?post=11139"},{"taxonomy":"product_tag","embeddable":true,"href":"https:\/\/japan-collector.com\/it\/wp-json\/wp\/v2\/product_tag?post=11139"}],"curies":[{"name":"wp","href":"https:\/\/api.w.org\/{rel}","templated":true}]}}