{"id":6821,"date":"2022-06-24T14:26:22","date_gmt":"2022-06-24T14:26:22","guid":{"rendered":"https:\/\/japan-collector.com\/?post_type=product&#038;p=6821"},"modified":"2024-10-18T17:59:10","modified_gmt":"2024-10-18T17:59:10","slug":"pokemon-go-card-file-set-special-pikachu","status":"publish","type":"product","link":"https:\/\/japan-collector.com\/it\/product\/pokemon-go-card-file-set-speciale-pikachu\/","title":{"rendered":"Pok\u00e9mon GO Set di carte speciali Pikachu Promo"},"content":{"rendered":"<h2><b>Set di schede di Pok\u00e9mon GO, CON 4 BOOSTER, <\/b><b>CARTA PIKACHU PROMO 272\/S-P\u00a0<\/b><b>E UN PORTAFOGLIO ESCLUSIVO<\/b><\/h2>\n<p>Un magnifico cofanetto con i nuovi booster della serie Pok\u00e9mon GO, accompagnato da una cartella con i colori delle squadre di Pok\u00e9mon GO e da un magnifico Pikachu olografico PROMO!<\/p>\n<h2>Trova gli altri articoli della serie Pok\u00e9mon GO S10b su Japan Collector :<\/h2>\n<p>Offriamo <a href=\"https:\/\/japan-collector.com\/it\/product\/visualizzare-pokemon-go-s10b\/\">Visualizzazioni di Pokemon GO<\/a>\u00a0cos\u00ec come <a href=\"https:\/\/japan-collector.com\/it\/product\/mewtwo-premium-box-set-giapponese-pokemon-go\/\">scatole premium.<\/a><\/p>\n<p>\u00c8 possibile trovare anche il <a href=\"https:\/\/japan-collector.com\/it\/product\/promo-booster-pokemon-go-s10b\/\">booster promozionali<\/a> ha unit\u00e0 e <a href=\"https:\/\/japan-collector.com\/it\/product\/booster-pokemon-go-s10b\/\">Booster della serie Pokemon GO<\/a> spedito dalla Francia rapidamente e senza costi aggiuntivi.<\/p>\n<p>&nbsp;<\/p>","protected":false},"excerpt":{"rendered":"<ul>\n<li>Prodotto in stock. Spedito dalla Francia<\/li>\n<li>Contiene 4 booster di Pok\u00e9mon GO s10b<\/li>\n<li>1 carta promozionale esclusiva Pikachu<\/li>\n<li>1 portafoglio esclusivo<\/li>\n<\/ul>","protected":false},"featured_media":31367,"template":"","meta":[],"product_brand":[],"product_cat":[235],"product_tag":[],"class_list":{"0":"post-6821","1":"product","2":"type-product","3":"status-publish","4":"has-post-thumbnail","6":"product_cat-coffret-carte-pokemon","8":"first","9":"outofstock","10":"taxable","11":"shipping-taxable","12":"purchasable","13":"product-type-simple"},"acf":[],"yoast_head":"<!-- This site is optimized with the Yoast SEO plugin v27.3 - https:\/\/yoast.com\/product\/yoast-seo-wordpress\/ -->\n<title>Pok\u00e9mon GO Card File Set Special Pikachu Promo - Japan Collector | Boutique Pok\u00e9mon &amp; TCG<\/title>\n<meta name=\"description\" content=\"Un magnifique coffret : Pok\u00e9mon GO Card File Set Special avec le magnifique Pikachu Promo et les boosters de la s\u00e9rie Pok\u00e9mon GO s10b\" \/>\n<meta name=\"robots\" content=\"index, follow, max-snippet:-1, max-image-preview:large, max-video-preview:-1\" \/>\n<link rel=\"canonical\" href=\"https:\/\/japan-collector.com\/it\/product\/pokemon-go-card-file-set-speciale-pikachu\/\" \/>\n<meta property=\"og:locale\" content=\"it_IT\" \/>\n<meta property=\"og:type\" content=\"article\" \/>\n<meta property=\"og:title\" content=\"Pok\u00e9mon GO Card File Set Special Pikachu Promo - Japan Collector | Boutique Pok\u00e9mon &amp; TCG\" \/>\n<meta property=\"og:description\" content=\"Un magnifique coffret : Pok\u00e9mon GO Card File Set Special avec le magnifique Pikachu Promo et les boosters de la s\u00e9rie Pok\u00e9mon GO s10b\" \/>\n<meta property=\"og:url\" content=\"https:\/\/japan-collector.com\/it\/product\/pokemon-go-card-file-set-speciale-pikachu\/\" \/>\n<meta property=\"og:site_name\" content=\"Japan Collector | Boutique Pok\u00e9mon &amp; TCG\" \/>\n<meta property=\"article:publisher\" content=\"https:\/\/www.facebook.com\/japan.collector\" \/>\n<meta property=\"article:modified_time\" content=\"2024-10-18T17:59:10+00:00\" \/>\n<meta property=\"og:image\" content=\"https:\/\/japan-collector.com\/wp-content\/uploads\/2022\/06\/accesoires-_2_.webp\" \/>\n\t<meta property=\"og:image:width\" content=\"1080\" \/>\n\t<meta property=\"og:image:height\" content=\"1080\" \/>\n\t<meta property=\"og:image:type\" content=\"image\/webp\" \/>\n<meta name=\"twitter:card\" content=\"summary_large_image\" \/>\n<meta name=\"twitter:label1\" content=\"Tempo di lettura stimato\" \/>\n\t<meta name=\"twitter:data1\" content=\"1 minuto\" \/>\n<script type=\"application\/ld+json\" class=\"yoast-schema-graph\">{\"@context\":\"https:\\\/\\\/schema.org\",\"@graph\":[{\"@type\":\"WebPage\",\"@id\":\"https:\\\/\\\/japan-collector.com\\\/product\\\/pokemon-go-card-file-set-special-pikachu\\\/\",\"url\":\"https:\\\/\\\/japan-collector.com\\\/product\\\/pokemon-go-card-file-set-special-pikachu\\\/\",\"name\":\"Pok\u00e9mon GO Card File Set Special Pikachu Promo - Japan Collector | Boutique Pok\u00e9mon &amp; TCG\",\"isPartOf\":{\"@id\":\"https:\\\/\\\/japan-collector.com\\\/#website\"},\"primaryImageOfPage\":{\"@id\":\"https:\\\/\\\/japan-collector.com\\\/product\\\/pokemon-go-card-file-set-special-pikachu\\\/#primaryimage\"},\"image\":{\"@id\":\"https:\\\/\\\/japan-collector.com\\\/product\\\/pokemon-go-card-file-set-special-pikachu\\\/#primaryimage\"},\"thumbnailUrl\":\"https:\\\/\\\/japan-collector.com\\\/wp-content\\\/uploads\\\/2022\\\/06\\\/accesoires-_2_.webp\",\"datePublished\":\"2022-06-24T14:26:22+00:00\",\"dateModified\":\"2024-10-18T17:59:10+00:00\",\"description\":\"Un magnifique coffret : Pok\u00e9mon GO Card File Set Special avec le magnifique Pikachu Promo et les boosters de la s\u00e9rie Pok\u00e9mon GO s10b\",\"breadcrumb\":{\"@id\":\"https:\\\/\\\/japan-collector.com\\\/product\\\/pokemon-go-card-file-set-special-pikachu\\\/#breadcrumb\"},\"inLanguage\":\"it-IT\",\"potentialAction\":[{\"@type\":\"ReadAction\",\"target\":[\"https:\\\/\\\/japan-collector.com\\\/product\\\/pokemon-go-card-file-set-special-pikachu\\\/\"]}]},{\"@type\":\"ImageObject\",\"inLanguage\":\"it-IT\",\"@id\":\"https:\\\/\\\/japan-collector.com\\\/product\\\/pokemon-go-card-file-set-special-pikachu\\\/#primaryimage\",\"url\":\"https:\\\/\\\/japan-collector.com\\\/wp-content\\\/uploads\\\/2022\\\/06\\\/accesoires-_2_.webp\",\"contentUrl\":\"https:\\\/\\\/japan-collector.com\\\/wp-content\\\/uploads\\\/2022\\\/06\\\/accesoires-_2_.webp\",\"width\":1080,\"height\":1080},{\"@type\":\"BreadcrumbList\",\"@id\":\"https:\\\/\\\/japan-collector.com\\\/product\\\/pokemon-go-card-file-set-special-pikachu\\\/#breadcrumb\",\"itemListElement\":[{\"@type\":\"ListItem\",\"position\":1,\"name\":\"Accueil\",\"item\":\"https:\\\/\\\/japan-collector.com\\\/\"},{\"@type\":\"ListItem\",\"position\":2,\"name\":\"Produits\",\"item\":\"https:\\\/\\\/japan-collector.com\\\/shop\\\/\"},{\"@type\":\"ListItem\",\"position\":3,\"name\":\"Pok\u00e9mon GO Card File Set Special Pikachu Promo\"}]},{\"@type\":\"WebSite\",\"@id\":\"https:\\\/\\\/japan-collector.com\\\/#website\",\"url\":\"https:\\\/\\\/japan-collector.com\\\/\",\"name\":\"Japan Collector | Boutique Pok\u00e9mon &amp; TCG\",\"description\":\"L&#039;essence du Japon, livr\u00e9e \u00e0 votre porte.\",\"publisher\":{\"@id\":\"https:\\\/\\\/japan-collector.com\\\/#organization\"},\"potentialAction\":[{\"@type\":\"SearchAction\",\"target\":{\"@type\":\"EntryPoint\",\"urlTemplate\":\"https:\\\/\\\/japan-collector.com\\\/?s={search_term_string}\"},\"query-input\":{\"@type\":\"PropertyValueSpecification\",\"valueRequired\":true,\"valueName\":\"search_term_string\"}}],\"inLanguage\":\"it-IT\"},{\"@type\":\"Organization\",\"@id\":\"https:\\\/\\\/japan-collector.com\\\/#organization\",\"name\":\"Japan Collector\",\"url\":\"https:\\\/\\\/japan-collector.com\\\/\",\"logo\":{\"@type\":\"ImageObject\",\"inLanguage\":\"it-IT\",\"@id\":\"https:\\\/\\\/japan-collector.com\\\/#\\\/schema\\\/logo\\\/image\\\/\",\"url\":\"https:\\\/\\\/japan-collector.com\\\/wp-content\\\/uploads\\\/2023\\\/10\\\/Capture_d_ecran_2022-12-19_a_18.32.10-removebg-preview.png\",\"contentUrl\":\"https:\\\/\\\/japan-collector.com\\\/wp-content\\\/uploads\\\/2023\\\/10\\\/Capture_d_ecran_2022-12-19_a_18.32.10-removebg-preview.png\",\"width\":389,\"height\":139,\"caption\":\"Japan Collector\"},\"image\":{\"@id\":\"https:\\\/\\\/japan-collector.com\\\/#\\\/schema\\\/logo\\\/image\\\/\"},\"sameAs\":[\"https:\\\/\\\/www.facebook.com\\\/japan.collector\",\"https:\\\/\\\/www.instagram.com\\\/japan.collector\\\/\"]}]}<\/script>\n<!-- \/ Yoast SEO plugin. -->","yoast_head_json":{"title":"Pok\u00e9mon GO Card File Set Speciale Pikachu Promo - Collezionista Giappone | Negozio Pok\u00e9mon &amp; TCG","description":"Un magnifico cofanetto: Pok\u00e9mon GO Card File Set Speciale con il magnifico Pikachu Promo e i booster di Pok\u00e9mon GO s10b","robots":{"index":"index","follow":"follow","max-snippet":"max-snippet:-1","max-image-preview":"max-image-preview:large","max-video-preview":"max-video-preview:-1"},"canonical":"https:\/\/japan-collector.com\/it\/product\/pokemon-go-card-file-set-speciale-pikachu\/","og_locale":"it_IT","og_type":"article","og_title":"Pok\u00e9mon GO Card File Set Special Pikachu Promo - Japan Collector | Boutique Pok\u00e9mon &amp; TCG","og_description":"Un magnifique coffret : Pok\u00e9mon GO Card File Set Special avec le magnifique Pikachu Promo et les boosters de la s\u00e9rie Pok\u00e9mon GO s10b","og_url":"https:\/\/japan-collector.com\/it\/product\/pokemon-go-card-file-set-speciale-pikachu\/","og_site_name":"Japan Collector | Boutique Pok\u00e9mon &amp; TCG","article_publisher":"https:\/\/www.facebook.com\/japan.collector","article_modified_time":"2024-10-18T17:59:10+00:00","og_image":[{"width":1080,"height":1080,"url":"https:\/\/japan-collector.com\/wp-content\/uploads\/2022\/06\/accesoires-_2_.webp","type":"image\/webp"}],"twitter_card":"summary_large_image","twitter_misc":{"Tempo di lettura stimato":"1 minuto"},"schema":{"@context":"https:\/\/schema.org","@graph":[{"@type":"WebPage","@id":"https:\/\/japan-collector.com\/product\/pokemon-go-card-file-set-special-pikachu\/","url":"https:\/\/japan-collector.com\/product\/pokemon-go-card-file-set-special-pikachu\/","name":"Pok\u00e9mon GO Card File Set Speciale Pikachu Promo - Collezionista Giappone | Negozio Pok\u00e9mon &amp; TCG","isPartOf":{"@id":"https:\/\/japan-collector.com\/#website"},"primaryImageOfPage":{"@id":"https:\/\/japan-collector.com\/product\/pokemon-go-card-file-set-special-pikachu\/#primaryimage"},"image":{"@id":"https:\/\/japan-collector.com\/product\/pokemon-go-card-file-set-special-pikachu\/#primaryimage"},"thumbnailUrl":"https:\/\/japan-collector.com\/wp-content\/uploads\/2022\/06\/accesoires-_2_.webp","datePublished":"2022-06-24T14:26:22+00:00","dateModified":"2024-10-18T17:59:10+00:00","description":"Un magnifico cofanetto: Pok\u00e9mon GO Card File Set Speciale con il magnifico Pikachu Promo e i booster di Pok\u00e9mon GO s10b","breadcrumb":{"@id":"https:\/\/japan-collector.com\/product\/pokemon-go-card-file-set-special-pikachu\/#breadcrumb"},"inLanguage":"it-IT","potentialAction":[{"@type":"ReadAction","target":["https:\/\/japan-collector.com\/product\/pokemon-go-card-file-set-special-pikachu\/"]}]},{"@type":"ImageObject","inLanguage":"it-IT","@id":"https:\/\/japan-collector.com\/product\/pokemon-go-card-file-set-special-pikachu\/#primaryimage","url":"https:\/\/japan-collector.com\/wp-content\/uploads\/2022\/06\/accesoires-_2_.webp","contentUrl":"https:\/\/japan-collector.com\/wp-content\/uploads\/2022\/06\/accesoires-_2_.webp","width":1080,"height":1080},{"@type":"BreadcrumbList","@id":"https:\/\/japan-collector.com\/product\/pokemon-go-card-file-set-special-pikachu\/#breadcrumb","itemListElement":[{"@type":"ListItem","position":1,"name":"Accueil","item":"https:\/\/japan-collector.com\/"},{"@type":"ListItem","position":2,"name":"Produits","item":"https:\/\/japan-collector.com\/shop\/"},{"@type":"ListItem","position":3,"name":"Pok\u00e9mon GO Card File Set Special Pikachu Promo"}]},{"@type":"WebSite","@id":"https:\/\/japan-collector.com\/#website","url":"https:\/\/japan-collector.com\/","name":"Negozio di Pok\u00e9mon e TCG da collezione in Giappone","description":"L'essenza del Giappone, consegnata a domicilio.","publisher":{"@id":"https:\/\/japan-collector.com\/#organization"},"potentialAction":[{"@type":"SearchAction","target":{"@type":"EntryPoint","urlTemplate":"https:\/\/japan-collector.com\/?s={search_term_string}"},"query-input":{"@type":"PropertyValueSpecification","valueRequired":true,"valueName":"search_term_string"}}],"inLanguage":"it-IT"},{"@type":"Organization","@id":"https:\/\/japan-collector.com\/#organization","name":"Collezionista Giappone","url":"https:\/\/japan-collector.com\/","logo":{"@type":"ImageObject","inLanguage":"it-IT","@id":"https:\/\/japan-collector.com\/#\/schema\/logo\/image\/","url":"https:\/\/japan-collector.com\/wp-content\/uploads\/2023\/10\/Capture_d_ecran_2022-12-19_a_18.32.10-removebg-preview.png","contentUrl":"https:\/\/japan-collector.com\/wp-content\/uploads\/2023\/10\/Capture_d_ecran_2022-12-19_a_18.32.10-removebg-preview.png","width":389,"height":139,"caption":"Japan Collector"},"image":{"@id":"https:\/\/japan-collector.com\/#\/schema\/logo\/image\/"},"sameAs":["https:\/\/www.facebook.com\/japan.collector","https:\/\/www.instagram.com\/japan.collector\/"]}]}},"jetpack_sharing_enabled":true,"_links":{"self":[{"href":"https:\/\/japan-collector.com\/it\/wp-json\/wp\/v2\/product\/6821","targetHints":{"allow":["GET"]}}],"collection":[{"href":"https:\/\/japan-collector.com\/it\/wp-json\/wp\/v2\/product"}],"about":[{"href":"https:\/\/japan-collector.com\/it\/wp-json\/wp\/v2\/types\/product"}],"wp:featuredmedia":[{"embeddable":true,"href":"https:\/\/japan-collector.com\/it\/wp-json\/wp\/v2\/media\/31367"}],"wp:attachment":[{"href":"https:\/\/japan-collector.com\/it\/wp-json\/wp\/v2\/media?parent=6821"}],"wp:term":[{"taxonomy":"product_brand","embeddable":true,"href":"https:\/\/japan-collector.com\/it\/wp-json\/wp\/v2\/product_brand?post=6821"},{"taxonomy":"product_cat","embeddable":true,"href":"https:\/\/japan-collector.com\/it\/wp-json\/wp\/v2\/product_cat?post=6821"},{"taxonomy":"product_tag","embeddable":true,"href":"https:\/\/japan-collector.com\/it\/wp-json\/wp\/v2\/product_tag?post=6821"}],"curies":[{"name":"wp","href":"https:\/\/api.w.org\/{rel}","templated":true}]}}